{"id":100,"date":"2020-11-13T16:35:18","date_gmt":"2020-11-13T14:35:18","guid":{"rendered":"http:\/\/localhost\/verneri\/selko-dev\/hyvinvointi\/ihmissuhteet\/puhutaan-yksinaisyydesta\/"},"modified":"2025-09-18T14:46:13","modified_gmt":"2025-09-18T11:46:13","slug":"puhutaan-yksinaisyydesta","status":"publish","type":"page","link":"https:\/\/verneri.net\/selko\/hyvinvointi\/ihmissuhteet\/puhutaan-yksinaisyydesta\/","title":{"rendered":"Puhutaan yksin\u00e4isyydest\u00e4"},"content":{"rendered":"<p>Yksin\u00e4isyys satuttaa.<\/p>\n<p>Yksin\u00e4isyys on eri asia kuin yksin oleminen. Itsens\u00e4 voi kokea yksin\u00e4iseksi, vaikka ymp\u00e4rill\u00e4 olisi ihmisi\u00e4. Toisaalta itse valittu yksinoleminen voi olla virkist\u00e4v\u00e4\u00e4.<\/p>\n<p>Yksin\u00e4isyyteen voi olla monia syit\u00e4:<\/p>\n<ul>\n<li>Joku voi kokea, ett\u00e4 muut eiv\u00e4t kuuntele tai ymm\u00e4rr\u00e4.<\/li>\n<li>Uusiin ihmisiin tutustuminen voi j\u00e4nnitt\u00e4\u00e4.<\/li>\n<li>Muihin voi olla vaikea luottaa, jos on joutunut kiusatuksi.<\/li>\n<li>My\u00f6s rahan puute ja riitt\u00e4m\u00e4t\u00f6n tuki voivat aiheuttaa yksin\u00e4isyytt\u00e4.<\/li>\n<\/ul>\n<h2>Yksin\u00e4isyyteen saa apua<\/h2>\n<p>Yksin\u00e4isyys on yleist\u00e4. Suurin osa ihmisist\u00e4 on kokenut yksin\u00e4isyytt\u00e4.<\/p>\n<p>Yksin\u00e4isyydest\u00e4 kannattaa puhua, koska yksin\u00e4isyyteen saa apua.<\/p>\n<p>Porukoissa-hankkeen sarjakuvissa on vinkkej\u00e4 yksin\u00e4isyyden v\u00e4hent\u00e4miseen. Voit lukea sarjakuvia yksin tai yhdess\u00e4 vaikkapa l\u00e4heisen tai ohjaajan kanssa.<\/p>\n<h3>Oma koti tukiasumisessa<\/h3>\n<p>&#8221;Omassa kodissa ei tarvitse olla yksin\u00e4inen&#8221;<\/p>\n<p><img loading=\"lazy\" decoding=\"async\" class=\"alignnone wp-image-14770 size-full\" src=\"https:\/\/verneri.net\/selko\/wp-content\/uploads\/sites\/2\/2025\/03\/porukoissa-sarjakuva-01.png\" alt=\"Omaan kotiin voi kutsua kavereita. Omassa kodissa voi asua my\u00f6s yst\u00e4v\u00e4n tai kumppanin kanssa.\" width=\"800\" height=\"1032\" srcset=\"https:\/\/verneri.net\/selko\/wp-content\/uploads\/sites\/2\/2025\/03\/porukoissa-sarjakuva-01.png 800w, https:\/\/verneri.net\/selko\/wp-content\/uploads\/sites\/2\/2025\/03\/porukoissa-sarjakuva-01-233x300.png 233w, https:\/\/verneri.net\/selko\/wp-content\/uploads\/sites\/2\/2025\/03\/porukoissa-sarjakuva-01-768x991.png 768w, https:\/\/verneri.net\/selko\/wp-content\/uploads\/sites\/2\/2025\/03\/porukoissa-sarjakuva-01-794x1024.png 794w\" sizes=\"(max-width: 800px) 100vw, 800px\" \/><\/p>\n<h3>Kaukana asuvat yst\u00e4v\u00e4t<\/h3>\n<p>&#8221;N\u00e4hd\u00e4\u00e4n netiss\u00e4&#8221;<\/p>\n<p><img loading=\"lazy\" decoding=\"async\" class=\"alignnone wp-image-14769 size-full\" src=\"https:\/\/verneri.net\/selko\/wp-content\/uploads\/sites\/2\/2025\/03\/porukoissa-sarjakuva-02.png\" alt=\"Kavereihin voi pit\u00e4\u00e4 yhteytt\u00e4 my\u00f6s netiss\u00e4 esimerkiksi videopuheluilla.\" width=\"800\" height=\"1032\" \/><\/p>\n<h3>Vertaisuus ja vertaistuki<\/h3>\n<p>&#8221;Tied\u00e4n milt\u00e4 susta tuntuu&#8221;<\/p>\n<p><img loading=\"lazy\" decoding=\"async\" class=\"alignnone wp-image-14768 size-full\" src=\"https:\/\/verneri.net\/selko\/wp-content\/uploads\/sites\/2\/2025\/03\/porukoissa-sarjakuva-03.png\" alt=\"Yksin\u00e4isyydest\u00e4 kannattaa puhua. Tutustumiseen saa apua muilta ihmisilt\u00e4.\" width=\"800\" height=\"1032\" \/><\/p>\n<h3>Vapaa-aika ja raha<\/h3>\n<p>&#8221;Mulla ei oo koskaan rahaa&#8221;<\/p>\n<p><img loading=\"lazy\" decoding=\"async\" class=\"alignnone wp-image-14766 size-full\" src=\"https:\/\/verneri.net\/selko\/wp-content\/uploads\/sites\/2\/2025\/03\/porukoissa-sarjakuva-05.png\" alt=\"Rahank\u00e4yt\u00f6n suunnitteluun kannattaa pyyt\u00e4\u00e4 apua. Silloin raha riitt\u00e4\u00e4 my\u00f6s vapaa-aikaan.\" width=\"800\" height=\"1032\" \/><\/p>\n<h3>Syrjint\u00e4 ja h\u00e4irint\u00e4<\/h3>\n<p>Keinoja kiusaamistilanteisiin<\/p>\n<p><img loading=\"lazy\" decoding=\"async\" class=\"alignnone wp-image-14765 size-full\" src=\"https:\/\/verneri.net\/selko\/wp-content\/uploads\/sites\/2\/2025\/03\/porukoissa-sarjakuva-06.png\" alt=\"Kiusaamisesta kannattaa puhua. Siihen saa apua.\" width=\"800\" height=\"1032\" \/><\/p>\n<h3>Itsetunto<\/h3>\n<p>&#8221;Me vaan ollaan niin rohkeita&#8221;<\/p>\n<p><img loading=\"lazy\" decoding=\"async\" class=\"alignnone wp-image-14767 size-full\" src=\"https:\/\/verneri.net\/selko\/wp-content\/uploads\/sites\/2\/2025\/03\/porukoissa-sarjakuva-04.png\" alt=\"Ihmisiin tutustumista voi harjoitella yhdess\u00e4 vaikkapa kaverin kanssa.\" width=\"800\" height=\"1032\" \/><\/p>\n","protected":false},"excerpt":{"rendered":"<p>Yksin\u00e4isyys satuttaa. Yksin\u00e4isyys on eri asia kuin yksin oleminen. Itsens\u00e4 voi kokea yksin\u00e4iseksi, vaikka ymp\u00e4rill\u00e4 olisi ihmisi\u00e4. Toisaalta itse valittu [&hellip;]<\/p>\n","protected":false},"author":1,"featured_media":16991,"parent":17,"menu_order":83,"comment_status":"closed","ping_status":"closed","template":"","meta":{"_acf_changed":false,"footnotes":""},"class_list":["post-100","page","type-page","status-publish","has-post-thumbnail","hentry"],"acf":[],"_links":{"self":[{"href":"https:\/\/verneri.net\/selko\/wp-json\/wp\/v2\/pages\/100","targetHints":{"allow":["GET"]}}],"collection":[{"href":"https:\/\/verneri.net\/selko\/wp-json\/wp\/v2\/pages"}],"about":[{"href":"https:\/\/verneri.net\/selko\/wp-json\/wp\/v2\/types\/page"}],"author":[{"embeddable":true,"href":"https:\/\/verneri.net\/selko\/wp-json\/wp\/v2\/users\/1"}],"replies":[{"embeddable":true,"href":"https:\/\/verneri.net\/selko\/wp-json\/wp\/v2\/comments?post=100"}],"version-history":[{"count":0,"href":"https:\/\/verneri.net\/selko\/wp-json\/wp\/v2\/pages\/100\/revisions"}],"up":[{"embeddable":true,"href":"https:\/\/verneri.net\/selko\/wp-json\/wp\/v2\/pages\/17"}],"wp:featuredmedia":[{"embeddable":true,"href":"https:\/\/verneri.net\/selko\/wp-json\/wp\/v2\/media\/16991"}],"wp:attachment":[{"href":"https:\/\/verneri.net\/selko\/wp-json\/wp\/v2\/media?parent=100"}],"curies":[{"name":"wp","href":"https:\/\/api.w.org\/{rel}","templated":true}]}}