{"id":103,"date":"2021-01-11T15:31:48","date_gmt":"2021-01-11T13:31:48","guid":{"rendered":"http:\/\/localhost\/verneri\/selko-dev\/hyvinvointi\/ihmissuhteet\/nain-tutustut-ihmisiin-2\/"},"modified":"2026-01-24T11:35:10","modified_gmt":"2026-01-24T09:35:10","slug":"vinkit-tutustumiseen","status":"publish","type":"page","link":"https:\/\/verneri.net\/selko\/hyvinvointi\/ihmissuhteet\/vinkit-tutustumiseen\/","title":{"rendered":"Vinkit tutustumiseen"},"content":{"rendered":"<p>T\u00e4lt\u00e4 sivulta saat tietoa yksin\u00e4isyydest\u00e4 ja vinkkej\u00e4 siihen, miten ihmisiin voi tutustua.<\/p>\n<h2>Yksin\u00e4isyys on yleist\u00e4<\/h2>\n<p>Monet ihmiset tuntevat, ett\u00e4 he ovat yksin\u00e4isi\u00e4. Yksin\u00e4inen voi olla monella tavalla.<\/p>\n<p>Joku voi olla t\u00e4ysin yksin. H\u00e4nell\u00e4 ei ole ket\u00e4\u00e4n, jonka kanssa voisi jutella tai tehd\u00e4 asioita yhdess\u00e4. Tuntuu, ettei ket\u00e4\u00e4n kiinnosta eik\u00e4 kukaan v\u00e4lit\u00e4.<\/p>\n<p>Joku toinen voi olla yksin\u00e4inen, vaikka ymp\u00e4rill\u00e4 olisi paljon ihmisi\u00e4. Tuntuu kuitenkin silt\u00e4, ett\u00e4 on syrj\u00e4ss\u00e4 ja ulkopuolinen.<\/p>\n<p>Usein ihminen kuitenkin haluaa tuntea, ett\u00e4 on osa porukkaa.<\/p>\n<p>My\u00f6s parisuhteessa voi olla yksin\u00e4inen. Jos suhteessa ei ole l\u00e4heisyytt\u00e4, yst\u00e4vyytt\u00e4 ja rakkautta, olo on yksin\u00e4inen.<\/p>\n<p>Kukaan toinen ei voi sanoa, onko joku yksin\u00e4inen vai ei. Siksi on t\u00e4rke\u00e4\u00e4 kuunnella, mit\u00e4 ihminen itse kertoo el\u00e4m\u00e4st\u00e4\u00e4n ja tunteistaan.<\/p>\n<h2>Kavereita saa l\u00e4hestym\u00e4ll\u00e4 muita<\/h2>\n<p>Kavereita voi saada, kun l\u00e4hestyy muita ihmisi\u00e4.<\/p>\n<p>L\u00e4hestyminen tarkoittaa sit\u00e4, ett\u00e4 n\u00e4yt\u00e4t toiselle ihmiselle, ett\u00e4 olet kiinnostunut h\u00e4nest\u00e4. Voit esimerkiksi kertoa, ett\u00e4 haluat tutustua paremmin.<\/p>\n<p>My\u00f6s sinua voidaan l\u00e4hesty\u00e4. L\u00e4hestymist\u00e4 voi olla esimerkiksi katse, hymy tai juttelu jostakin asiasta.<\/p>\n<h2>Miten voi tutustua toisiin ihmisiin?<\/h2>\n<p>Leija-lehti kysyi ihmisilt\u00e4, miten voi tutustua muihin ihmisiin.<\/p>\n<p>T\u00e4ss\u00e4 on heid\u00e4n ehdotuksiaan.<\/p>\n<h3>Mene juttelemaan<\/h3>\n<p>Jos n\u00e4et, ett\u00e4 joku on yksin, mene juttelemaan h\u00e4nelle. N\u00e4in voitte saada kaverin toinen toisestanne.<\/p>\n<h3>Osallistu harrastukseen<\/h3>\n<p>Osallistu johonkin harrastukseen, jossa on muitakin ihmisi\u00e4.<\/p>\n<p>My\u00f6s kerhoissa ja yhdistyksiss\u00e4 tapaa muita ihmisi\u00e4.<\/p>\n<p>Pyyd\u00e4 esimerkiksi ohjaajalta, ett\u00e4 selvit\u00e4tte yhdess\u00e4, millaisiin harrastuksiin, kerhoihin tai yhdistyksiin voit osallistua.<\/p>\n<h3>Vastaa kirjeenvaihtoilmoituksiin<\/h3>\n<p>Vastaa kirjeenvaihtoilmoituksiin tai kaveripalstojen ilmoituksiin.<\/p>\n<p>Kirjeenvaihtoilmoituksia Vernerin selkosivuilla.<\/p>\n<p><a href=\"https:\/\/verneri.net\/selko\/kirjeenvaihto\/\">P\u00e4\u00e4set kirjeenvaihtopalstalle t\u00e4st\u00e4 linkist\u00e4<\/a><\/p>\n<p>Tutustukaa kirjeenvaihtokaverin kanssa rauhassa toisiinne. Voitte ensin kirjoitella ja soitella. Sitten voitte sopia tapaamisen esimerkiksi kahvilaan tai johonkin tapahtumaan.<\/p>\n<h3>Puhu yksin\u00e4isyydest\u00e4<\/h3>\n<p>Jos yksin\u00e4isyys on tuskallista, mene juttelemaan siit\u00e4 esimerkiksi psykologille. Miettik\u00e4\u00e4 yhdess\u00e4 keinoja, miten voit tutustua ihmisiin.<\/p>\n<p>Psykologeja on esimerkiksi terveyskeskuksissa.<\/p>\n<h3>Selvitt\u00e4k\u00e4\u00e4 riidat<\/h3>\n<p>Kaikissa ihmissuhteissa on ongelmia. Selvitt\u00e4k\u00e4\u00e4 ongelmat yhdess\u00e4 heti, kun niit\u00e4 tulee. Silloin ne eiv\u00e4t ala erottaa teit\u00e4.<\/p>\n<h3>Anna itsellesi aikaa<\/h3>\n<p>Anna itsellesi aikaa. Tutustu toiseen pikku hiljaa. Silloin sinulla on aikaa voittaa ujoutesi ja rentoutua.<\/p>\n<p>Luottamus syntyy, kun toiseen tutustuu tarpeeksi hyvin.<\/p>\n<h3>Anna tilaa<\/h3>\n<p>Kun l\u00e4hestyt toista ihmist\u00e4, \u00e4l\u00e4 mene liian l\u00e4helle h\u00e4nt\u00e4.<\/p>\n<p>Yleens\u00e4 ihmisen oma tila on noin k\u00e4sivarren mitta.<\/p>\n<p>Jos menet l\u00e4hemm\u00e4s, se voi tuntua toisesta kiusalliselta eik\u00e4 h\u00e4n ehk\u00e4 halua jutella kanssasi.<\/p>\n<h3>Puhu tunteistasi<\/h3>\n<p>Jos sinua on kiusattu koulussa, saatat arastella muita ihmisi\u00e4 viel\u00e4 aikuisenakin.<\/p>\n<p>Jos mahdollista, puhu arkuudesta jollekin luotettavalle ihmiselle. Ehdota h\u00e4nelle, ett\u00e4 menette aluksi yhdess\u00e4 sellaisiin tilaisuuksiin ja paikkoihin, joissa on muita ihmisi\u00e4.<\/p>\n<p>Voit totutella toisten l\u00e4sn\u00e4oloon turvallisesti ja rauhassa.<\/p>\n<h3>Kerro kiusaamisesta<\/h3>\n<p>Jos sinua kiusataan, kerro siit\u00e4 niille ihmisille, joihin luotat. He auttavat sinua selviytym\u00e4\u00e4n.<\/p>\n<h3>Suojele rajojasi<\/h3>\n<p>Jos joku tulee sinua liian l\u00e4helle tai puhuu sopimattomia, pyyd\u00e4 h\u00e4nt\u00e4 poistumaan.<\/p>\n<p>Sinulla on oikeus pit\u00e4\u00e4 rajasi ja suojella itse\u00e4si.<\/p>\n<h3>Osallistu vapaaehtoisty\u00f6h\u00f6n<\/h3>\n<p>Mene mukaan vapaaehtoisty\u00f6h\u00f6n.<\/p>\n<p>Esimerkiksi Suomen Punainen Risti kouluttaa vapaaehtoisia yst\u00e4vi\u00e4. Voit menn\u00e4 kurssille ja alkaa itse yst\u00e4v\u00e4ksi jollekin yksin\u00e4iselle ihmiselle.<\/p>\n<p><a href=\"https:\/\/verneri.net\/selko\/hyvinvointi\/vapaa-aika\/tee-vapaaehtoistyota\/\">Lue tuetusta vapaaehtoisty\u00f6st\u00e4 selkokielell\u00e4<\/a><\/p>\n<p><strong>Teksti:<\/strong> Tuula Puranen, 2018<\/p>\n<p>Juttu on julkaistu alun perin Leija-lehdess\u00e4.<\/p>\n<p><strong>Lis\u00e4tietoa:<\/strong><\/p>\n<ul>\n<li><a href=\"https:\/\/www.tukiliitto.fi\/toiminta\/yhdenvertainen-kaveritoiminta\/\" target=\"_blank\" rel=\"noopener\">Yhdenvertainen kaveritoiminta<\/a> (tukiliitto.fi)<\/li>\n<li><a href=\"https:\/\/www.punainenristi.fi\/hae-apua-ja-tukea\/apua-yksinaisyyteen\/\" target=\"_blank\" rel=\"noopener\">Apua yksin\u00e4isyyteen<\/a> (punainenristi.fi)<\/li>\n<li><a href=\"https:\/\/tukena.fi\/wp-content\/uploads\/2024\/02\/YSTAVYYTTA_OPPIMASSA_tyokirja.pdf\" target=\"_blank\" rel=\"noopener\">Ty\u00f6kirja: Yst\u00e4vyytt\u00e4 oppimassa<\/a> (kvps.fi)<\/li>\n<\/ul>\n","protected":false},"excerpt":{"rendered":"<p>T\u00e4lt\u00e4 sivulta saat tietoa yksin\u00e4isyydest\u00e4 ja vinkkej\u00e4 siihen, miten ihmisiin voi tutustua. Yksin\u00e4isyys on yleist\u00e4 Monet ihmiset tuntevat, ett\u00e4 he [&hellip;]<\/p>\n","protected":false},"author":1,"featured_media":16940,"parent":17,"menu_order":84,"comment_status":"closed","ping_status":"closed","template":"","meta":{"_acf_changed":false,"footnotes":""},"class_list":["post-103","page","type-page","status-publish","has-post-thumbnail","hentry"],"acf":[],"_links":{"self":[{"href":"https:\/\/verneri.net\/selko\/wp-json\/wp\/v2\/pages\/103","targetHints":{"allow":["GET"]}}],"collection":[{"href":"https:\/\/verneri.net\/selko\/wp-json\/wp\/v2\/pages"}],"about":[{"href":"https:\/\/verneri.net\/selko\/wp-json\/wp\/v2\/types\/page"}],"author":[{"embeddable":true,"href":"https:\/\/verneri.net\/selko\/wp-json\/wp\/v2\/users\/1"}],"replies":[{"embeddable":true,"href":"https:\/\/verneri.net\/selko\/wp-json\/wp\/v2\/comments?post=103"}],"version-history":[{"count":0,"href":"https:\/\/verneri.net\/selko\/wp-json\/wp\/v2\/pages\/103\/revisions"}],"up":[{"embeddable":true,"href":"https:\/\/verneri.net\/selko\/wp-json\/wp\/v2\/pages\/17"}],"wp:featuredmedia":[{"embeddable":true,"href":"https:\/\/verneri.net\/selko\/wp-json\/wp\/v2\/media\/16940"}],"wp:attachment":[{"href":"https:\/\/verneri.net\/selko\/wp-json\/wp\/v2\/media?parent=103"}],"curies":[{"name":"wp","href":"https:\/\/api.w.org\/{rel}","templated":true}]}}