{"id":11,"date":"2024-11-26T13:55:14","date_gmt":"2024-11-26T11:55:14","guid":{"rendered":"http:\/\/localhost\/verneri\/selko-dev\/neuvonta\/kysy-kertulta\/"},"modified":"2025-10-23T11:11:33","modified_gmt":"2025-10-23T08:11:33","slug":"verkko-kerttu","status":"publish","type":"page","link":"https:\/\/verneri.net\/selko\/verkko-kerttu\/","title":{"rendered":"Verkko-Kerttu"},"content":{"rendered":"<p>Verkko-Kertun neuvonta on tarkoitettu nuorille ja aikuisille, jotka tarvitsevat tukea ymm\u00e4rt\u00e4misess\u00e4.<\/p>\n","protected":false},"excerpt":{"rendered":"<p>Verkko-Kertun neuvonta on tarkoitettu nuorille ja aikuisille, jotka tarvitsevat tukea ymm\u00e4rt\u00e4misess\u00e4.<\/p>\n","protected":false},"author":1,"featured_media":16951,"parent":0,"menu_order":101,"comment_status":"closed","ping_status":"closed","template":"page-osiosivu-verkko-kerttu.php","meta":{"_acf_changed":false,"footnotes":""},"class_list":["post-11","page","type-page","status-publish","has-post-thumbnail","hentry"],"acf":[],"_links":{"self":[{"href":"https:\/\/verneri.net\/selko\/wp-json\/wp\/v2\/pages\/11","targetHints":{"allow":["GET"]}}],"collection":[{"href":"https:\/\/verneri.net\/selko\/wp-json\/wp\/v2\/pages"}],"about":[{"href":"https:\/\/verneri.net\/selko\/wp-json\/wp\/v2\/types\/page"}],"author":[{"embeddable":true,"href":"https:\/\/verneri.net\/selko\/wp-json\/wp\/v2\/users\/1"}],"replies":[{"embeddable":true,"href":"https:\/\/verneri.net\/selko\/wp-json\/wp\/v2\/comments?post=11"}],"version-history":[{"count":0,"href":"https:\/\/verneri.net\/selko\/wp-json\/wp\/v2\/pages\/11\/revisions"}],"wp:featuredmedia":[{"embeddable":true,"href":"https:\/\/verneri.net\/selko\/wp-json\/wp\/v2\/media\/16951"}],"wp:attachment":[{"href":"https:\/\/verneri.net\/selko\/wp-json\/wp\/v2\/media?parent=11"}],"curies":[{"name":"wp","href":"https:\/\/api.w.org\/{rel}","templated":true}]}}