{"id":12,"date":"2024-11-26T13:55:14","date_gmt":"2024-11-26T11:55:14","guid":{"rendered":"http:\/\/localhost\/verneri\/selko-dev\/neuvonta\/seksuaalineuvoja\/"},"modified":"2025-10-27T12:57:18","modified_gmt":"2025-10-27T10:57:18","slug":"seksuaalineuvoja","status":"publish","type":"page","link":"https:\/\/verneri.net\/selko\/seksuaalineuvoja\/","title":{"rendered":"Seksuaalineuvoja"},"content":{"rendered":"<p>Vernerin seksuaalineuvonta on tarkoitettu nuorille ja aikuisille, jotka tarvitsevat tukea ymm\u00e4rt\u00e4misess\u00e4.<\/p>\n<p>Annamme seksuaalineuvontaa yhdess\u00e4 seksuaaliterapeutti Henna Suikin kanssa.<\/p>\n<p><a href=\"https:\/\/verneri.net\/selko\/hyvinvointi\/seksuaalisuus\/\">Lue seksuaalisuudesta<\/a><\/p>\n","protected":false},"excerpt":{"rendered":"<p>Vernerin seksuaalineuvonta on tarkoitettu nuorille ja aikuisille, jotka tarvitsevat tukea ymm\u00e4rt\u00e4misess\u00e4. Annamme seksuaalineuvontaa yhdess\u00e4 seksuaaliterapeutti Henna Suikin kanssa. Lue seksuaalisuudesta<\/p>\n","protected":false},"author":1,"featured_media":14926,"parent":0,"menu_order":102,"comment_status":"closed","ping_status":"closed","template":"page-osiosivu-seksuaalineuvoja.php","meta":{"_acf_changed":false,"footnotes":""},"class_list":["post-12","page","type-page","status-publish","has-post-thumbnail","hentry"],"acf":[],"_links":{"self":[{"href":"https:\/\/verneri.net\/selko\/wp-json\/wp\/v2\/pages\/12","targetHints":{"allow":["GET"]}}],"collection":[{"href":"https:\/\/verneri.net\/selko\/wp-json\/wp\/v2\/pages"}],"about":[{"href":"https:\/\/verneri.net\/selko\/wp-json\/wp\/v2\/types\/page"}],"author":[{"embeddable":true,"href":"https:\/\/verneri.net\/selko\/wp-json\/wp\/v2\/users\/1"}],"replies":[{"embeddable":true,"href":"https:\/\/verneri.net\/selko\/wp-json\/wp\/v2\/comments?post=12"}],"version-history":[{"count":0,"href":"https:\/\/verneri.net\/selko\/wp-json\/wp\/v2\/pages\/12\/revisions"}],"wp:featuredmedia":[{"embeddable":true,"href":"https:\/\/verneri.net\/selko\/wp-json\/wp\/v2\/media\/14926"}],"wp:attachment":[{"href":"https:\/\/verneri.net\/selko\/wp-json\/wp\/v2\/media?parent=12"}],"curies":[{"name":"wp","href":"https:\/\/api.w.org\/{rel}","templated":true}]}}