{"id":121,"date":"2024-12-02T10:47:56","date_gmt":"2024-12-02T08:47:56","guid":{"rendered":"http:\/\/localhost\/verneri\/selko-dev\/hyvinvointi\/seksuaalisuus\/seksuaalisuus-ja-seksi\/"},"modified":"2025-11-06T13:45:26","modified_gmt":"2025-11-06T11:45:26","slug":"tutustu-seksuaalisuuteen","status":"publish","type":"page","link":"https:\/\/verneri.net\/selko\/hyvinvointi\/seksuaalisuus\/tutustu-seksuaalisuuteen\/","title":{"rendered":"Tutustu seksuaalisuuteen"},"content":{"rendered":"<p>T\u00e4ll\u00e4 sivulla on tietoa seksuaalisuudesta. Saat my\u00f6s vinkkej\u00e4 siihen, miten voit tutustua omaan seksuaalisuuteesi.<\/p>\n<h2>Tutustu omaan seksuaalisuuteen<\/h2>\n<p>Jokainen ihminen on seksuaalinen. Kun ymm\u00e4rr\u00e4t omaa seksuaalisuuttasi, voit puhua siit\u00e4. Voit kertoa tunteistasi ja toiveistasi. Voit my\u00f6s p\u00e4\u00e4tt\u00e4\u00e4 omaan seksuaalisuuteesi liittyvist\u00e4 asioista.<\/p>\n<h2>Seksuaalisuus on ominaisuus<\/h2>\n<p>Seksuaalisuus on ihmisen ominaisuus. Seksuaalisuuteen kuuluu monia asioita, kuten sukupuoli, seksuaalinen suuntautuminen ja tunteet.<\/p>\n<p>Seksuaalisuus vaikuttaa esimerkiksi siihen, kehen ihastut ja kenen kanssa haluat l\u00e4heisyytt\u00e4.<\/p>\n<p>Vaikka jokainen ihminen on seksuaalinen, seksuaalisuus ei ole kaikille yht\u00e4 t\u00e4rke\u00e4 osa el\u00e4m\u00e4\u00e4.<\/p>\n<h2>Jokainen on omanlaisensa<\/h2>\n<p>Jokaisen ihmisen seksuaalisuus on omanlainen. Jokaisella on omat ajatukset ja omat tunteet.<\/p>\n<p>Ei ole oikeaa tai v\u00e4\u00e4r\u00e4\u00e4 seksuaalisuutta.<\/p>\n<p>My\u00f6s jokaisen ihmisen keho on omanlainen ja hyv\u00e4 juuri sellaisena kuin on.<\/p>\n<h2>Seksuaalisuus muuttuu<\/h2>\n<p>Ihminen on seksuaalinen koko el\u00e4m\u00e4ns\u00e4 ajan. Seksuaalisuus my\u00f6s muuttuu el\u00e4m\u00e4n eri vaiheissa. Lapsen seksuaalisuus on erilainen kuin nuoren tai aikuisen seksuaalisuus.<\/p>\n<p>Erilaiset el\u00e4m\u00e4nkokemukset vaikuttavat seksuaalisuuteen.<\/p>\n<p>Esimerkiksi seuraavat asiat vaikuttavat siihen, millainen sinun seksuaalisuutesi on:<\/p>\n<ul>\n<li>Oletko saanut l\u00e4heisyytt\u00e4?<\/li>\n<li>Oletko kokenut syd\u00e4nsuruja?<\/li>\n<li>Oletko saanut puhua tunteista ja haluista?<\/li>\n<li>Onko sinulla yst\u00e4vi\u00e4 vai oletko yksin\u00e4inen?<\/li>\n<li>Oletko saanut rakastaa?<\/li>\n<\/ul>\n<h2>Oma seksuaalisuus tutuksi<\/h2>\n<p>Omaa seksuaalisuutta on hyv\u00e4 pohtia. Silloin se tulee itselle tutuksi.<\/p>\n<p>Voit pohtia esimerkiksi seuraavia asioita:<\/p>\n<ul>\n<li>Millainen keho sinulla on ja mit\u00e4 pid\u00e4t siit\u00e4?<\/li>\n<li>Kuinka t\u00e4rke\u00e4\u00e4 seksuaalisuus sinulle on?<\/li>\n<li>Onko sinun helppo puhua seksuaalisuuteen liittyvist\u00e4 asioista?<\/li>\n<li>Mist\u00e4 saat tietoa seksuaalisuudesta?<\/li>\n<\/ul>\n<p>Kun tutustut omaan seksuaalisuuteesi, sinun on helpompi hyv\u00e4ksy\u00e4 itsesi. Uskallat olla sellainen kuin olet.<\/p>\n<h2>Hyv\u00e4ksy my\u00f6s muiden seksuaalisuus<\/h2>\n<p>Kun hyv\u00e4ksyt itsesi, voit hyv\u00e4ksy\u00e4 my\u00f6s muut sellaisina kuin he ovat.<\/p>\n<p>Kenenk\u00e4\u00e4n seksuaalisuus ei ole v\u00e4\u00e4r\u00e4nlainen. Jokainen on hyv\u00e4 juuri sellaisena kuin on.<\/p>\n<p><em>Onko sinulla kysytt\u00e4v\u00e4\u00e4 seksuaalisuudesta?<\/em><\/p>\n<p><a href=\"https:\/\/verneri.net\/selko\/seksuaalineuvoja\/kysy-seksuaalineuvojalta\/\">Kysy seksuaalineuvojalta<\/a><\/p>\n<p><strong>Teksti: <\/strong>Tuula Puranen, 2018<br \/>\n<strong>Kuvat:<\/strong> Istock<\/p>\n<p><strong>Lis\u00e4tietoa:<\/strong><\/p>\n<ul>\n<li><a href=\"https:\/\/verneri.net\/selko\/hyvinvointi\/vammaisten-oikeudet\/oikeus-seksuaalisuuteen\/\">Oikeus seksuaalisuuteen<\/a><\/li>\n<li><a href=\"http:\/\/www.seteke.fi\/\" target=\"_blank\" rel=\"noopener noreferrer\">Seksuaalisuudesta selkokielell\u00e4<\/a> (seteke.fi)<\/li>\n<\/ul>\n","protected":false},"excerpt":{"rendered":"<p>T\u00e4ll\u00e4 sivulla on tietoa seksuaalisuudesta. Saat my\u00f6s vinkkej\u00e4 siihen, miten voit tutustua omaan seksuaalisuuteesi. Tutustu omaan seksuaalisuuteen Jokainen ihminen on [&hellip;]<\/p>\n","protected":false},"author":1,"featured_media":14926,"parent":18,"menu_order":57,"comment_status":"closed","ping_status":"closed","template":"","meta":{"_acf_changed":false,"footnotes":""},"class_list":["post-121","page","type-page","status-publish","has-post-thumbnail","hentry"],"acf":[],"_links":{"self":[{"href":"https:\/\/verneri.net\/selko\/wp-json\/wp\/v2\/pages\/121","targetHints":{"allow":["GET"]}}],"collection":[{"href":"https:\/\/verneri.net\/selko\/wp-json\/wp\/v2\/pages"}],"about":[{"href":"https:\/\/verneri.net\/selko\/wp-json\/wp\/v2\/types\/page"}],"author":[{"embeddable":true,"href":"https:\/\/verneri.net\/selko\/wp-json\/wp\/v2\/users\/1"}],"replies":[{"embeddable":true,"href":"https:\/\/verneri.net\/selko\/wp-json\/wp\/v2\/comments?post=121"}],"version-history":[{"count":0,"href":"https:\/\/verneri.net\/selko\/wp-json\/wp\/v2\/pages\/121\/revisions"}],"up":[{"embeddable":true,"href":"https:\/\/verneri.net\/selko\/wp-json\/wp\/v2\/pages\/18"}],"wp:featuredmedia":[{"embeddable":true,"href":"https:\/\/verneri.net\/selko\/wp-json\/wp\/v2\/media\/14926"}],"wp:attachment":[{"href":"https:\/\/verneri.net\/selko\/wp-json\/wp\/v2\/media?parent=121"}],"curies":[{"name":"wp","href":"https:\/\/api.w.org\/{rel}","templated":true}]}}