{"id":122,"date":"2019-01-29T11:00:09","date_gmt":"2019-01-29T09:00:09","guid":{"rendered":"http:\/\/localhost\/verneri\/selko-dev\/hyvinvointi\/seksuaalisuus\/seksia-turvallisesti\/"},"modified":"2026-03-30T11:31:22","modified_gmt":"2026-03-30T08:31:22","slug":"suojaudu-seksitaudeilta","status":"publish","type":"page","link":"https:\/\/verneri.net\/selko\/hyvinvointi\/seksuaalisuus\/suojaudu-seksitaudeilta\/","title":{"rendered":"Suojaudu seksitaudeilta"},"content":{"rendered":"<p>Seksitauti tarkoittaa sairautta, joka tarttuu seksiss\u00e4. Seksitautia sanotaan my\u00f6s sukupuolitaudiksi.<\/p>\n<p>Seksitauteja ovat esimerkiksi<\/p>\n<ul>\n<li>klamydia<\/li>\n<li>tippuri<\/li>\n<li>visvasyyl\u00e4 eli kondylooma<\/li>\n<li>herpes<\/li>\n<li>HI-virus.<\/li>\n<\/ul>\n<h2>Seksitaudit tarttuvat seksiss\u00e4<\/h2>\n<p>Seksitaudit tarttuvat yhdynn\u00e4ss\u00e4 ja suuseksiss\u00e4, jos pari ei k\u00e4yt\u00e4 kondomia tai suuseksisuojaa.<\/p>\n<div>Tartunta tapahtuu, kun limakalvot koskettavat toisiaan. Limakalvoa on esimerkiksi em\u00e4ttimess\u00e4, peniksess\u00e4, per\u00e4aukossa ja suussa.<\/div>\n<div><\/div>\n<div>Seksitaudit voivat tarttua my\u00f6s esimerkiksi siemennesteen ja veren kautta.<\/div>\n<div><\/div>\n<div>Herpes ja visvasyyl\u00e4 voivat tarttua ihojen kosketuksesta.<\/div>\n<h2>Seksitaudit hoidetaan l\u00e4\u00e4kkeill\u00e4<\/h2>\n<p>Seksitaudin oireita voivat olla esimerkiksi<\/p>\n<ul>\n<li>kutina ja kirvely sukuelimiss\u00e4<\/li>\n<li>kipu tai kirvely virtsatessa<\/li>\n<li>rakkulat tai haavat sukuelimiss\u00e4<\/li>\n<li>tavallisesta poikkeava vuoto.<\/li>\n<\/ul>\n<p>Joissain seksitaudeissa ei ole mit\u00e4\u00e4n oireita, joten niit\u00e4 voi olla vaikea huomata.<\/p>\n<p>Jos ep\u00e4ilet, ett\u00e4 olet saanut seksitaudin, mene l\u00e4\u00e4k\u00e4riin. L\u00e4\u00e4k\u00e4rit ovat tottuneet hoitamaan seksitauteja. Asiaa ei siis tarvitse h\u00e4vet\u00e4.<\/p>\n<p>Useat seksitaudit voi parantaa l\u00e4\u00e4kkeill\u00e4. My\u00f6s se ihminen, jolta sait taudin, t\u00e4ytyy hoitaa. Muuten tauti jatkaa tarttumistaan.<\/p>\n<h2>K\u00e4yt\u00e4 ehk\u00e4isy\u00e4<\/h2>\n<p>Kondomi ja suuseksisuoja suojaavat seksitaudeilta.<\/p>\n<p>Nainen voi tulla raskaaksi penis-em\u00e4tinyhdynn\u00e4ss\u00e4. Kondomi suojaa my\u00f6s raskaudelta.<\/p>\n<p>Kondomi on kuminen suojus, joka pistet\u00e4\u00e4n peniksen p\u00e4\u00e4lle ennen yhdynt\u00e4\u00e4.<\/p>\n<p>Kondomeja voi ostaa kaupasta, apteekista, kioskista ja huoltoasemilta. Kondomeja saa ostaa kuka tahansa. Niiden ostamiselle ei ole ik\u00e4rajaa, eik\u00e4 niiden ostamista tarvitse h\u00e4vet\u00e4.<\/p>\n<p>Naiset voivat hankkia l\u00e4\u00e4k\u00e4rilt\u00e4 hormonivalmisteita, jotka est\u00e4v\u00e4t raskauden. N\u00e4it\u00e4 ovat esimerkiksi ehk\u00e4isypillerit, ehk\u00e4isylaastari ja ehk\u00e4isykapseli.<\/p>\n<p>Voit kysy\u00e4 ehk\u00e4isyst\u00e4 lis\u00e4\u00e4 terveyskeskuksesta tai koulun terveydenhoitajalta.<\/p>\n<h2>N\u00e4in k\u00e4yt\u00e4t kondomia<\/h2>\n<p>Jokainen penis on omanlaisensa, siksi my\u00f6s kondomeja on erilaisia.<\/p>\n<p>Kondomin valintaan vaikuttaa peniksen pituus, paksuus ja muoto.<\/p>\n<p>Sopiva kondomi l\u00f6ytyy parhaiten kokeilemalla.<\/p>\n<p>Sopivan kokoinen kondomi<\/p>\n<ul>\n<li>tuntuu p\u00e4\u00e4ll\u00e4 hyv\u00e4lt\u00e4<\/li>\n<li>pysyy paikallaan<\/li>\n<li>ei rullaudu<\/li>\n<li>ei purista<\/li>\n<li>peitt\u00e4\u00e4 koko peniksen.<\/li>\n<\/ul>\n<p>Kondomin koko ilmoitetaan paketissa usein englanniksi. Esimerkiksi slim fit tarkoittaa kapeaa. Grande tarkoittaa suurta.<\/p>\n<p>Pakkauksessa kerrotaan usein my\u00f6s kondomin muoto. Jotkut kondomit ovat koko pituudelta saman levyisi\u00e4. Toiset kondomit ovat terskan kohdalta leve\u00e4mpi\u00e4. T\u00e4llainen kondomi voi pysy\u00e4 paikallaan paremmin, jos penis levenee k\u00e4rke\u00e4 kohti.<\/p>\n<p>N\u00e4in laitat kondomin peniksen p\u00e4\u00e4lle:<\/p>\n<ul>\n<li>Tarkista, ett\u00e4 kondomin pakkaus on ehj\u00e4.<\/li>\n<li>Tarkista pakkauksesta, ett\u00e4 viimeinen k\u00e4ytt\u00f6p\u00e4iv\u00e4 ei ole mennyt ohi.<\/li>\n<li>Avaa pakkaus rep\u00e4isem\u00e4ll\u00e4.<\/li>\n<li>Ved\u00e4 esinahka taakse.<\/li>\n<li>Aseta kondomi terskan p\u00e4\u00e4lle.<\/li>\n<li>Purista sormilla ilmakuplat pois kondomista.<\/li>\n<li>Rullaa kondomi j\u00e4yk\u00e4n peniksen p\u00e4\u00e4lle. Rullaa ihan peniksen juureen saakka.<\/li>\n<\/ul>\n<p>Siemensy\u00f6ksyn j\u00e4lkeen, kun penis on viel\u00e4 j\u00e4ykk\u00e4, pid\u00e4 kiinni kondomista peniksen tyven kohdalta. Ved\u00e4 kondomi pois peniksen p\u00e4\u00e4lt\u00e4 niin, ett\u00e4 siemenneste j\u00e4\u00e4 kondomiin.<\/p>\n<p>Laita k\u00e4ytetty kondomi roska-astiaan. \u00c4l\u00e4 laita kondomia vessanp\u00f6ntt\u00f6\u00f6n.<\/p>\n<h2>Jos ehk\u00e4isy unohtuu<\/h2>\n<p>Jos ehk\u00e4isy unohtuu, nainen voi tulla raskaaksi.<\/p>\n<p>Silloin apteekista voi ostaa katumuspillerin ilman l\u00e4\u00e4k\u00e4rin resepti\u00e4. Katumuspilleri pit\u00e4\u00e4 ottaa mahdollisimman pian yhdynn\u00e4n j\u00e4lkeen. Jos nainen ottaa pillerin tarpeeksi pian, h\u00e4n ei tule raskaaksi.<\/p>\n<p>Jos nainen tulee raskaaksi, h\u00e4n voi joutua tekem\u00e4\u00e4n abortin. Abortti ei ole ehk\u00e4isykeino, vaan se tarkoittaa raskauden keskeytt\u00e4mist\u00e4.<\/p>\n<p>Abortti tehd\u00e4\u00e4n yleens\u00e4 ennen 12. raskausviikkoa. Abortin tekee l\u00e4\u00e4k\u00e4ri.<\/p>\n<p>Aborttiin voi olla monia syit\u00e4. Nainen voi olla esimerkiksi liian nuori \u00e4idiksi.<\/p>\n<p><em>Onko sinulla kysytt\u00e4v\u00e4\u00e4 seksitaudeista tai ehk\u00e4isyst\u00e4?<\/em><\/p>\n<p><a href=\"https:\/\/verneri.net\/selko\/seksuaalineuvoja\/kysy-seksuaalineuvojalta\/\">Kysy seksuaalineuvojalta<\/a><\/p>\n<p><strong>Lis\u00e4tietoa selkokielell\u00e4:<\/strong><\/p>\n<ul>\n<li><a href=\"https:\/\/verneri.net\/selko\/wp-content\/uploads\/sites\/2\/2025\/11\/Mita-seksi-on-2025.pdf\" target=\"_blank\" rel=\"noopener\">Lataa Mit\u00e4 seksi on? -opas<\/a> (pdf-tiedosto)<\/li>\n<li><a href=\"https:\/\/verneri.net\/selko\/wp-content\/uploads\/sites\/2\/2025\/11\/Anaaliseksi-HivPoint-SelkoSeks.pdf\" target=\"_blank\" rel=\"noopener\">Lataa Anaaliseksi-opas<\/a> (pdf-tiedosto)<\/li>\n<li><a href=\"http:\/\/www.seteke.fi\/seksuaalinen-turvallisuus.html\" target=\"_blank\" rel=\"noopener noreferrer\">Seksuaalinen turvallisuus<\/a> (www.seteke.fi)<\/li>\n<\/ul>\n","protected":false},"excerpt":{"rendered":"<p>Seksitauti tarkoittaa sairautta, joka tarttuu seksiss\u00e4. Seksitautia sanotaan my\u00f6s sukupuolitaudiksi. Seksitauteja ovat esimerkiksi klamydia tippuri visvasyyl\u00e4 eli kondylooma herpes HI-virus. [&hellip;]<\/p>\n","protected":false},"author":1,"featured_media":15020,"parent":18,"menu_order":68,"comment_status":"closed","ping_status":"closed","template":"","meta":{"_acf_changed":false,"footnotes":""},"class_list":["post-122","page","type-page","status-publish","has-post-thumbnail","hentry"],"acf":[],"_links":{"self":[{"href":"https:\/\/verneri.net\/selko\/wp-json\/wp\/v2\/pages\/122","targetHints":{"allow":["GET"]}}],"collection":[{"href":"https:\/\/verneri.net\/selko\/wp-json\/wp\/v2\/pages"}],"about":[{"href":"https:\/\/verneri.net\/selko\/wp-json\/wp\/v2\/types\/page"}],"author":[{"embeddable":true,"href":"https:\/\/verneri.net\/selko\/wp-json\/wp\/v2\/users\/1"}],"replies":[{"embeddable":true,"href":"https:\/\/verneri.net\/selko\/wp-json\/wp\/v2\/comments?post=122"}],"version-history":[{"count":0,"href":"https:\/\/verneri.net\/selko\/wp-json\/wp\/v2\/pages\/122\/revisions"}],"up":[{"embeddable":true,"href":"https:\/\/verneri.net\/selko\/wp-json\/wp\/v2\/pages\/18"}],"wp:featuredmedia":[{"embeddable":true,"href":"https:\/\/verneri.net\/selko\/wp-json\/wp\/v2\/media\/15020"}],"wp:attachment":[{"href":"https:\/\/verneri.net\/selko\/wp-json\/wp\/v2\/media?parent=122"}],"curies":[{"name":"wp","href":"https:\/\/api.w.org\/{rel}","templated":true}]}}