{"id":124,"date":"2019-01-29T10:57:48","date_gmt":"2019-01-29T08:57:48","guid":{"rendered":"http:\/\/localhost\/verneri\/selko-dev\/hyvinvointi\/seksuaalisuus\/seksuaalinen-suuntautuminen\/"},"modified":"2025-12-15T13:00:28","modified_gmt":"2025-12-15T11:00:28","slug":"seksuaalinen-suuntautuminen","status":"publish","type":"page","link":"https:\/\/verneri.net\/selko\/hyvinvointi\/seksuaalisuus\/seksuaalinen-suuntautuminen\/","title":{"rendered":"Seksuaalinen suuntautuminen"},"content":{"rendered":"<p>Seksuaalinen suuntautuminen on ihmisen ominaisuus. Se kertoo, kehen ihminen ihastuu, rakastuu ja tuntee seksuaalista kiinnostusta.<\/p>\n<h2>Jokainen saa olla juuri sellainen kuin on<\/h2>\n<p>Seksuaalinen kiinnostus voi kohdistua mihin sukupuoleen tahansa.<\/p>\n<p>Esimerkiksi nainen voi ihastua miehiin. Silloin h\u00e4n on hetero. Nainen voi ihastua my\u00f6s naisiin. Silloin h\u00e4n on lesbo. Jos nainen rakastuu naisiin ja miehiin, h\u00e4n on biseksuaali.<\/p>\n<p>Mies voi ihastua naisiin. Silloin h\u00e4n on hetero. Mies voi ihastua my\u00f6s miehiin. Silloin h\u00e4n on homo. Jos mies ihastuu naisiin ja miehiin, h\u00e4n on biseksuaali.<\/p>\n<p>Seksuaalinen kiinnostus voi olla fyysist\u00e4. Silloin tekee mieli olla toisen ihmisen l\u00e4hell\u00e4 ja koskettaa h\u00e4nt\u00e4. Ehk\u00e4 my\u00f6s suudella ja rakastella h\u00e4nen kanssaan.<\/p>\n<p>Vetovoima voi olla my\u00f6s pelk\u00e4st\u00e4\u00e4n tunteellista. Silloin tykk\u00e4\u00e4 toisesta, mutta ei tee mieli seksi\u00e4 h\u00e4nen kanssaan.<\/p>\n<p>Aseksuaalinen ihminen tuntee vain v\u00e4h\u00e4n tai ei lainkaan seksuaalista kiinnostusta toista ihmist\u00e4 kohtaan. H\u00e4nell\u00e4 voi olla kuitenkin romanttisia tunteita ja h\u00e4n saattaa ihastua toiseen ihmiseen. H\u00e4n ei kuitenkaan halua seksi\u00e4.<\/p>\n<p>Ihmisen seksuaalinen suuntautuminen m\u00e4\u00e4r\u00e4ytyy jo ennen syntym\u00e4\u00e4. Seksuaalinen suuntautuminen voi my\u00f6s muuttua el\u00e4m\u00e4n aikana.<\/p>\n<p>Jokainen saa tyk\u00e4t\u00e4 kenest\u00e4 haluaa ja juuri sill\u00e4 tavalla kuin haluaa. Kukaan ei voi m\u00e4\u00e4r\u00e4t\u00e4 kenest\u00e4 tai miten toinen tykk\u00e4\u00e4.<\/p>\n<p><em>Onko sinulla kysytt\u00e4v\u00e4\u00e4 seksuaalisuudesta tai seksist\u00e4?<\/em><\/p>\n<p><a href=\"https:\/\/verneri.net\/selko\/seksuaalineuvoja\/kysy-seksuaalineuvojalta\/\">Kysy seksuaalineuvojalta<\/a><\/p>\n<p><strong>Teksti:<\/strong> Jenni Sipil\u00e4 ja seksuaaliterapeutti Henna Suikki, 2023<\/p>\n<p><strong>Lis\u00e4tietoa:<\/strong><\/p>\n<ul>\n<li><a href=\"http:\/\/www.seteke.fi\/seksuaalinen-monimuotoisuus.html\" target=\"_blank\" rel=\"noopener\">Seksuaalinen monimuotoisuus<\/a> (seteke.fi)<\/li>\n<li><a href=\"https:\/\/papunet.net\/wp-content\/uploads\/2025\/01\/Sukupuolen-ja-seksuaalisen-suuntautumisen-moninaisuus.pdf\" target=\"_blank\" rel=\"noopener\">Sukupuolen ja seksuaalisen suuntautumisen moninaisuus<\/a> (papunet.net)<\/li>\n<li><a href=\"https:\/\/seta.fi\/\" target=\"_blank\" rel=\"noopener\">Seta<\/a> (seta.fi)<\/li>\n<li><a href=\"https:\/\/www.sinuiksi.fi\/\" target=\"_blank\" rel=\"noopener\">Setan tuki- ja neuvontapalvelu<\/a> (sinuiksi.fi)<\/li>\n<\/ul>\n","protected":false},"excerpt":{"rendered":"<p>Seksuaalinen suuntautuminen on ihmisen ominaisuus. Se kertoo, kehen ihminen ihastuu, rakastuu ja tuntee seksuaalista kiinnostusta. Jokainen saa olla juuri sellainen [&hellip;]<\/p>\n","protected":false},"author":1,"featured_media":16850,"parent":18,"menu_order":75,"comment_status":"closed","ping_status":"closed","template":"","meta":{"_acf_changed":false,"footnotes":""},"class_list":["post-124","page","type-page","status-publish","has-post-thumbnail","hentry"],"acf":[],"_links":{"self":[{"href":"https:\/\/verneri.net\/selko\/wp-json\/wp\/v2\/pages\/124","targetHints":{"allow":["GET"]}}],"collection":[{"href":"https:\/\/verneri.net\/selko\/wp-json\/wp\/v2\/pages"}],"about":[{"href":"https:\/\/verneri.net\/selko\/wp-json\/wp\/v2\/types\/page"}],"author":[{"embeddable":true,"href":"https:\/\/verneri.net\/selko\/wp-json\/wp\/v2\/users\/1"}],"replies":[{"embeddable":true,"href":"https:\/\/verneri.net\/selko\/wp-json\/wp\/v2\/comments?post=124"}],"version-history":[{"count":0,"href":"https:\/\/verneri.net\/selko\/wp-json\/wp\/v2\/pages\/124\/revisions"}],"up":[{"embeddable":true,"href":"https:\/\/verneri.net\/selko\/wp-json\/wp\/v2\/pages\/18"}],"wp:featuredmedia":[{"embeddable":true,"href":"https:\/\/verneri.net\/selko\/wp-json\/wp\/v2\/media\/16850"}],"wp:attachment":[{"href":"https:\/\/verneri.net\/selko\/wp-json\/wp\/v2\/media?parent=124"}],"curies":[{"name":"wp","href":"https:\/\/api.w.org\/{rel}","templated":true}]}}