{"id":127,"date":"2010-02-03T12:46:17","date_gmt":"2010-02-03T10:46:17","guid":{"rendered":"http:\/\/localhost\/verneri\/selko-dev\/hyvinvointi\/asuminen\/monta-tapaa-asua\/"},"modified":"2025-11-27T11:35:18","modified_gmt":"2025-11-27T09:35:18","slug":"monta-tapaa-asua","status":"publish","type":"page","link":"https:\/\/verneri.net\/selko\/hyvinvointi\/asuminen\/monta-tapaa-asua\/","title":{"rendered":"Monta tapaa asua"},"content":{"rendered":"<p>Oma koti ja asuinalue ovat t\u00e4rkeit\u00e4 paikkoja. Niiss\u00e4 vietet\u00e4\u00e4n paljon aikaa. Siksi on t\u00e4rke\u00e4\u00e4, ett\u00e4 omassa kodissa on hyv\u00e4 olla.<\/p>\n<p>T\u00e4ll\u00e4 sivulla on tietoa erilaisista tavoista asua. Sivulla on my\u00f6s kysymyksi\u00e4, joiden avulla voit pohtia, miten sin\u00e4 haluat asua.<\/p>\n<p><iframe loading=\"lazy\" title=\"M\u00e4 haluan ainakin asua\" width=\"500\" height=\"281\" src=\"https:\/\/www.youtube.com\/embed\/CMKZ8a87nVg?wmode=transparent&amp;rel=0&amp;feature=oembed\" frameborder=\"0\" allow=\"accelerometer; autoplay; clipboard-write; encrypted-media; gyroscope; picture-in-picture; web-share\" referrerpolicy=\"strict-origin-when-cross-origin\" allowfullscreen><\/iframe><\/p>\n<h2>Kenen kanssa haluat asua?<\/h2>\n<p>Ihmiset viihtyv\u00e4t erilaisissa kodeissa ja haluavat asua eri tavoin.<\/p>\n<p>Joku haluaa asua yksin omassa asunnossa. Joku haluaa asua yhdess\u00e4 kaverin, kumppanin tai perheenj\u00e4senen kanssa. Joku viihtyy asuntolassa tai ryhm\u00e4kodissa yhdess\u00e4 muiden kanssa.<\/p>\n<p>Eri kunnissa on tarjolla erilaisia asumisen vaihtoehtoja.<\/p>\n<p>Oma asunto voi olla esimerkiksi vuokra-asunto tai omistusasunto. Asunto voi olla my\u00f6s osa asuntoryhm\u00e4\u00e4, ryhm\u00e4kotia tai palvelutaloa.<\/p>\n<p>On t\u00e4rke\u00e4\u00e4, ett\u00e4 saat riitt\u00e4v\u00e4sti tietoa siit\u00e4, millaisia asumisen vaihtoehtoja sinulla on. Voit kysy\u00e4 vaihtoehdoista esimerkiksi l\u00e4heiselt\u00e4 ihmiselt\u00e4, ohjaajalta tai sosiaality\u00f6ntekij\u00e4lt\u00e4.<\/p>\n<p><strong>Pohdi:<\/strong><\/p>\n<ul>\n<li>Kenen kanssa haluat asua?<\/li>\n<li>Haluatko asua yksin vai yhdess\u00e4 jonkun kanssa?<\/li>\n<li>Millaisessa kodissa haluat asua?<\/li>\n<\/ul>\n<h2>Millaisella alueella haluat asua?<\/h2>\n<p>Moni viett\u00e4\u00e4 paljon aikaa kodin l\u00e4hell\u00e4, omalla asuinalueella. Siksi on t\u00e4rke\u00e4\u00e4, ett\u00e4 oma koti on alueella, jossa viihtyy.<\/p>\n<p>Joku tykk\u00e4\u00e4 asua kaupungissa l\u00e4hell\u00e4 palveluita. Joku toinen viihtyy luonnon rauhassa.<\/p>\n<p>Omalla asuinalueella voit esimerkiksi<\/p>\n<ul>\n<li>tutustua ihmisiin<\/li>\n<li>tavata naapureita ja tuttuja<\/li>\n<li>k\u00e4yd\u00e4 kaupassa, kahvilla ja sy\u00f6m\u00e4ss\u00e4<\/li>\n<li>ulkoilla<\/li>\n<li>harrastaa.<\/li>\n<\/ul>\n<p>On t\u00e4rke\u00e4\u00e4, ett\u00e4 saat tietoa siit\u00e4, miss\u00e4 voit asua. Voit jutella vaihtoehdoista esimerkiksi l\u00e4heisen ihmisen, ohjaajan tai sosiaality\u00f6ntekij\u00e4n kanssa.<\/p>\n<p><strong>Pohdi:<\/strong><\/p>\n<ul>\n<li>Millaisella alueella haluat asua? Viihdytk\u00f6 esimerkiksi kaupungin keskustassa vai l\u00e4hell\u00e4 luontoa?<\/li>\n<li>Mit\u00e4 haluat tehd\u00e4 kotisi l\u00e4hell\u00e4? Haluatko k\u00e4yd\u00e4 esimerkiksi elokuvissa, kahviloissa tai k\u00e4velyll\u00e4 luonnossa?<\/li>\n<li>Mit\u00e4 haluat harrastaa kotisi l\u00e4hell\u00e4?<\/li>\n<li>Keiden kanssa haluat viett\u00e4\u00e4 aikaa?<\/li>\n<\/ul>\n<h2>Millaista tukea tarvitset?<\/h2>\n<p>Omien asioiden hoitaminen ei ole aina helppoa. Se ei kuitenkaan tarkoita sit\u00e4, ettet voi asua niin kuin itse haluat.<\/p>\n<p>Voit saada asumiseen ja asioiden hoitamiseen monenlaista tukea.<\/p>\n<p>Voit saada tukea esimerkiksi<\/p>\n<ul>\n<li>asioista p\u00e4\u00e4tt\u00e4miseen<\/li>\n<li>raha-asioihin<\/li>\n<li>ruuanlaittoon<\/li>\n<li>siivoamiseen<\/li>\n<li>kaupassa k\u00e4yntiin<\/li>\n<li>liikkumiseen<\/li>\n<li>ihmissuhteisiin<\/li>\n<li>harrastuksiin.<\/li>\n<\/ul>\n<p>Voit saada tukea monilta eri ihmisilt\u00e4 ja monista eri paikoista.<\/p>\n<p>Voit saada tukea esimerkiksi<\/p>\n<ul>\n<li>kavereilta<\/li>\n<li>naapureilta<\/li>\n<li>kumppanilta<\/li>\n<li>perheenj\u00e4senilt\u00e4<\/li>\n<li>tukihenkil\u00f6lt\u00e4<\/li>\n<li>ohjaajilta.<\/li>\n<\/ul>\n<p>Voit saada tukea my\u00f6s j\u00e4rjest\u00f6ist\u00e4, ty\u00f6paikalta ja harrastuspaikoista.<\/p>\n<p>Lis\u00e4ksi hyvinvointialue voi j\u00e4rjest\u00e4\u00e4 sinulle asumisen tukea, joka on tarkoitettu erityist\u00e4 tukea tarvitsevilla ihmisille.<\/p>\n<p>Voit saada asumisen tukea esimerkiksi kotit\u00f6ihin, omien asioiden hoitamiseen ja ihmissuhteisiin. Asumisen tuki suunnitellaan yhdess\u00e4 sosiaality\u00f6ntekij\u00e4n kanssa. Suunnitelma tuesta ja sen j\u00e4rjest\u00e4misest\u00e4 kirjataan asiakassuunnitelmaasi.<\/p>\n<p>Jos tarvitset lis\u00e4\u00e4 tukea, juttele asiasta esimerkiksi l\u00e4heisen ihmisen, ohjaajan tai sosiaality\u00f6ntekij\u00e4n kanssa.<\/p>\n<p><strong>Pohdi:<\/strong><\/p>\n<ul>\n<li>Mihin tarvitset tukea kotona tai kodin l\u00e4hell\u00e4?<\/li>\n<li>Tarvitsetko tukea esimerkiksi kaupassa k\u00e4yntiin, kotit\u00f6ihin tai ty\u00f6matkoihin?<\/li>\n<li>Kuka voi auttaa ja tukea sinua?<\/li>\n<li>Ket\u00e4 sin\u00e4 voit tukea?<\/li>\n<\/ul>\n<h2>Kerro toiveistasi<\/h2>\n<p>On t\u00e4rke\u00e4\u00e4, ett\u00e4 saat riitt\u00e4v\u00e4sti tietoa siit\u00e4, millaisia asumisen vaihtoehtoja sinulla on. On my\u00f6s t\u00e4rke\u00e4\u00e4, ett\u00e4 saat vaikuttaa siihen, miss\u00e4 ja miten asut.<\/p>\n<p>Kun saat riitt\u00e4v\u00e4sti tietoa asumisen vaihtoehdoista ja sinulle sopivaa tukea, voit asua ja el\u00e4\u00e4, niin kuin itse haluat.<\/p>\n<p>Juttele omista toiveistasi sellaisen ihmisen kanssa, joka kuuntelee sinua ja johon voit luottaa. T\u00e4llainen ihminen voi olla vaikkapa perheenj\u00e4sen, yst\u00e4v\u00e4 tai ohjaaja.<\/p>\n<p>Jos asut asuntolassa tai ryhm\u00e4kodissa, voit ottaa yhteytt\u00e4 my\u00f6s asuntolan tai ryhm\u00e4kodin esimieheen. Asumiseen liittyviss\u00e4 palveluissa sinua auttaa sosiaality\u00f6ntekij\u00e4.<\/p>\n<p>Kun pohdit omaa asumista, voit k\u00e4ytt\u00e4\u00e4 apuna seuraavia aineistoja:<\/p>\n<ul>\n<li><a href=\"https:\/\/verneri.net\/selko\/wp-content\/uploads\/sites\/2\/2025\/05\/nain-mina-haluan-asua-2020.pdf\" target=\"_blank\" rel=\"noopener\">N\u00e4in min\u00e4 haluan asua -lomake<\/a> (pdf)<\/li>\n<li><a href=\"https:\/\/verneri.net\/selko\/wp-content\/uploads\/sites\/2\/2025\/10\/Nain-mina-parjaan-verkkoversio.pdf\" target=\"_blank\" rel=\"noopener\">N\u00e4in min\u00e4 p\u00e4rj\u00e4\u00e4n -verkkojulkaisu<\/a> (pdf)<\/li>\n<li><a href=\"https:\/\/papunet.net\/_pelit\/minun-haaveeni\/\" target=\"_blank\" rel=\"noopener\">Minun haaveeni -ty\u00f6kalu<\/a> (papunet.fi)<\/li>\n<\/ul>\n<p><strong>Teksti:<\/strong> Jenni Sipil\u00e4, 2023<br \/>\n<strong>Kuva:<\/strong> Kimmo R\u00e4is\u00e4nen<\/p>\n<p><strong>Lue lis\u00e4\u00e4 selkosivuilta:<\/strong><\/p>\n<ul>\n<li><a href=\"https:\/\/verneri.net\/selko\/hyvinvointi\/asuminen\/nain-mina-asun\/\">N\u00e4in min\u00e4 asun<\/a><\/li>\n<li><a href=\"https:\/\/verneri.net\/selko\/hyvinvointi\/vammaisten-oikeudet\/oikeus-omannakoiseen-asumiseen\/\">Oikeus omann\u00e4k\u00f6iseen asumiseen<\/a><\/li>\n<li><a href=\"https:\/\/verneri.net\/selko\/hyvinvointi\/apua-ja-tukea-arkeen\/asumisen-tuki\/\">Asumisen tuki<\/a><\/li>\n<\/ul>\n","protected":false},"excerpt":{"rendered":"<p>Oma koti ja asuinalue ovat t\u00e4rkeit\u00e4 paikkoja. Niiss\u00e4 vietet\u00e4\u00e4n paljon aikaa. Siksi on t\u00e4rke\u00e4\u00e4, ett\u00e4 omassa kodissa on hyv\u00e4 olla. [&hellip;]<\/p>\n","protected":false},"author":1,"featured_media":16960,"parent":19,"menu_order":0,"comment_status":"open","ping_status":"closed","template":"","meta":{"_acf_changed":false,"footnotes":""},"class_list":["post-127","page","type-page","status-publish","has-post-thumbnail","hentry"],"acf":[],"_links":{"self":[{"href":"https:\/\/verneri.net\/selko\/wp-json\/wp\/v2\/pages\/127","targetHints":{"allow":["GET"]}}],"collection":[{"href":"https:\/\/verneri.net\/selko\/wp-json\/wp\/v2\/pages"}],"about":[{"href":"https:\/\/verneri.net\/selko\/wp-json\/wp\/v2\/types\/page"}],"author":[{"embeddable":true,"href":"https:\/\/verneri.net\/selko\/wp-json\/wp\/v2\/users\/1"}],"replies":[{"embeddable":true,"href":"https:\/\/verneri.net\/selko\/wp-json\/wp\/v2\/comments?post=127"}],"version-history":[{"count":0,"href":"https:\/\/verneri.net\/selko\/wp-json\/wp\/v2\/pages\/127\/revisions"}],"up":[{"embeddable":true,"href":"https:\/\/verneri.net\/selko\/wp-json\/wp\/v2\/pages\/19"}],"wp:featuredmedia":[{"embeddable":true,"href":"https:\/\/verneri.net\/selko\/wp-json\/wp\/v2\/media\/16960"}],"wp:attachment":[{"href":"https:\/\/verneri.net\/selko\/wp-json\/wp\/v2\/media?parent=127"}],"curies":[{"name":"wp","href":"https:\/\/api.w.org\/{rel}","templated":true}]}}