{"id":128,"date":"2024-12-02T10:54:02","date_gmt":"2024-12-02T08:54:02","guid":{"rendered":"http:\/\/localhost\/verneri\/selko-dev\/hyvinvointi\/asuminen\/nain-mina-asun\/"},"modified":"2026-03-10T14:55:53","modified_gmt":"2026-03-10T12:55:53","slug":"nain-mina-asun","status":"publish","type":"page","link":"https:\/\/verneri.net\/selko\/hyvinvointi\/asuminen\/nain-mina-asun\/","title":{"rendered":"N\u00e4in min\u00e4 asun"},"content":{"rendered":"<p>Asumisen tapoja on monia.<\/p>\n<p>Joku asuu tuetusti omassa kodissaan. Joku asuu yhdess\u00e4 kaverin tai kumppanin kanssa. Moni asuu asuntolassa tai ryhm\u00e4kodissa yhdess\u00e4 muiden kanssa.<\/p>\n<p>N\u00e4ill\u00e4 sivuilla nuoret ja aikuiset kertovat, miten he asuvat.<\/p>\n<p><strong>Kuva:<\/strong> iStock<\/p>\n","protected":false},"excerpt":{"rendered":"<p>Asumisen tapoja on monia. Joku asuu tuetusti omassa kodissaan. Joku asuu yhdess\u00e4 kaverin tai kumppanin kanssa. Moni asuu asuntolassa tai [&hellip;]<\/p>\n","protected":false},"author":1,"featured_media":17015,"parent":19,"menu_order":424,"comment_status":"closed","ping_status":"closed","template":"","meta":{"_acf_changed":false,"footnotes":""},"class_list":["post-128","page","type-page","status-publish","has-post-thumbnail","hentry"],"acf":[],"_links":{"self":[{"href":"https:\/\/verneri.net\/selko\/wp-json\/wp\/v2\/pages\/128","targetHints":{"allow":["GET"]}}],"collection":[{"href":"https:\/\/verneri.net\/selko\/wp-json\/wp\/v2\/pages"}],"about":[{"href":"https:\/\/verneri.net\/selko\/wp-json\/wp\/v2\/types\/page"}],"author":[{"embeddable":true,"href":"https:\/\/verneri.net\/selko\/wp-json\/wp\/v2\/users\/1"}],"replies":[{"embeddable":true,"href":"https:\/\/verneri.net\/selko\/wp-json\/wp\/v2\/comments?post=128"}],"version-history":[{"count":0,"href":"https:\/\/verneri.net\/selko\/wp-json\/wp\/v2\/pages\/128\/revisions"}],"up":[{"embeddable":true,"href":"https:\/\/verneri.net\/selko\/wp-json\/wp\/v2\/pages\/19"}],"wp:featuredmedia":[{"embeddable":true,"href":"https:\/\/verneri.net\/selko\/wp-json\/wp\/v2\/media\/17015"}],"wp:attachment":[{"href":"https:\/\/verneri.net\/selko\/wp-json\/wp\/v2\/media?parent=128"}],"curies":[{"name":"wp","href":"https:\/\/api.w.org\/{rel}","templated":true}]}}