{"id":129,"date":"2024-12-02T11:00:25","date_gmt":"2024-12-02T09:00:25","guid":{"rendered":"http:\/\/localhost\/verneri\/selko-dev\/hyvinvointi\/palvelut\/palvelusuunnitelma\/"},"modified":"2025-10-27T14:34:00","modified_gmt":"2025-10-27T12:34:00","slug":"asiakassuunnitelma","status":"publish","type":"page","link":"https:\/\/verneri.net\/selko\/hyvinvointi\/apua-ja-tukea-arkeen\/asiakassuunnitelma\/","title":{"rendered":"Asiakassuunnitelma"},"content":{"rendered":"<p>Vammaissopimuksen mukaan vammaisella ihmisell\u00e4 on samanlainen oikeus osallistua yhteiskuntaan kuin muilla. Vammaisella ihmisell\u00e4 on oikeus el\u00e4\u00e4 omann\u00e4k\u00f6ist\u00e4 el\u00e4m\u00e4\u00e4.<\/p>\n<p>Hyvinvointialue voi j\u00e4rjest\u00e4\u00e4 sinulle palveluita, jotka auttavat sinua osallistumaan ja el\u00e4m\u00e4\u00e4n omann\u00e4k\u00f6ist\u00e4 el\u00e4m\u00e4\u00e4.<\/p>\n<p>Asiakassuunnitelma on suunnitelma n\u00e4iden palveluiden j\u00e4rjest\u00e4misest\u00e4.<\/p>\n<h2>Suunnitelma tuesta ja palveluista<\/h2>\n<p>Moni kehitysvammainen nuori ja aikuinen tarvitsee tukea ja palveluita arkisiin asioihin, kuten asumiseen, harrastamiseen ja ty\u00f6ntekoon.<\/p>\n<p>Voit saada tukea monista eri paikoista, kuten j\u00e4rjest\u00f6ist\u00e4, koulusta tai ty\u00f6paikalta. Voit saada tukea my\u00f6s monilta ihmisilt\u00e4, kuten kavereilta, naapureilta ja perheenj\u00e4senilt\u00e4.<\/p>\n<p>T\u00e4m\u00e4n lis\u00e4ksi hyvinvointialue voi j\u00e4rjest\u00e4\u00e4 sinulle palveluita, jotka on tarkoitettu vammaisille ihmisille.<\/p>\n<p>N\u00e4it\u00e4 palveluita ovat esimerkiksi<\/p>\n<ul>\n<li>tuettu p\u00e4\u00e4t\u00f6ksenteko<\/li>\n<li>asumisen tuki<\/li>\n<li>valmennus<\/li>\n<li>erityinen osallisuuden tuki<\/li>\n<li>ty\u00f6toiminta.<\/li>\n<\/ul>\n<p>Koska palveluita on monenlaisia, niist\u00e4 kannattaa tehd\u00e4 suunnitelma.<\/p>\n<p>Asiakassuunnitelmaan kirjataan<\/p>\n<ul>\n<li>millainen el\u00e4m\u00e4ntilanteesi on<\/li>\n<li>millaisia vahvuuksia sinulla on<\/li>\n<li>millaisia tavoitteita sinulla on<\/li>\n<li>millaista tukea tarvitset<\/li>\n<li>miten tuki voidaan j\u00e4rjest\u00e4\u00e4.<\/li>\n<\/ul>\n<h2>N\u00e4in asiakassuunnitelma tehd\u00e4\u00e4n<\/h2>\n<p>Teet asiakassuunnitelman yhdess\u00e4 sosiaalitoimiston sosiaality\u00f6ntekij\u00e4n kanssa. Voit ottaa suunnitteluun mukaan my\u00f6s tutun ja luotettavan ihmisen.<\/p>\n<p>Kun suunnittelette yhdess\u00e4 palvelujasi, juttelette siit\u00e4, millainen el\u00e4m\u00e4ntilanteesi on.<\/p>\n<p>Juttelette esimerkiksi siit\u00e4<\/p>\n<ul>\n<li>miss\u00e4 asut<\/li>\n<li>mit\u00e4 teet p\u00e4ivisin<\/li>\n<li>ketk\u00e4 ovat sinulle t\u00e4rkeit\u00e4 ihmisi\u00e4<\/li>\n<li>millaista tukea saat<\/li>\n<li>mist\u00e4 saat tukea.<\/li>\n<\/ul>\n<p>Voit my\u00f6s kertoa, mihin asioihin olet el\u00e4m\u00e4ss\u00e4si tyytyv\u00e4inen ja mihin haluat muutosta.<\/p>\n<p>Voit esimerkiksi kertoa<\/p>\n<ul>\n<li>miss\u00e4 ja kenen kanssa haluat asua<\/li>\n<li>mit\u00e4 haluat opiskella<\/li>\n<li>millaista ty\u00f6t\u00e4 haluat tehd\u00e4<\/li>\n<li>mit\u00e4 haluat tehd\u00e4 vapaa-ajalla.<\/li>\n<\/ul>\n<p>Voitte mietti\u00e4 yhdess\u00e4, millaista tukea tarvitset, jotta voit el\u00e4\u00e4 sellaista el\u00e4m\u00e4\u00e4, kuin itse haluat.<\/p>\n<p>Sosiaality\u00f6ntekij\u00e4 kertoo sinulle erilaisista palveluista ja vaihtoehdoista. On t\u00e4rke\u00e4\u00e4, ett\u00e4 saat tietoa sinulle sopivassa muodossa, kuten selkokielell\u00e4 tai kuvilla tuettuna.<\/p>\n<p>Sosiaality\u00f6ntekij\u00e4 ja tukenasi oleva ihminen auttavat sinua ymm\u00e4rt\u00e4m\u00e4\u00e4n, millaisia vaihtoehtoja sinulla on. He auttavat sinua my\u00f6s valitsemaan sinulle sopivat palvelut.<\/p>\n<h2>Valmistaudu asiakassuunnitelman tekoon<\/h2>\n<p>Asiakassuunnitelman tekoon kannattaa valmistautua etuk\u00e4teen.<\/p>\n<p>Voit pohtia etuk\u00e4teen, millainen el\u00e4m\u00e4ntilanteesi on nyt. Voit my\u00f6s mietti\u00e4, mit\u00e4 haluat muuttaa el\u00e4m\u00e4ss\u00e4si.<\/p>\n<p>Voit pohtia n\u00e4it\u00e4 asioita itseksesi tai yhdess\u00e4 jonkun tutun ja luotettavan ihmisen kanssa.<\/p>\n<p>Kun pohdit el\u00e4m\u00e4\u00e4si, voit k\u00e4ytt\u00e4\u00e4 apuna seuraavia aineistoja:<\/p>\n<ul>\n<li><a href=\"https:\/\/tukena.fi\/wp-content\/uploads\/2024\/03\/Nain-mina-parjaan-verkkoversio.pdf\" target=\"_blank\" rel=\"noopener\">N\u00e4in min\u00e4 p\u00e4rj\u00e4\u00e4n -verkkojulkaisu<\/a>\u00a0(tukena.fi)<\/li>\n<li><a href=\"https:\/\/verneri.net\/selko\/wp-content\/uploads\/sites\/2\/2025\/05\/nain-mina-haluan-asua-2020.pdf\" target=\"_blank\" rel=\"noopener\">N\u00e4in min\u00e4 haluan asua -ty\u00f6kirja<\/a>\u00a0(pdf)<\/li>\n<\/ul>\n<h2>Oikeus asiakassuunnitelmaan<\/h2>\n<p>Jokaisella kehitysvammaisella ihmisell\u00e4 on oikeus omaan asiakassuunnitelmaan.<\/p>\n<p>Jos haluat, ett\u00e4 sinulle tehd\u00e4\u00e4n asiakassuunnitelma tai ett\u00e4 asiakassuunnitelmasi tarkistetaan, ota yhteytt\u00e4 sosiaality\u00f6ntekij\u00e4\u00e4n.<\/p>\n<p><em>Onko sinulla kysytt\u00e4v\u00e4\u00e4 asiakassuunnitelmasta?<\/em><\/p>\n<p><a href=\"https:\/\/verneri.net\/selko\/verkko-kerttu\/kysy-kertulta\/\">Kysy Kertulta<\/a><\/p>\n<p><strong>Teksti:<\/strong> Jenni Sipil\u00e4, 2025<\/p>\n<p><strong>Lis\u00e4tietoa selkokielell\u00e4:<\/strong><\/p>\n<ul>\n<li><a href=\"https:\/\/www.tukiliitto.fi\/oikeudet\/palveluiden-jarjestaminen\/\" target=\"_blank\" rel=\"noopener\">Palveluiden j\u00e4rjest\u00e4minen<\/a> (tukiliitto.fi)<\/li>\n<\/ul>\n","protected":false},"excerpt":{"rendered":"<p>Vammaissopimuksen mukaan vammaisella ihmisell\u00e4 on samanlainen oikeus osallistua yhteiskuntaan kuin muilla. Vammaisella ihmisell\u00e4 on oikeus el\u00e4\u00e4 omann\u00e4k\u00f6ist\u00e4 el\u00e4m\u00e4\u00e4. Hyvinvointialue voi [&hellip;]<\/p>\n","protected":false},"author":1,"featured_media":14889,"parent":20,"menu_order":0,"comment_status":"closed","ping_status":"closed","template":"","meta":{"_acf_changed":false,"footnotes":""},"class_list":["post-129","page","type-page","status-publish","has-post-thumbnail","hentry"],"acf":[],"_links":{"self":[{"href":"https:\/\/verneri.net\/selko\/wp-json\/wp\/v2\/pages\/129","targetHints":{"allow":["GET"]}}],"collection":[{"href":"https:\/\/verneri.net\/selko\/wp-json\/wp\/v2\/pages"}],"about":[{"href":"https:\/\/verneri.net\/selko\/wp-json\/wp\/v2\/types\/page"}],"author":[{"embeddable":true,"href":"https:\/\/verneri.net\/selko\/wp-json\/wp\/v2\/users\/1"}],"replies":[{"embeddable":true,"href":"https:\/\/verneri.net\/selko\/wp-json\/wp\/v2\/comments?post=129"}],"version-history":[{"count":0,"href":"https:\/\/verneri.net\/selko\/wp-json\/wp\/v2\/pages\/129\/revisions"}],"up":[{"embeddable":true,"href":"https:\/\/verneri.net\/selko\/wp-json\/wp\/v2\/pages\/20"}],"wp:featuredmedia":[{"embeddable":true,"href":"https:\/\/verneri.net\/selko\/wp-json\/wp\/v2\/media\/14889"}],"wp:attachment":[{"href":"https:\/\/verneri.net\/selko\/wp-json\/wp\/v2\/media?parent=129"}],"curies":[{"name":"wp","href":"https:\/\/api.w.org\/{rel}","templated":true}]}}