{"id":13,"date":"2024-11-26T14:00:33","date_gmt":"2024-11-26T12:00:33","guid":{"rendered":"http:\/\/localhost\/verneri\/selko-dev\/?page_id=13"},"modified":"2025-11-06T12:26:59","modified_gmt":"2025-11-06T10:26:59","slug":"vammaisuus","status":"publish","type":"page","link":"https:\/\/verneri.net\/selko\/hyvinvointi\/vammaisuus\/","title":{"rendered":"Vammaisuus"},"content":{"rendered":"<p>Vammaisuus voi vaikeuttaa osallistumista yhteiskunnan toimintaan. Osallistumisen esteen\u00e4 voi olla esimerkiksi liian monimutkainen kieli tai rakennukset, jonne ei p\u00e4\u00e4se py\u00f6r\u00e4tuolilla.<\/p>\n<p>Yhteiskunnan teht\u00e4v\u00e4 on poistaa n\u00e4it\u00e4 esteit\u00e4 ja tarjota tukea, jotta kaikki voivat osallistua tasavertaisesti.<\/p>\n<p>Vammaisuus-sivuilta saat tietoa vammaisuudesta, autismikirjosta ja adhd:sta. Voit lukea my\u00f6s nuorten ja aikuisten ajatuksia vammaisuudesta.<\/p>\n<p><strong>Kuva:<\/strong> Jenni Sipil\u00e4<\/p>\n","protected":false},"excerpt":{"rendered":"<p>Vammaisuus voi vaikeuttaa osallistumista yhteiskunnan toimintaan. Osallistumisen esteen\u00e4 voi olla esimerkiksi liian monimutkainen kieli tai rakennukset, jonne ei p\u00e4\u00e4se py\u00f6r\u00e4tuolilla. [&hellip;]<\/p>\n","protected":false},"author":1,"featured_media":16945,"parent":8,"menu_order":42,"comment_status":"closed","ping_status":"closed","template":"","meta":{"_acf_changed":false,"footnotes":""},"class_list":["post-13","page","type-page","status-publish","has-post-thumbnail","hentry"],"acf":[],"_links":{"self":[{"href":"https:\/\/verneri.net\/selko\/wp-json\/wp\/v2\/pages\/13","targetHints":{"allow":["GET"]}}],"collection":[{"href":"https:\/\/verneri.net\/selko\/wp-json\/wp\/v2\/pages"}],"about":[{"href":"https:\/\/verneri.net\/selko\/wp-json\/wp\/v2\/types\/page"}],"author":[{"embeddable":true,"href":"https:\/\/verneri.net\/selko\/wp-json\/wp\/v2\/users\/1"}],"replies":[{"embeddable":true,"href":"https:\/\/verneri.net\/selko\/wp-json\/wp\/v2\/comments?post=13"}],"version-history":[{"count":0,"href":"https:\/\/verneri.net\/selko\/wp-json\/wp\/v2\/pages\/13\/revisions"}],"up":[{"embeddable":true,"href":"https:\/\/verneri.net\/selko\/wp-json\/wp\/v2\/pages\/8"}],"wp:featuredmedia":[{"embeddable":true,"href":"https:\/\/verneri.net\/selko\/wp-json\/wp\/v2\/media\/16945"}],"wp:attachment":[{"href":"https:\/\/verneri.net\/selko\/wp-json\/wp\/v2\/media?parent=13"}],"curies":[{"name":"wp","href":"https:\/\/api.w.org\/{rel}","templated":true}]}}