{"id":130,"date":"2010-02-03T12:59:09","date_gmt":"2010-02-03T10:59:09","guid":{"rendered":"http:\/\/localhost\/verneri\/selko-dev\/hyvinvointi\/palvelut\/henkilokohtainen-apu\/"},"modified":"2025-10-27T14:36:12","modified_gmt":"2025-10-27T12:36:12","slug":"henkilokohtainen-apu","status":"publish","type":"page","link":"https:\/\/verneri.net\/selko\/hyvinvointi\/apua-ja-tukea-arkeen\/henkilokohtainen-apu\/","title":{"rendered":"Henkil\u00f6kohtainen apu"},"content":{"rendered":"<p>Vammaisella ihmisell\u00e4 on oikeus itsen\u00e4iseen el\u00e4m\u00e4\u00e4n. Henkil\u00f6kohtainen apu voi mahdollistaa itsen\u00e4isen el\u00e4m\u00e4n.<\/p>\n<p>Henkil\u00f6kohtainen apu on palvelu, jota hyvinvointialue voi j\u00e4rjest\u00e4\u00e4 vammaiselle ihmiselle. Henkil\u00f6kohtainen apu on toisen ihmisen antamaa apua tavallisen el\u00e4m\u00e4n toimiin, joita henkil\u00f6 ei pysty tekem\u00e4\u00e4n itse vamman tai sairauden takia.<\/p>\n<p>Henkil\u00f6kohtaista apua voi saada esimerkiksi<\/p>\n<ul>\n<li>p\u00e4ivitt\u00e4isiin toimiin (esimerkiksi liikkuminen, ruuan valmistaminen, siivoaminen)<\/li>\n<li>ty\u00f6h\u00f6n<\/li>\n<li>opiskeluun<\/li>\n<li>ihmisten tapaamiseen<\/li>\n<li>vapaa-aikaan<\/li>\n<li>yhteiskunnalliseen osallistumiseen (esimerkiksi j\u00e4rjest\u00f6toiminta, vapaaehtoisty\u00f6, poliittinen toiminta)<\/li>\n<\/ul>\n<p>Vammaisella ihmisell\u00e4 on oikeus saada henkil\u00f6kohtaista apua, jos h\u00e4n tarvitsee toisen ihmisen apua<\/p>\n<ul>\n<li>p\u00e4ivitt\u00e4isiss\u00e4 toimissa<\/li>\n<li>ty\u00f6ss\u00e4 tai opiskelussa<\/li>\n<li>vuorovaikutuksessa muiden ihmisten kanssa<\/li>\n<li>vapaa-ajan toiminnassa<\/li>\n<li>yhteiskunnallisessa osallistumisessa.<\/li>\n<\/ul>\n<p>Vammainen ihminen voi saada henkil\u00f6kohtaista apua, jos h\u00e4n pystyy kertomaan, mit\u00e4 h\u00e4n haluaa tehd\u00e4 avustajan avustamana.<\/p>\n<p>Henkil\u00f6kohtaista apua j\u00e4rjest\u00e4\u00e4 hyvinvointialue. Voit kysy\u00e4 henkil\u00f6kohtaisesta avusta lis\u00e4\u00e4 omalta sosiaality\u00f6ntekij\u00e4lt\u00e4si.<\/p>\n<p>Voit kysy\u00e4 henkil\u00f6kohtaisesta avusta my\u00f6s Verkko-Kertulta. Verkko-Kerttu vastaa kysymykseesi selkokielell\u00e4.<\/p>\n<p><a href=\"https:\/\/verneri.net\/selko\/verkko-kerttu\/kysy-kertulta\/\">Kysy Kertulta<\/a><\/p>\n<p><strong>Teksti:<\/strong> Jenni Sipil\u00e4, 2025<\/p>\n<p><strong>Kuva:\u00a0<\/strong>Istock<\/p>\n<p><strong>Lis\u00e4tietoa selkokielell\u00e4:<\/strong><\/p>\n<ul>\n<li><a href=\"https:\/\/tukena.fi\/wp-content\/uploads\/2025\/01\/Mina-paatan-ja-ohjaan-omaa-tukeani_selko.pdf\" target=\"_blank\" rel=\"noopener\">Ty\u00f6v\u00e4line: Min\u00e4 p\u00e4\u00e4t\u00e4n ja ohjaan omaa tukeani<\/a> (tukena.fi)<\/li>\n<\/ul>\n","protected":false},"excerpt":{"rendered":"<p>Vammaisella ihmisell\u00e4 on oikeus itsen\u00e4iseen el\u00e4m\u00e4\u00e4n. Henkil\u00f6kohtainen apu voi mahdollistaa itsen\u00e4isen el\u00e4m\u00e4n. Henkil\u00f6kohtainen apu on palvelu, jota hyvinvointialue voi j\u00e4rjest\u00e4\u00e4 [&hellip;]<\/p>\n","protected":false},"author":1,"featured_media":16950,"parent":20,"menu_order":56,"comment_status":"open","ping_status":"closed","template":"","meta":{"_acf_changed":false,"footnotes":""},"class_list":["post-130","page","type-page","status-publish","has-post-thumbnail","hentry"],"acf":[],"_links":{"self":[{"href":"https:\/\/verneri.net\/selko\/wp-json\/wp\/v2\/pages\/130","targetHints":{"allow":["GET"]}}],"collection":[{"href":"https:\/\/verneri.net\/selko\/wp-json\/wp\/v2\/pages"}],"about":[{"href":"https:\/\/verneri.net\/selko\/wp-json\/wp\/v2\/types\/page"}],"author":[{"embeddable":true,"href":"https:\/\/verneri.net\/selko\/wp-json\/wp\/v2\/users\/1"}],"replies":[{"embeddable":true,"href":"https:\/\/verneri.net\/selko\/wp-json\/wp\/v2\/comments?post=130"}],"version-history":[{"count":0,"href":"https:\/\/verneri.net\/selko\/wp-json\/wp\/v2\/pages\/130\/revisions"}],"up":[{"embeddable":true,"href":"https:\/\/verneri.net\/selko\/wp-json\/wp\/v2\/pages\/20"}],"wp:featuredmedia":[{"embeddable":true,"href":"https:\/\/verneri.net\/selko\/wp-json\/wp\/v2\/media\/16950"}],"wp:attachment":[{"href":"https:\/\/verneri.net\/selko\/wp-json\/wp\/v2\/media?parent=130"}],"curies":[{"name":"wp","href":"https:\/\/api.w.org\/{rel}","templated":true}]}}