{"id":133,"date":"2024-12-02T11:00:25","date_gmt":"2024-12-02T09:00:25","guid":{"rendered":"http:\/\/localhost\/verneri\/selko-dev\/hyvinvointi\/palvelut\/tyotoiminta-ja-avotyotoiminta\/"},"modified":"2025-10-27T14:37:35","modified_gmt":"2025-10-27T12:37:35","slug":"tyotoiminta","status":"publish","type":"page","link":"https:\/\/verneri.net\/selko\/hyvinvointi\/apua-ja-tukea-arkeen\/tyotoiminta\/","title":{"rendered":"Ty\u00f6toiminta"},"content":{"rendered":"<p>Vammaissopimuksen mukaan vammaisella ihmisell\u00e4 on samanlainen oikeus ty\u00f6h\u00f6n kuin muillakin.<\/p>\n<p>Hyvinvointialue tai kunta voi j\u00e4rjest\u00e4\u00e4 kehitysvammaiselle nuorelle tai aikuiselle ty\u00f6toimintaa.<\/p>\n<p>Ty\u00f6toiminnan tarkoitus on tukea sinun vahvuuksiasi sek\u00e4 kyky\u00e4 toimia ja tehd\u00e4 t\u00f6it\u00e4. Ty\u00f6toiminnan teht\u00e4v\u00e4 on my\u00f6s\u00a0edist\u00e4\u00e4 p\u00e4\u00e4sy\u00e4si ty\u00f6el\u00e4m\u00e4\u00e4n.<\/p>\n<p>Hyvinvointialue voi j\u00e4rjest\u00e4\u00e4 ty\u00f6toimintaa esimerkiksi ty\u00f6- ja toimintakeskuksissa sek\u00e4 tavallisilla ty\u00f6paikoilla.<\/p>\n<h2>Ty\u00f6toiminta ty\u00f6- ja toimintakeskuksissa<\/h2>\n<p>Ty\u00f6toiminta ty\u00f6- ja toimintakeskuksissa voi olla esimerkiksi<\/p>\n<ul>\n<li>tekstiility\u00f6t\u00e4<\/li>\n<li>puuty\u00f6t\u00e4<\/li>\n<li>keitti\u00f6ty\u00f6t\u00e4<\/li>\n<li>siivousta<\/li>\n<li>kiinteist\u00f6nhuoltoa<\/li>\n<li>pakkausty\u00f6t\u00e4.<\/li>\n<\/ul>\n<p>Ty\u00f6toiminnan lis\u00e4ksi ty\u00f6- ja toimintakeskuksen p\u00e4iv\u00e4\u00e4n voi kuulua esimerkiksi liikuntaa ja opiskelua.<\/p>\n<h2>Avoty\u00f6toiminta tavallisilla ty\u00f6paikoilla<\/h2>\n<p>Avoty\u00f6 on ty\u00f6toimintaa, jota hyvinvointialue j\u00e4rjest\u00e4\u00e4 tavallisilla ty\u00f6paikoilla.<\/p>\n<p><span data-contrast=\"none\">Avoty\u00f6toiminta on usein keitti\u00f6ty\u00f6t\u00e4 tai siivousty\u00f6t\u00e4. Avoty\u00f6ntekij\u00f6it\u00e4 on my\u00f6s avustavissa teht\u00e4viss\u00e4<\/span> <span data-contrast=\"none\">kaupoissa, <\/span><span data-contrast=\"none\">p\u00e4iv\u00e4kodeissa<\/span><span data-ccp-props=\"{&quot;201341983&quot;:0,&quot;335559739&quot;:160,&quot;335559740&quot;:259}\"> ja <\/span><span data-contrast=\"none\">hoivakodeissa.<\/span><\/p>\n<p>Avoty\u00f6toiminnan ty\u00f6aika vaihtelee. Avoty\u00f6ntekij\u00e4 voi ty\u00f6skennell\u00e4 osan viikosta ty\u00f6paikalla ja osan viikosta ty\u00f6- ja toimintakeskuksessa.<\/p>\n<h2>Ty\u00f6toiminnasta maksetaan ty\u00f6osuusrahaa<\/h2>\n<p>Ty\u00f6toiminnasta ei makseta palkkaa.<\/p>\n<p>Hyvinvointialue voi maksaa ty\u00f6toiminnasta ja avoty\u00f6toiminnasta ty\u00f6osuusrahaa enint\u00e4\u00e4n 12 euroa p\u00e4iv\u00e4ss\u00e4.<\/p>\n<p>Ty\u00f6toiminnan asiakas maksaa toimintakeskukselle usein yll\u00e4pitomaksun esimerkiksi lounaasta ja kahvista.<\/p>\n<h2>Omien tarpeiden mukaan<\/h2>\n<p>Hyvinvointialue voi j\u00e4rjest\u00e4\u00e4 ty\u00f6toimintaa sinun omien tarpeittesi mukaan. Kun ty\u00f6toiminnan sis\u00e4lt\u00f6\u00e4 ja m\u00e4\u00e4r\u00e4\u00e4 suunnitellaan, sinun toiveitasi pit\u00e4\u00e4 kuunnella.<\/p>\n<p>Esimerkiksi avoty\u00f6toiminta voi olla hyv\u00e4 mahdollisuus oppia taitoja, joita tarvitaan palkkaty\u00f6ss\u00e4.<\/p>\n<p>Jos haluat ty\u00f6llisty\u00e4 palkkaty\u00f6h\u00f6n, hyvinvointialue voi j\u00e4rjest\u00e4\u00e4 sinulle ty\u00f6llistymist\u00e4 tukevaa toimintaa, kuten ty\u00f6h\u00f6nvalmennusta.<\/p>\n<p>Jos teet\u00a0osa-aikaisesti palkkaty\u00f6t\u00e4, voit osallistua my\u00f6s joinain p\u00e4ivin\u00e4 viikossa ty\u00f6toimintaan.<\/p>\n<p><em>Onko sinulla kysytt\u00e4v\u00e4\u00e4 ty\u00f6toiminnasta?<\/em><\/p>\n<p><a href=\"https:\/\/verneri.net\/selko\/verkko-kerttu\/kysy-kertulta\/\">Kysy Kertulta<\/a><\/p>\n<p><strong>Teksti:<\/strong> Jenni Sipil\u00e4, 2025<\/p>\n","protected":false},"excerpt":{"rendered":"<p>Vammaissopimuksen mukaan vammaisella ihmisell\u00e4 on samanlainen oikeus ty\u00f6h\u00f6n kuin muillakin. Hyvinvointialue tai kunta voi j\u00e4rjest\u00e4\u00e4 kehitysvammaiselle nuorelle tai aikuiselle ty\u00f6toimintaa. [&hellip;]<\/p>\n","protected":false},"author":1,"featured_media":14895,"parent":20,"menu_order":448,"comment_status":"closed","ping_status":"closed","template":"","meta":{"_acf_changed":false,"footnotes":""},"class_list":["post-133","page","type-page","status-publish","has-post-thumbnail","hentry"],"acf":[],"_links":{"self":[{"href":"https:\/\/verneri.net\/selko\/wp-json\/wp\/v2\/pages\/133","targetHints":{"allow":["GET"]}}],"collection":[{"href":"https:\/\/verneri.net\/selko\/wp-json\/wp\/v2\/pages"}],"about":[{"href":"https:\/\/verneri.net\/selko\/wp-json\/wp\/v2\/types\/page"}],"author":[{"embeddable":true,"href":"https:\/\/verneri.net\/selko\/wp-json\/wp\/v2\/users\/1"}],"replies":[{"embeddable":true,"href":"https:\/\/verneri.net\/selko\/wp-json\/wp\/v2\/comments?post=133"}],"version-history":[{"count":0,"href":"https:\/\/verneri.net\/selko\/wp-json\/wp\/v2\/pages\/133\/revisions"}],"up":[{"embeddable":true,"href":"https:\/\/verneri.net\/selko\/wp-json\/wp\/v2\/pages\/20"}],"wp:featuredmedia":[{"embeddable":true,"href":"https:\/\/verneri.net\/selko\/wp-json\/wp\/v2\/media\/14895"}],"wp:attachment":[{"href":"https:\/\/verneri.net\/selko\/wp-json\/wp\/v2\/media?parent=133"}],"curies":[{"name":"wp","href":"https:\/\/api.w.org\/{rel}","templated":true}]}}