{"id":136,"date":"2024-12-02T11:07:28","date_gmt":"2024-12-02T09:07:28","guid":{"rendered":"http:\/\/localhost\/verneri\/selko-dev\/hyvinvointi\/palkkatyo\/vinkkeja-tyonhakuun\/"},"modified":"2025-11-21T16:48:03","modified_gmt":"2025-11-21T14:48:03","slug":"vinkit-tyonhakuun","status":"publish","type":"page","link":"https:\/\/verneri.net\/selko\/hyvinvointi\/palkkatyo\/vinkit-tyonhakuun\/","title":{"rendered":"Vinkit ty\u00f6nhakuun"},"content":{"rendered":"<p>Haaveiletko uudesta ty\u00f6paikasta? Etsitk\u00f6 palkkaty\u00f6t\u00e4?<\/p>\n<p>T\u00e4ll\u00e4 sivulla on ohjeita ty\u00f6n hakemiseen.<\/p>\n<p><iframe loading=\"lazy\" title=\"Anne hakee t\u00f6it\u00e4\" width=\"500\" height=\"281\" src=\"https:\/\/www.youtube.com\/embed\/_nBLzTS8BrU?wmode=transparent&amp;rel=0&amp;feature=oembed\" frameborder=\"0\" allow=\"accelerometer; autoplay; clipboard-write; encrypted-media; gyroscope; picture-in-picture; web-share\" referrerpolicy=\"strict-origin-when-cross-origin\" allowfullscreen><\/iframe><\/p>\n<h2>Kysy ty\u00f6h\u00f6nvalmennusta<\/h2>\n<p>Suuri osa kehitysvammaisista ty\u00f6nhakijoista ty\u00f6llistyy ty\u00f6h\u00f6nvalmentajan tuella.<\/p>\n<p>Ty\u00f6h\u00f6nvalmentaja tukee sinua<\/p>\n<ul>\n<li>sopivan ty\u00f6paikan etsimisess\u00e4<\/li>\n<li>ty\u00f6n hakemisessa<\/li>\n<li>neuvotteluissa ty\u00f6nantajan kanssa<\/li>\n<li>ty\u00f6sopimuksen tekemisess\u00e4<\/li>\n<li>ty\u00f6paikkaan ja ty\u00f6kavereihin tutustumisessa<\/li>\n<li>ty\u00f6teht\u00e4vien oppimisessa<\/li>\n<li>ty\u00f6ss\u00e4 kehittymisess\u00e4.<\/li>\n<\/ul>\n<p>Ty\u00f6h\u00f6nvalmentajan tuki voi olla jatkuvaa. Yleens\u00e4 tuen tarve kuitenkin v\u00e4henee pikkuhiljaa.<\/p>\n<p>Ty\u00f6h\u00f6nvalmennuksesta k\u00e4ytet\u00e4\u00e4n eri hyvinvointialueilla eri nimityksi\u00e4.<\/p>\n<p>N\u00e4it\u00e4 ovat esimerkiksi<\/p>\n<ul>\n<li>ty\u00f6valmennus<\/li>\n<li>ty\u00f6h\u00f6nvalmennus<\/li>\n<li>tuetun ty\u00f6llistymisen ty\u00f6h\u00f6nvalmennus.<\/li>\n<\/ul>\n<p>Ty\u00f6h\u00f6nvalmennus on maksutonta. Sit\u00e4 j\u00e4rjest\u00e4v\u00e4t hyvinvointialueet ja <span data-olk-copy-source=\"MessageBody\">kuntien muodostamat ty\u00f6llisyysalueet<\/span>.<\/p>\n<p>Kysy ty\u00f6h\u00f6nvalmennusta oman hyvinvointialueesi vammaispalveluista.<\/p>\n<h2>Hanki tukihenkil\u00f6<\/h2>\n<p>My\u00f6s tukihenkil\u00f6 voi auttaa sinua ty\u00f6nhaussa.<\/p>\n<p>Voit pyyt\u00e4\u00e4 tukihenkil\u00f6ksesi esimerkiksi<\/p>\n<ul>\n<li>perheenj\u00e4sent\u00e4<\/li>\n<li>yst\u00e4v\u00e4\u00e4<\/li>\n<li>ohjaajaa.<\/li>\n<\/ul>\n<p>Tukihenkil\u00f6 ei p\u00e4\u00e4t\u00e4 ty\u00f6nhakuun liittyvi\u00e4 asioita sinun puolestasi.<\/p>\n<p>Tukihenkil\u00f6 voi auttaa sinua esimerkiksi<\/p>\n<ul>\n<li>tekem\u00e4\u00e4n itse p\u00e4\u00e4t\u00f6ksi\u00e4<\/li>\n<li>ymm\u00e4rt\u00e4m\u00e4\u00e4n vaikeita asioita<\/li>\n<li>etsim\u00e4\u00e4n tietoa<\/li>\n<li>kertomaan muille p\u00e4\u00e4t\u00f6ksist\u00e4si.<\/li>\n<\/ul>\n<h2>Tunnista omat taidot<\/h2>\n<p>Ennen kuin haet t\u00f6it\u00e4, mieti millaista ty\u00f6t\u00e4 haluat tehd\u00e4 ja millaiseen ty\u00f6h\u00f6n sinulla on koulutusta ja taitoja.<\/p>\n<p>Omista toiveista ja taidoista kannattaa jutella esimerkiksi tukihenkil\u00f6n kanssa.<\/p>\n<h2>Etsi tietoa ty\u00f6paikoista<\/h2>\n<p>Netiss\u00e4 on paljon tietoa ty\u00f6paikoista.<\/p>\n<p>Monet yritykset ja kaupungit kertovat avoimista ty\u00f6paikoista omilla nettisivuillaan.<\/p>\n<p>Netiss\u00e4 on my\u00f6s monia sivustoja, joissa ty\u00f6antajat ilmoittavat avoimista ty\u00f6paikoista.<\/p>\n<p>Voit etsi\u00e4 avoimia ty\u00f6paikkoja esimerkiksi n\u00e4ilt\u00e4 sivustoilta:<\/p>\n<ul>\n<li><a href=\"https:\/\/tyomarkkinatori.fi\/\" target=\"_blank\" rel=\"noopener\">Ty\u00f6llisyyspalvelut<\/a> (tyomarkkinatori.fi)<\/li>\n<li><a title=\"https:\/\/remmi.fi\/\" href=\"https:\/\/remmi.fi\/\" target=\"_blank\" rel=\"noopener noreferrer\" data-auth=\"NotApplicable\" data-linkindex=\"5\" data-olk-copy-source=\"MessageBody\">Remmi<\/a>\u00a0(remmi.fi)<\/li>\n<li><a title=\"https:\/\/isetu.eu\/fi\/\" href=\"https:\/\/isetu.eu\/fi\/\" target=\"_blank\" rel=\"noopener noreferrer\" data-auth=\"NotApplicable\" data-linkindex=\"6\" data-olk-copy-source=\"MessageBody\">iSetu<\/a>\u00a0(isetu.eu)<\/li>\n<li><a href=\"https:\/\/duunitori.fi\/\" target=\"_blank\" rel=\"noopener\">Duunitori<\/a> (duunitori.fi)<\/li>\n<li><a href=\"https:\/\/www.kuntarekry.fi\/\" target=\"_blank\" rel=\"noopener\">Kuntien avoimet ty\u00f6paikat<\/a> (kuntarekry.fi)<\/li>\n<li><a href=\"https:\/\/laura.fi\/\" target=\"_blank\" rel=\"noopener\">Laura<\/a> (laura.fi)<\/li>\n<li><a href=\"https:\/\/www.jobly.fi\/\" target=\"_blank\" rel=\"noopener\">Jobly<\/a> (jobly.fi)<\/li>\n<\/ul>\n<p>Ty\u00f6nantajat ilmoittavat avoimista ty\u00f6paikoista my\u00f6s sanomalehdiss\u00e4.<\/p>\n<p>Ty\u00f6paikkoja kannattaa kysell\u00e4 my\u00f6s tutuilta ihmisilt\u00e4.<\/p>\n<h2>Ota yhteytt\u00e4 ty\u00f6antajaan<\/h2>\n<p>Kun olet l\u00f6yt\u00e4nyt kiinnostavan ty\u00f6paikan, voit ottaa yhteytt\u00e4 ty\u00f6nantajaan. Voit esimerkki kysy\u00e4 lis\u00e4tietoja ty\u00f6paikasta soittamalla tai s\u00e4hk\u00f6postilla.<\/p>\n<p>Kun otat yhteytt\u00e4 ty\u00f6nantajaan, ole yst\u00e4v\u00e4llinen ja kohtelias. Kerro ja kysele asioista, jotka ovat olennaisia ty\u00f6n kannalta.<\/p>\n<p>Pyri antamaan itsest\u00e4si mahdollisimman hyv\u00e4 vaikutelma.<\/p>\n<h2>Tee ty\u00f6hakemus<\/h2>\n<p>Ty\u00f6paikkaa haetaan yleens\u00e4 kirjallisella ty\u00f6hakemuksella. Ty\u00f6hakemus l\u00e4hetet\u00e4\u00e4n usein s\u00e4hk\u00f6postissa tai tehd\u00e4\u00e4n netiss\u00e4 lomakkeelle.<\/p>\n<p>Ty\u00f6hakemuksessa pit\u00e4\u00e4 olla sinun henkil\u00f6tietosi ja tieto siit\u00e4, mit\u00e4 ty\u00f6paikkaa haet.<\/p>\n<p>Kerro hakemuksessa my\u00f6s, miksi juuri sinut kannattaa valita t\u00f6ihin. Hakemus on sinusta kertova mainos ty\u00f6antajalle.<\/p>\n<p>Kerro ty\u00f6hakemuksessa ainakin seuraavat asiat:<\/p>\n<ul>\n<li>miksi haluat kyseisen ty\u00f6n<\/li>\n<li>millainen koulutus sinulla on<\/li>\n<li>mit\u00e4 t\u00f6it\u00e4 olet tehnyt<\/li>\n<li>millaisia tietoja ja taitoja sinulla on<\/li>\n<li>millaisia harrastuksia sinulla on<\/li>\n<li>miksi sinut pit\u00e4isi valita teht\u00e4v\u00e4\u00e4n.<\/li>\n<\/ul>\n<p>Ty\u00f6hakemukseen voi liitt\u00e4\u00e4 ansioluettelon. Joskus ty\u00f6nantaja pyyt\u00e4\u00e4 ty\u00f6hakemukseen my\u00f6s todistuksia koulutuksesta tai kielitaidosta.<\/p>\n<p><a href=\"https:\/\/verneri.net\/selko\/wp-content\/uploads\/sites\/2\/2025\/05\/tyohakemus-malli-1.pdf\" target=\"_blank\" rel=\"noopener\">Katso ty\u00f6hakemuksen malli<\/a> (pdf-tiedosto)<\/p>\n<h2>Tee ansioluettelo<\/h2>\n<p>Ansioluettelon teht\u00e4v\u00e4 on kertoa ty\u00f6nantajalle, mit\u00e4 sin\u00e4 osaat ja millainen sin\u00e4 olet. Ansioluettelosta k\u00e4ytet\u00e4\u00e4n my\u00f6s nime\u00e4 CV.<\/p>\n<p>Ansioluettelossa kerrot, mit\u00e4 olet opiskellut, millaisia t\u00f6it\u00e4 olet tehnyt ja millaisia ty\u00f6el\u00e4m\u00e4n taitoja sinulla on.<\/p>\n<p>Ansioluettelossa kerrotaan tavallisesti seuraavat asiat:<\/p>\n<ul>\n<li>henkil\u00f6tiedot<\/li>\n<li>koulutus ja ty\u00f6kokemus<\/li>\n<li>osaaminen ja erityisosaaminen<\/li>\n<li>luottamusteht\u00e4v\u00e4t<\/li>\n<li>kielitaito<\/li>\n<li>harrastukset<\/li>\n<li>suosittelijat.<\/li>\n<\/ul>\n<p>Esit\u00e4 tiedot aikaj\u00e4rjestyksess\u00e4 niin, ett\u00e4 uusin tieto on aina ensin.<\/p>\n<p><a href=\"https:\/\/verneri.net\/selko\/wp-content\/uploads\/sites\/2\/2025\/05\/ansioluettelo-malli.pdf\" target=\"_blank\" rel=\"noopener\">Katso ansioluettelon malli<\/a> (pdf-tiedosto)<\/p>\n<h2>K\u00e4y ty\u00f6haastattelussa<\/h2>\n<p>Kun ty\u00f6nantaja on lukenut kaikki ty\u00f6hakemukset, h\u00e4n kutsuu osan hakijoista ty\u00f6haastatteluun. Ty\u00f6haastattelun perusteella ty\u00f6nantaja valitsee uuden ty\u00f6ntekij\u00e4n.<\/p>\n<p>Ty\u00f6haastattelu on ty\u00f6nantajan ja ty\u00f6nhakijan keskustelu, jossa molemmat tutustuvat toisiinsa.<\/p>\n<p>Ty\u00f6nantaja haluaa tiet\u00e4\u00e4, millainen sin\u00e4 olet ja sopisitko hakemaasi ty\u00f6paikkaan.<\/p>\n<p>Haastattelussa ty\u00f6nantaja kyselee koulutuksestasi, ty\u00f6kokemuksestasi ja siit\u00e4, millainen ty\u00f6ntekij\u00e4 olet. Vastaa kysymyksiin rehellisesti.<\/p>\n<p>Kysele my\u00f6s itse ty\u00f6paikasta. N\u00e4in osoitat, ett\u00e4 olet ty\u00f6paikasta kiinnostunut.<\/p>\n<p>Ty\u00f6haastatteluun kannattaa valmistautua hyvin. Harjoittele haastattelutilannetta etuk\u00e4teen esimerkiksi tukihenkil\u00f6n kanssa.<\/p>\n<p>Pukeudu haastatteluun siististi. Mene haastatteluun ajoissa, ole kohtelias ja yst\u00e4v\u00e4llinen.<\/p>\n<p>Ty\u00f6haastattelu on sinun tilaisuutesi osoittaa, ett\u00e4 olet hyv\u00e4 valinta ty\u00f6ntekij\u00e4ksi.<\/p>\n<p><strong>Teksti:<\/strong> Jenni Sipil\u00e4, 2023<\/p>\n<p><strong>L\u00e4hteet ja lis\u00e4tietoa selkokielell\u00e4:<\/strong><\/p>\n<ul>\n<li><a href=\"https:\/\/verneri.net\/selko\/wp-content\/uploads\/sites\/2\/2025\/05\/savas-tyoelaman-paamies-opas.pdf\" target=\"_blank\" rel=\"noopener\">Savon vammaispalvelus\u00e4\u00e4ti\u00f6: Ty\u00f6el\u00e4m\u00e4np\u00e4\u00e4mies -opas<\/a>\u00a0(pdf-tiedosto)<\/li>\n<li><a href=\"https:\/\/verneri.net\/selko\/wp-content\/uploads\/sites\/2\/2025\/05\/mahdollista-pieni-tyokirja-tyonhakijalle.pdf\" target=\"_blank\" rel=\"noopener noreferrer\">Mahdollista! Pieni ty\u00f6kirja ty\u00f6nhakijalle<\/a> (pdf-tiedosto)<\/li>\n<li><a href=\"https:\/\/verneri.net\/selko\/wp-content\/uploads\/sites\/2\/2025\/05\/tietoa-tyosta-toimeentulosta-ja-koulutuksesta-selkoesite-verkko-2.pdf\" target=\"_blank\" rel=\"noopener\">Tietoa ty\u00f6st\u00e4, toimeentulosta ja koulutuksesta<\/a> (pdf-tiedosto)<\/li>\n<li><a href=\"https:\/\/tukena.fi\/wp-content\/uploads\/2024\/03\/Poweriaa-tyohon_FI.pdf\" target=\"_blank\" rel=\"noopener\">Poweriaa ty\u00f6h\u00f6n -opas<\/a> (tukena.fi)<\/li>\n<li><a href=\"https:\/\/www.tukiliitto.fi\/wp-content\/uploads\/2017\/10\/mahti_polkuja_palkkatyohon.pdf\" target=\"_blank\" rel=\"noopener\">Polkuja palkkatyo\u0308ho\u0308n -esite<\/a> (tukiliitto.fi)<\/li>\n<li><a href=\"https:\/\/www.jamk.fi\/sites\/default\/files\/2023-05\/Polku_tyoelamaan_web.pdf\" target=\"_blank\" rel=\"noopener\">Polku ty\u00f6el\u00e4m\u00e4\u00e4n \u2013 Opas tuetun osuuskunnan kautta ty\u00f6llistyv\u00e4lle<\/a> (jamk.fi)<\/li>\n<\/ul>\n","protected":false},"excerpt":{"rendered":"<p>Haaveiletko uudesta ty\u00f6paikasta? Etsitk\u00f6 palkkaty\u00f6t\u00e4? T\u00e4ll\u00e4 sivulla on ohjeita ty\u00f6n hakemiseen. Kysy ty\u00f6h\u00f6nvalmennusta Suuri osa kehitysvammaisista ty\u00f6nhakijoista ty\u00f6llistyy ty\u00f6h\u00f6nvalmentajan tuella. [&hellip;]<\/p>\n","protected":false},"author":1,"featured_media":14688,"parent":22,"menu_order":69,"comment_status":"closed","ping_status":"closed","template":"","meta":{"_acf_changed":false,"footnotes":""},"class_list":["post-136","page","type-page","status-publish","has-post-thumbnail","hentry"],"acf":[],"_links":{"self":[{"href":"https:\/\/verneri.net\/selko\/wp-json\/wp\/v2\/pages\/136","targetHints":{"allow":["GET"]}}],"collection":[{"href":"https:\/\/verneri.net\/selko\/wp-json\/wp\/v2\/pages"}],"about":[{"href":"https:\/\/verneri.net\/selko\/wp-json\/wp\/v2\/types\/page"}],"author":[{"embeddable":true,"href":"https:\/\/verneri.net\/selko\/wp-json\/wp\/v2\/users\/1"}],"replies":[{"embeddable":true,"href":"https:\/\/verneri.net\/selko\/wp-json\/wp\/v2\/comments?post=136"}],"version-history":[{"count":0,"href":"https:\/\/verneri.net\/selko\/wp-json\/wp\/v2\/pages\/136\/revisions"}],"up":[{"embeddable":true,"href":"https:\/\/verneri.net\/selko\/wp-json\/wp\/v2\/pages\/22"}],"wp:featuredmedia":[{"embeddable":true,"href":"https:\/\/verneri.net\/selko\/wp-json\/wp\/v2\/media\/14688"}],"wp:attachment":[{"href":"https:\/\/verneri.net\/selko\/wp-json\/wp\/v2\/media?parent=136"}],"curies":[{"name":"wp","href":"https:\/\/api.w.org\/{rel}","templated":true}]}}