{"id":138,"date":"2010-01-19T15:28:33","date_gmt":"2010-01-19T13:28:33","guid":{"rendered":"http:\/\/localhost\/verneri\/selko-dev\/hyvinvointi\/palkkatyo\/kokemuksia-palkkatyosta\/"},"modified":"2025-10-30T12:13:37","modified_gmt":"2025-10-30T10:13:37","slug":"toimistoapulaisena-alkossa","status":"publish","type":"page","link":"https:\/\/verneri.net\/selko\/hyvinvointi\/palkkatyo\/toimistoapulaisena-alkossa\/","title":{"rendered":"Toimistoapulaisena Alkossa"},"content":{"rendered":"<p>Sanna Sepponen ty\u00f6skentelee Alkon p\u00e4\u00e4konttorissa toimistoapulaisena.<\/p>\n<p><iframe loading=\"lazy\" title=\"Sanna toimistoapulaisena\" width=\"500\" height=\"281\" src=\"https:\/\/www.youtube.com\/embed\/cecS3odz4TQ?wmode=transparent&amp;rel=0&amp;feature=oembed\" frameborder=\"0\" allow=\"accelerometer; autoplay; clipboard-write; encrypted-media; gyroscope; picture-in-picture; web-share\" referrerpolicy=\"strict-origin-when-cross-origin\" allowfullscreen><\/iframe><\/p>\n<h2>Mit\u00e4 teet ty\u00f6ksesi?<\/h2>\n<p>M\u00e4 tiskailen ja laitan astioita paikoilleen. Vien my\u00f6s pulloja h\u00e4vitykseen.<\/p>\n<h2>Mik\u00e4 ty\u00f6ss\u00e4si on parasta?<\/h2>\n<p>Pullojen heitto, saa paiskoa! M\u00e4 nautin siit\u00e4. Mulla on suojalasit ja kuulosuojaimet korvilla.<\/p>\n<h2>Millainen ty\u00f6aika sinulla on?<\/h2>\n<p>Olen t\u00f6iss\u00e4 maanantaista torstaihin, en perjantaisin.<\/p>\n<p>Teen nelj\u00e4n tunnin p\u00e4ivi\u00e4. Ty\u00f6t alkavat yhdelt\u00e4toista ja p\u00e4\u00e4sen kolmelta.<\/p>\n<h2>Saatko palkan lis\u00e4ksi el\u00e4kett\u00e4?<\/h2>\n<p>Kyll\u00e4. Jos palkka nousee el\u00e4kerajan yli, laitan el\u00e4kkeen lep\u00e4\u00e4m\u00e4\u00e4n.<\/p>\n<h2>Saatko ty\u00f6ntekoon tukea?<\/h2>\n<p>Joo, saan ty\u00f6h\u00f6nvalmentajalta tukea. Ty\u00f6h\u00f6nvalmentaja k\u00e4y tarpeen mukaan, jos esimerkiksi ty\u00f6teht\u00e4v\u00e4t muuttuvat.<\/p>\n<p>Ty\u00f6h\u00f6nvalmentaja on Helsingin kaupungin tuetun ty\u00f6llistymisen palvelusta.<\/p>\n<h2>Miten sait ty\u00f6paikan?<\/h2>\n<p>Olin ty\u00f6haastattelussa. Se oli helppoa. Haastattelija kysyi, mit\u00e4 pystyn tekem\u00e4\u00e4n ja mik\u00e4 on mun aikaisempi ty\u00f6kokemus.<\/p>\n<h2>Millaisia palkkat\u00f6it\u00e4 olet tehnyt aiemmin?<\/h2>\n<p>Olin kes\u00e4ty\u00f6ss\u00e4 Stockmannilla, kahvilan puolella. Olin kylm\u00e4kk\u00f6n\u00e4. Tein leipi\u00e4 ja salaatteja.<\/p>\n<p>Olen ollut my\u00f6s kolmessa M\u00e4kk\u00e4riss\u00e4 t\u00f6iss\u00e4.<\/p>\n<p>Sitten menin eduskuntaan SDP-puolueelle toimistohommiin apulaiseksi.<\/p>\n<h2>Miten p\u00e4\u00e4sit ensimm\u00e4iseen palkkaty\u00f6h\u00f6n?<\/h2>\n<p>M\u00e4 soitin ty\u00f6h\u00f6nvalmentajalle, ett\u00e4 m\u00e4 haluan oikeisiin palkkat\u00f6ihin.<\/p>\n<h2>Mit\u00e4 olet opiskellut?<\/h2>\n<p>Olen k\u00e4ynyt Helsingin Diakonissaopistossa kolmevuotisen linjan, josta valmistuin keitti\u00f6alalle.<\/p>\n<h2>Miss\u00e4 olet hyv\u00e4?<\/h2>\n<p>M\u00e4 oon rohkea ja sosiaalinen, kaikkien kaveri. Pystyn n\u00e4ytt\u00e4m\u00e4\u00e4n asioita muillekin.<\/p>\n<h2>Miksi palkkaty\u00f6 on sinulle t\u00e4rke\u00e4\u00e4?<\/h2>\n<p>Oon k\u00e4ynyt ty\u00f6toiminnassa kokeilemassa. Ei ollut mun juttu.<\/p>\n<p>Palkkaty\u00f6 on sit\u00e4, ett\u00e4 saa enemm\u00e4n liksaa, vaikka saakin el\u00e4kett\u00e4.<\/p>\n<p>Palkkaty\u00f6n ansiosta saan el\u00e4\u00e4 omaa el\u00e4m\u00e4\u00e4. On oma arki, ty\u00f6 ja kaverit.<\/p>\n<h2>Suositteletko palkkaty\u00f6t\u00e4 muille?<\/h2>\n<p>Kyll\u00e4. Palkkaty\u00f6n avulla voi muuttaa pois kotoa, itsen\u00e4isty\u00e4 ja oppia uusia asioita.<\/p>\n<h2>Millaisen ohjeen annat nuorelle, joka haluaa palkkaty\u00f6h\u00f6n?<\/h2>\n<p>Ota yhteytt\u00e4 sinne, mihin haluat menn\u00e4 t\u00f6ihin.<\/p>\n<p>Tai ota yhteytt\u00e4 ty\u00f6h\u00f6nvalmentajaan. Ty\u00f6h\u00f6nvalmentaja r\u00e4\u00e4t\u00e4l\u00f6i sinulle sopivan ty\u00f6n. Sellaisen ty\u00f6n, mik\u00e4 kiinnostaa.<\/p>\n<p><strong>Teksti:<\/strong> Jenni Sipil\u00e4, 2022<\/p>\n","protected":false},"excerpt":{"rendered":"<p>Sanna Sepponen ty\u00f6skentelee Alkon p\u00e4\u00e4konttorissa toimistoapulaisena. Mit\u00e4 teet ty\u00f6ksesi? M\u00e4 tiskailen ja laitan astioita paikoilleen. Vien my\u00f6s pulloja h\u00e4vitykseen. Mik\u00e4 [&hellip;]<\/p>\n","protected":false},"author":1,"featured_media":14685,"parent":22,"menu_order":74,"comment_status":"open","ping_status":"closed","template":"","meta":{"_acf_changed":false,"footnotes":""},"class_list":["post-138","page","type-page","status-publish","has-post-thumbnail","hentry"],"acf":[],"_links":{"self":[{"href":"https:\/\/verneri.net\/selko\/wp-json\/wp\/v2\/pages\/138","targetHints":{"allow":["GET"]}}],"collection":[{"href":"https:\/\/verneri.net\/selko\/wp-json\/wp\/v2\/pages"}],"about":[{"href":"https:\/\/verneri.net\/selko\/wp-json\/wp\/v2\/types\/page"}],"author":[{"embeddable":true,"href":"https:\/\/verneri.net\/selko\/wp-json\/wp\/v2\/users\/1"}],"replies":[{"embeddable":true,"href":"https:\/\/verneri.net\/selko\/wp-json\/wp\/v2\/comments?post=138"}],"version-history":[{"count":0,"href":"https:\/\/verneri.net\/selko\/wp-json\/wp\/v2\/pages\/138\/revisions"}],"up":[{"embeddable":true,"href":"https:\/\/verneri.net\/selko\/wp-json\/wp\/v2\/pages\/22"}],"wp:featuredmedia":[{"embeddable":true,"href":"https:\/\/verneri.net\/selko\/wp-json\/wp\/v2\/media\/14685"}],"wp:attachment":[{"href":"https:\/\/verneri.net\/selko\/wp-json\/wp\/v2\/media?parent=138"}],"curies":[{"name":"wp","href":"https:\/\/api.w.org\/{rel}","templated":true}]}}