{"id":14,"date":"2010-01-21T10:47:13","date_gmt":"2010-01-21T08:47:13","guid":{"rendered":"http:\/\/localhost\/verneri\/selko-dev\/hyvinvointi\/vammaisuuden-syyt\/"},"modified":"2025-09-08T17:43:39","modified_gmt":"2025-09-08T14:43:39","slug":"kehitysvammaisuuden-syyt","status":"publish","type":"page","link":"https:\/\/verneri.net\/selko\/hyvinvointi\/vammaisuus\/kehitysvammaisuuden-syyt\/","title":{"rendered":"Kehitysvammaisuuden syyt"},"content":{"rendered":"<p>Moni asia voi aiheuttaa kehitysvamman.<\/p>\n<p>Ihmisell\u00e4 voi olla kehitysvamma syntyess\u00e4\u00e4n. Lapsi voi vammautua my\u00f6s synnytyksen aikana. Lis\u00e4ksi lapsuuden sairaus tai tapaturma voi aiheuttaa kehitysvamman.<\/p>\n<p>Aina syyt\u00e4 ei tiedet\u00e4.<\/p>\n<h2>Vamma voi olla perinn\u00f6llinen<\/h2>\n<p>Perint\u00f6tekij\u00e4t vaikuttavat siihen, millainen ihmisest\u00e4 tulee. H\u00e4iri\u00f6 perint\u00f6tekij\u00f6iss\u00e4 voi aiheuttaa kehitysvamman.<\/p>\n<p>Perint\u00f6tekij\u00e4t ovat ihmisen kromosomeissa. Kehitysvamma voi johtua esimerkiksi siit\u00e4, ett\u00e4 kromosomeja on liikaa tai liian v\u00e4h\u00e4n.<\/p>\n<p>Esimerkiksi Downin syndrooma johtuu siit\u00e4, ett\u00e4 lapsella on yksi ylim\u00e4\u00e4r\u00e4inen kromosomi.<\/p>\n<h2>Vamma voi synty\u00e4 raskauden aikana<\/h2>\n<p>Lapsen vamma voi synty\u00e4 my\u00f6s raskauden aikana eli silloin, kun \u00e4iti odottaa lasta.<\/p>\n<p>Kun lapsi on \u00e4idin kohdussa, sit\u00e4 kutsutaan siki\u00f6ksi. Siki\u00f6 voi vammautua esimerkiksi siksi, ett\u00e4 se ei saa tarpeeksi happea.<\/p>\n<p>My\u00f6s \u00e4idin sairastuminen tai \u00e4idin k\u00e4ytt\u00e4m\u00e4t l\u00e4\u00e4kkeet voivat aiheuttaa vamman.<\/p>\n<h2>Lapsi voi vammautua synnytyksess\u00e4<\/h2>\n<p>Lapsi voi vammautua my\u00f6s synnytyksen aikana.<\/p>\n<p>Lapsi voi vammautua esimerkiksi siksi, ettei h\u00e4n saa synnytyksess\u00e4 tarpeeksi happea. Hapen puute voi johtua esimerkiksi siit\u00e4, ett\u00e4 synnytys kest\u00e4\u00e4 liian kauan.<\/p>\n<p>Lapsi voi synty\u00e4 my\u00f6s liian aikaisin eli keskosena.<\/p>\n<h2>Lapsuuden sairaus voi aiheuttaa vamman<\/h2>\n<p>Kehitysvamma voi synty\u00e4 my\u00f6s lapsuudessa. Esimerkiksi lapsuuden sairaudet tai tapaturmat voivat aiheuttaa\u00a0 kehitysvamman.<\/p>\n<p><strong>Teksti:<\/strong> Outi Raunetvuo ja Jenni Sipil\u00e4, 2022<br \/>\n<strong>Kuva:<\/strong> Istock<\/p>\n","protected":false},"excerpt":{"rendered":"<p>Moni asia voi aiheuttaa kehitysvamman. Ihmisell\u00e4 voi olla kehitysvamma syntyess\u00e4\u00e4n. Lapsi voi vammautua my\u00f6s synnytyksen aikana. Lis\u00e4ksi lapsuuden sairaus tai [&hellip;]<\/p>\n","protected":false},"author":1,"featured_media":16970,"parent":13,"menu_order":30,"comment_status":"open","ping_status":"closed","template":"","meta":{"_acf_changed":false,"footnotes":""},"class_list":["post-14","page","type-page","status-publish","has-post-thumbnail","hentry"],"acf":[],"_links":{"self":[{"href":"https:\/\/verneri.net\/selko\/wp-json\/wp\/v2\/pages\/14","targetHints":{"allow":["GET"]}}],"collection":[{"href":"https:\/\/verneri.net\/selko\/wp-json\/wp\/v2\/pages"}],"about":[{"href":"https:\/\/verneri.net\/selko\/wp-json\/wp\/v2\/types\/page"}],"author":[{"embeddable":true,"href":"https:\/\/verneri.net\/selko\/wp-json\/wp\/v2\/users\/1"}],"replies":[{"embeddable":true,"href":"https:\/\/verneri.net\/selko\/wp-json\/wp\/v2\/comments?post=14"}],"version-history":[{"count":0,"href":"https:\/\/verneri.net\/selko\/wp-json\/wp\/v2\/pages\/14\/revisions"}],"up":[{"embeddable":true,"href":"https:\/\/verneri.net\/selko\/wp-json\/wp\/v2\/pages\/13"}],"wp:featuredmedia":[{"embeddable":true,"href":"https:\/\/verneri.net\/selko\/wp-json\/wp\/v2\/media\/16970"}],"wp:attachment":[{"href":"https:\/\/verneri.net\/selko\/wp-json\/wp\/v2\/media?parent=14"}],"curies":[{"name":"wp","href":"https:\/\/api.w.org\/{rel}","templated":true}]}}