{"id":141,"date":"2016-04-17T08:45:19","date_gmt":"2016-04-17T05:45:19","guid":{"rendered":"http:\/\/localhost\/verneri\/selko-dev\/hyvinvointi\/palkkatyo\/testaa-tietosi-palkkatyosta\/"},"modified":"2025-11-21T16:38:30","modified_gmt":"2025-11-21T14:38:30","slug":"testaa-tietosi-palkkatyosta","status":"publish","type":"page","link":"https:\/\/verneri.net\/selko\/hyvinvointi\/palkkatyo\/testaa-tietosi-palkkatyosta\/","title":{"rendered":"Testaa tietosi palkkaty\u00f6st\u00e4"},"content":{"rendered":"<div class=\"quiz-wrapper\"><form name=\"post\" action=\"https:\/\/verneri.net\/selko\/hyvinvointi\/palkkatyo\/testaa-tietosi-palkkatyosta\/\" method=\"post\" id=\"quiz\" style=\"text-align: left;\">\r\n\r\n<ol>\r\n<li><p>Mit\u00e4 palkkaty\u00f6st\u00e4 maksetaan?<\/p><p>\n    <input type=\"radio\" name=\"answer[0]\" id=\"answer-0-0\" value=\"0\" \/> <label for=\"answer-0-0\">Palkkaa<\/label><br \/>\n    <input type=\"radio\" name=\"answer[0]\" id=\"answer-0-2\" value=\"2\" \/> <label for=\"answer-0-2\">Ty\u00f6osuusrahaa<\/label><br \/>\n    <input type=\"radio\" name=\"answer[0]\" id=\"answer-0-1\" value=\"1\" \/> <label for=\"answer-0-1\">El\u00e4kett\u00e4<\/label><br \/>\n<\/p><\/li>\n<li><p>Mink\u00e4 ty\u00f6nantaja ja ty\u00f6ntekij\u00e4 tekev\u00e4t ty\u00f6suhteen alussa?<\/p><p>\n    <input type=\"radio\" name=\"answer[1]\" id=\"answer-1-1\" value=\"1\" \/> <label for=\"answer-1-1\">Palkkalaskelman<\/label><br \/>\n    <input type=\"radio\" name=\"answer[1]\" id=\"answer-1-2\" value=\"2\" \/> <label for=\"answer-1-2\">Kauppalistan<\/label><br \/>\n    <input type=\"radio\" name=\"answer[1]\" id=\"answer-1-0\" value=\"0\" \/> <label for=\"answer-1-0\">Ty\u00f6sopimuksen<\/label><br \/>\n<\/p><\/li>\n<li><p>Mit\u00e4 ty\u00f6h\u00f6nvalmentaja tekee?<\/p><p>\n    <input type=\"radio\" name=\"answer[2]\" id=\"answer-2-1\" value=\"1\" \/> <label for=\"answer-2-1\">Auttaa kodin sisustamisessa<\/label><br \/>\n    <input type=\"radio\" name=\"answer[2]\" id=\"answer-2-0\" value=\"0\" \/> <label for=\"answer-2-0\">Tukee ty\u00f6paikan l\u00f6yt\u00e4misess\u00e4 ja ty\u00f6n tekemisess\u00e4<\/label><br \/>\n    <input type=\"radio\" name=\"answer[2]\" id=\"answer-2-2\" value=\"2\" \/> <label for=\"answer-2-2\">Valmentaa kuntosalilla<\/label><br \/>\n<\/p><\/li>\n<li><p>Mill\u00e4 t\u00f6it\u00e4 haetaan?<\/p><p>\n    <input type=\"radio\" name=\"answer[3]\" id=\"answer-3-1\" value=\"1\" \/> <label for=\"answer-3-1\">Kirjeenvaihtoilmoituksella<\/label><br \/>\n    <input type=\"radio\" name=\"answer[3]\" id=\"answer-3-2\" value=\"2\" \/> <label for=\"answer-3-2\">Kauppalistalla<\/label><br \/>\n    <input type=\"radio\" name=\"answer[3]\" id=\"answer-3-0\" value=\"0\" \/> <label for=\"answer-3-0\">Ty\u00f6hakemuksella<\/label><br \/>\n<\/p><\/li>\n<li><p>Kenelle ty\u00f6ntekij\u00e4n pit\u00e4\u00e4 ilmoittaa sairastumisesta ty\u00f6aikana? <\/p><p>\n    <input type=\"radio\" name=\"answer[4]\" id=\"answer-4-1\" value=\"1\" \/> <label for=\"answer-4-1\">Naapurin Sepolle<\/label><br \/>\n    <input type=\"radio\" name=\"answer[4]\" id=\"answer-4-2\" value=\"2\" \/> <label for=\"answer-4-2\">Parhaalle yst\u00e4v\u00e4lle<\/label><br \/>\n    <input type=\"radio\" name=\"answer[4]\" id=\"answer-4-0\" value=\"0\" \/> <label for=\"answer-4-0\">Ty\u00f6nantajalle<\/label><br \/>\n<\/p><\/li>\n<\/ol>\r\n\r\n<p class=\"submit\">\r\n<input type=\"submit\" name=\"submit\" style=\"font-weight: bold;\" value=\"N&auml;yt&auml; tulos\" \/>\r\n<\/p>\r\n\r\n<input type=\"hidden\" name=\"quiz_id\" id=\"quiz_id\" value=\"13\" \/>\r\n\r\n<\/form><\/div>\n","protected":false},"excerpt":{"rendered":"<p>Mit\u00e4 palkkaty\u00f6st\u00e4 maksetaan? Ty\u00f6osuusrahaa Palkkaa El\u00e4kett\u00e4 Mink\u00e4 ty\u00f6nantaja ja ty\u00f6ntekij\u00e4 tekev\u00e4t ty\u00f6suhteen alussa? Ty\u00f6sopimuksen Palkkalaskelman Kauppalistan Mit\u00e4 ty\u00f6h\u00f6nvalmentaja tekee? Tukee [&hellip;]<\/p>\n","protected":false},"author":1,"featured_media":15095,"parent":22,"menu_order":82,"comment_status":"closed","ping_status":"closed","template":"","meta":{"_acf_changed":false,"footnotes":""},"class_list":["post-141","page","type-page","status-publish","has-post-thumbnail","hentry"],"acf":[],"_links":{"self":[{"href":"https:\/\/verneri.net\/selko\/wp-json\/wp\/v2\/pages\/141","targetHints":{"allow":["GET"]}}],"collection":[{"href":"https:\/\/verneri.net\/selko\/wp-json\/wp\/v2\/pages"}],"about":[{"href":"https:\/\/verneri.net\/selko\/wp-json\/wp\/v2\/types\/page"}],"author":[{"embeddable":true,"href":"https:\/\/verneri.net\/selko\/wp-json\/wp\/v2\/users\/1"}],"replies":[{"embeddable":true,"href":"https:\/\/verneri.net\/selko\/wp-json\/wp\/v2\/comments?post=141"}],"version-history":[{"count":0,"href":"https:\/\/verneri.net\/selko\/wp-json\/wp\/v2\/pages\/141\/revisions"}],"up":[{"embeddable":true,"href":"https:\/\/verneri.net\/selko\/wp-json\/wp\/v2\/pages\/22"}],"wp:featuredmedia":[{"embeddable":true,"href":"https:\/\/verneri.net\/selko\/wp-json\/wp\/v2\/media\/15095"}],"wp:attachment":[{"href":"https:\/\/verneri.net\/selko\/wp-json\/wp\/v2\/media?parent=141"}],"curies":[{"name":"wp","href":"https:\/\/api.w.org\/{rel}","templated":true}]}}