{"id":14271,"date":"2024-12-30T10:01:30","date_gmt":"2024-12-30T08:01:30","guid":{"rendered":"http:\/\/localhost\/verneri\/selko-dev\/blogit\/nain-perustat-blogin\/"},"modified":"2025-10-30T14:29:06","modified_gmt":"2025-10-30T12:29:06","slug":"vinkit-bloggaamiseen","status":"publish","type":"page","link":"https:\/\/verneri.net\/selko\/blogit\/vinkit-bloggaamiseen\/","title":{"rendered":"Vinkit bloggaamiseen"},"content":{"rendered":"<p>Blogi on verkkosivu, jossa voit kertoa sinulle t\u00e4rkeist\u00e4 asioista.<\/p>\n<p>Ei ole yht\u00e4 oikeaa tapaa blogata eli tehd\u00e4 blogia. Jokainen bloggaa omalla tyylill\u00e4\u00e4n. Juuri se on blogeissa parasta!<\/p>\n<p><strong>Katso Juhan ja Karoliinan kokemuksia bloggaamisesta:<\/strong><\/p>\n<p><iframe loading=\"lazy\" title=\"Kokemuksia bloggaamisesta\" width=\"500\" height=\"281\" src=\"https:\/\/www.youtube.com\/embed\/hIqXveFrHIM?wmode=transparent&amp;rel=0&amp;feature=oembed\" frameborder=\"0\" allow=\"accelerometer; autoplay; clipboard-write; encrypted-media; gyroscope; picture-in-picture; web-share\" referrerpolicy=\"strict-origin-when-cross-origin\" allowfullscreen><\/iframe><\/p>\n<p><strong>Katso Juhan ja Karoliinan vinkit bloggaamiseen:<\/strong><\/p>\n<p><iframe loading=\"lazy\" title=\"Vinkkej\u00e4 bloggaamiseen\" width=\"500\" height=\"281\" src=\"https:\/\/www.youtube.com\/embed\/6KN7k1JEuLw?wmode=transparent&amp;rel=0&amp;feature=oembed\" frameborder=\"0\" allow=\"accelerometer; autoplay; clipboard-write; encrypted-media; gyroscope; picture-in-picture; web-share\" referrerpolicy=\"strict-origin-when-cross-origin\" allowfullscreen><\/iframe><\/p>\n<h2>Lue vinkit bloggaamiseen<\/h2>\n<p>Blogia voi kirjoittaa eri nettisivustoilla.<\/p>\n<p>Vernerin selkosivuille voit perustaa oman blogin tai kirjoittaa kaikkien yhteiseen Blogataan yhdess\u00e4 -blogiin.<\/p>\n<h3>P\u00e4\u00e4t\u00e4 blogin aihe<\/h3>\n<p>Jos perustat oman blogin, p\u00e4\u00e4t\u00e4 blogin aihe.<\/p>\n<p>Mieti, miksi haluat blogata?<\/p>\n<p>Haluatko esimerkiksi<\/p>\n<ul>\n<li>kertoa omista kokemuksista?<\/li>\n<li>antaa vinkkej\u00e4<\/li>\n<li>vaikuttaa sinulle t\u00e4rke\u00e4\u00e4 asiaan?<\/li>\n<\/ul>\n<p>Blogin aihe voi olla vaikkapa harrastus tai joku asia, johon haluat muutosta.<\/p>\n<p>Blogin aihe voi olla esimerkiksi ratsastus, ruuanlaitto tai kehitysvammaisten ihmisten ty\u00f6llistyminen.<\/p>\n<p>Valitse aihe, joka on sinulle t\u00e4rke\u00e4 ja tuttu.<\/p>\n<h3>Keksi blogille nimi<\/h3>\n<p>Keksi blogille nimi, joka kertoo blogin aiheesta.<\/p>\n<p>Blogin nimi voi olla vaikkapa Jaakon hevosjuttuja tai Esa vaikuttaa.<\/p>\n<h3>Pohdi, mit\u00e4 julkaiset<\/h3>\n<p>Mieti, millaista sis\u00e4lt\u00f6\u00e4 julkaiset blogissa.<\/p>\n<p>Julkaisetko kirjoituksia, kuvia tai videoita?<\/p>\n<p>Jos julkaiset kuvia, varmista ett\u00e4 sinulla on lupa kuvien julkaisuun.<\/p>\n<p>Jos kuvan on ottanut joku muu, pyyd\u00e4 h\u00e4nelt\u00e4 lupa kuvan julkaisuun netiss\u00e4 ja somessa.<\/p>\n<p>Jos kuvassa on ihmisi\u00e4, pyyd\u00e4 heilt\u00e4 lupa kuvan julkaisuun.<\/p>\n<h3>Mieti, miten usein julkaiset<\/h3>\n<p>Blogissa kannattaa julkaista uutta sis\u00e4lt\u00f6\u00e4 s\u00e4\u00e4nn\u00f6llisesti.<\/p>\n<p>Voit tehd\u00e4 uuden julkaisun vaikkapa kerran tai kaksi kertaa kuussa.<\/p>\n<h3>P\u00e4\u00e4t\u00e4 julkaisun aihe<\/h3>\n<p>Blogijulkaisu voi olla kirjoitus, kuvia tai video jostain sinulle ajankohtaisesta aiheesta.<\/p>\n<p>Kun teet julkaisun, p\u00e4\u00e4t\u00e4 ensin julkaisun aihe:<\/p>\n<ul>\n<li>Mit\u00e4 julkaisu k\u00e4sittelee?<\/li>\n<li>Mit\u00e4 haluat kertoa tai sanoa?<\/li>\n<\/ul>\n<p>K\u00e4sittele yhdess\u00e4 julkaisussa vain yht\u00e4 aihetta.<\/p>\n<p>Julkaisun aihe voi olla esimerkiksi ruoka, jonka valmistit tai elokuva, jonka katsoit.<\/p>\n<h3>Keksi kiinnostava otsikko<\/h3>\n<p>Keksi julkaisulle otsikko, joka kiinnostaa lukijaa.<\/p>\n<p>Hyv\u00e4 otsikko kertoo, mit\u00e4 julkaisu k\u00e4sittelee.<\/p>\n<p>Julkaisun otsikko voi olla esimerkiksi<\/p>\n<ul>\n<li>Ik\u00e4v\u00e4 tallille<\/li>\n<li>N\u00e4in leivot pipareita<\/li>\n<li>\u00c4l\u00e4 kiusaa.<\/li>\n<\/ul>\n<h3>Kirjoita lyhyesti<\/h3>\n<p>Blogikirjoituksen ei tarvitse olla pitk\u00e4, p\u00e4invastoin. Jos kirjoitus on lyhyt, lukija jaksaa lukea sen loppuun.<\/p>\n<p>Kirjoita lyhyit\u00e4 lauseita ja kappaleita. Silloin teksti on helppo lukea.<\/p>\n<p>K\u00e4yt\u00e4 luetteloita eli listoja. Ne helpottavat lukemista.<\/p>\n<h3>Vastaa kommentteihin<\/h3>\n<p>Yleens\u00e4 blogin lukijat voivat kommentoida julkaisuja. Lukijoiden kommentteihin kannattaa vastata.<\/p>\n<p>Voit my\u00f6s kysy\u00e4 lukijoiltasi kysymyksi\u00e4. Lukijat voivat vastata sinulle julkaisun kommentteihin.<\/p>\n<h3>Varaudu keskusteluun somessa<\/h3>\n<p>Jos jaat blogisi someen, saat blogillesi lis\u00e4\u00e4 seuraajia.<\/p>\n<p>Blogisi voi her\u00e4tt\u00e4\u00e4 somessa keskustelua. Ihmiset voivat kirjoittaa my\u00f6s kielteisi\u00e4 kommentteja.<\/p>\n<p>Mieti etuk\u00e4teen, miten suhtaudut kielteisiin kommentteihin. Vastaatko kielteisiin kommentteihin vihaisesti vai yst\u00e4v\u00e4llisesti?<\/p>\n<p>Jos somen keskustelu suututtaa, ota aikalis\u00e4. Nuku vaikkapa y\u00f6n yli ja vastaa kommentteihin vasta aamulla.<\/p>\n<h3>Pyyd\u00e4 apua<\/h3>\n<p>Bloggaamiseen kannattaa pyyt\u00e4\u00e4 apua.<\/p>\n<p>Voit pyyt\u00e4\u00e4 apua vaikkapa<\/p>\n<ul>\n<li>kaverilta<\/li>\n<li>ohjaajalta<\/li>\n<li>tukihenkil\u00f6lt\u00e4<\/li>\n<li>perheenj\u00e4senelt\u00e4.<\/li>\n<\/ul>\n<p>Jos bloggaat Verneriss\u00e4, saat apua my\u00f6s Vernerin ty\u00f6ntekij\u00e4lt\u00e4 Jennilt\u00e4.<\/p>\n<h3>Bloggaa Verneriss\u00e4<\/h3>\n<p>Vernerin selkosivuilla voit pit\u00e4\u00e4 omaa blogia tai kirjoittaa Blogataan yhdess\u00e4 -blogiin. Blogataan yhdess\u00e4 on Vernerin lukijoiden yhteinen blogi.<\/p>\n<p>Jos haluat blogata Verneriss\u00e4, l\u00e4het\u00e4 meille s\u00e4hk\u00f6posti osoitteeseen\u00a0verneri(at)kvl.fi.<\/p>\n<p><strong>Teksti:<\/strong> Jenni Sipil\u00e4, 2022<\/p>\n","protected":false},"excerpt":{"rendered":"<p>Blogi on verkkosivu, jossa voit kertoa sinulle t\u00e4rkeist\u00e4 asioista. Ei ole yht\u00e4 oikeaa tapaa blogata eli tehd\u00e4 blogia. Jokainen bloggaa [&hellip;]<\/p>\n","protected":false},"author":1,"featured_media":14795,"parent":7,"menu_order":158,"comment_status":"closed","ping_status":"closed","template":"","meta":{"_acf_changed":false,"footnotes":""},"class_list":["post-14271","page","type-page","status-publish","has-post-thumbnail","hentry"],"acf":[],"_links":{"self":[{"href":"https:\/\/verneri.net\/selko\/wp-json\/wp\/v2\/pages\/14271","targetHints":{"allow":["GET"]}}],"collection":[{"href":"https:\/\/verneri.net\/selko\/wp-json\/wp\/v2\/pages"}],"about":[{"href":"https:\/\/verneri.net\/selko\/wp-json\/wp\/v2\/types\/page"}],"author":[{"embeddable":true,"href":"https:\/\/verneri.net\/selko\/wp-json\/wp\/v2\/users\/1"}],"replies":[{"embeddable":true,"href":"https:\/\/verneri.net\/selko\/wp-json\/wp\/v2\/comments?post=14271"}],"version-history":[{"count":0,"href":"https:\/\/verneri.net\/selko\/wp-json\/wp\/v2\/pages\/14271\/revisions"}],"up":[{"embeddable":true,"href":"https:\/\/verneri.net\/selko\/wp-json\/wp\/v2\/pages\/7"}],"wp:featuredmedia":[{"embeddable":true,"href":"https:\/\/verneri.net\/selko\/wp-json\/wp\/v2\/media\/14795"}],"wp:attachment":[{"href":"https:\/\/verneri.net\/selko\/wp-json\/wp\/v2\/media?parent=14271"}],"curies":[{"name":"wp","href":"https:\/\/api.w.org\/{rel}","templated":true}]}}