{"id":14450,"date":"2025-03-12T17:15:20","date_gmt":"2025-03-12T15:15:20","guid":{"rendered":"http:\/\/localhost\/verneri\/selko-dev\/?page_id=14450"},"modified":"2025-09-06T20:18:29","modified_gmt":"2025-09-06T17:18:29","slug":"autismikirjo","status":"publish","type":"page","link":"https:\/\/verneri.net\/selko\/hyvinvointi\/vammaisuus\/autismikirjo\/","title":{"rendered":"Autismikirjo"},"content":{"rendered":"<p>Autismikirjo tarkoittaa ihmisen ominaisuuksia.<\/p>\n<p>Autismikirjoon voi liitty\u00e4<\/p>\n<ul>\n<li>erilainen tapa aistia ja kokea asiat<\/li>\n<li>vaikeuksia olla yhdess\u00e4 muiden ihmisten kanssa<\/li>\n<li>vaikeuksia oman toiminnan ohjaamisessa<\/li>\n<li>taipumus kuormittua herk\u00e4sti.<\/li>\n<\/ul>\n<p>Autismikirjoon liittyy my\u00f6s paljon vahvuuksia ja voimavaroja.<\/p>\n<p>Vahvuuksia voivat olla esimerkiksi<\/p>\n<ul>\n<li>hyv\u00e4 keskittymiskyky<\/li>\n<li>kyky huomata yksityiskohtia<\/li>\n<li>kyky ratkaista monimutkaisia ongelmia<\/li>\n<li>hyv\u00e4 oikeudentaju.<\/li>\n<\/ul>\n<p>Autismikirjon ominaisuudet ja niiden aiheuttama haitta vaihtelevat eri ihmisill\u00e4.<\/p>\n<p>Moni autismikirjon ihminen asuu, opiskelee ja k\u00e4y t\u00f6iss\u00e4 itsen\u00e4isesti. Moni autismikirjon ihminen tarvitsee my\u00f6s tukea esimerkiksi opintoihin ja ihmissuhteisiin.<\/p>\n<p>Kun muut ihmiset huomioivat autismikirjon ihmisten tarpeet, niist\u00e4 on v\u00e4hemm\u00e4n haittaa.<\/p>\n<h2>Keinoja selvit\u00e4 vaikeiden tunteiden kanssa<\/h2>\n<p>Autismikirjo johtuu aivojen erilaisesta kehityksest\u00e4. Se on ihmisen pysyv\u00e4 ominaisuus.<\/p>\n<p>Mielenterveystalossa on selkokielinen autismikirjon omahoito-ohjelma. Ohjelma auttaa autismikirjon ihmisi\u00e4 tuntemaan itsens\u00e4 paremmin ja selvi\u00e4m\u00e4\u00e4n vaikeiden tunteiden kanssa.<\/p>\n<p>Omahoito-ohjelman voi tehd\u00e4 yksin tai yhdess\u00e4 luotettavan ihmisen kanssa. T\u00e4llainen voi olla esimerkiksi perheenj\u00e4sen, tukihenkil\u00f6 tai ohjaaja.<\/p>\n<p>Omahoito-ohjelma on ilmainen.<\/p>\n<p><a href=\"https:\/\/www.mielenterveystalo.fi\/fi\/omahoito\/autismikirjon-omahoito-ohjelma\" target=\"_blank\" rel=\"noopener\">P\u00e4\u00e4set autismikirjon omahoito-ohjelmaan t\u00e4st\u00e4<\/a> (mielenterveystalo.fi)<\/p>\n<p><strong>Teksti:<\/strong> Jenni Sipil\u00e4, 2024<br \/>\n<strong>Kuva:<\/strong> Unsplash<\/p>\n<p><strong>Lis\u00e4tietoa ja neuvontaa autismikirjosta:<\/strong> <a href=\"https:\/\/autismiliitto.fi\/autismi\/perustietoa-autismista\/\" target=\"_blank\" rel=\"noopener\">Perustietoa autismista<\/a> (autismiliitto.fi)<\/p>\n","protected":false},"excerpt":{"rendered":"<p>Autismikirjo tarkoittaa ihmisen ominaisuuksia. Autismikirjoon voi liitty\u00e4 erilainen tapa aistia ja kokea asiat vaikeuksia olla yhdess\u00e4 muiden ihmisten kanssa vaikeuksia [&hellip;]<\/p>\n","protected":false},"author":2,"featured_media":16955,"parent":13,"menu_order":37,"comment_status":"closed","ping_status":"closed","template":"","meta":{"_acf_changed":false,"footnotes":""},"class_list":["post-14450","page","type-page","status-publish","has-post-thumbnail","hentry"],"acf":[],"_links":{"self":[{"href":"https:\/\/verneri.net\/selko\/wp-json\/wp\/v2\/pages\/14450","targetHints":{"allow":["GET"]}}],"collection":[{"href":"https:\/\/verneri.net\/selko\/wp-json\/wp\/v2\/pages"}],"about":[{"href":"https:\/\/verneri.net\/selko\/wp-json\/wp\/v2\/types\/page"}],"author":[{"embeddable":true,"href":"https:\/\/verneri.net\/selko\/wp-json\/wp\/v2\/users\/2"}],"replies":[{"embeddable":true,"href":"https:\/\/verneri.net\/selko\/wp-json\/wp\/v2\/comments?post=14450"}],"version-history":[{"count":0,"href":"https:\/\/verneri.net\/selko\/wp-json\/wp\/v2\/pages\/14450\/revisions"}],"up":[{"embeddable":true,"href":"https:\/\/verneri.net\/selko\/wp-json\/wp\/v2\/pages\/13"}],"wp:featuredmedia":[{"embeddable":true,"href":"https:\/\/verneri.net\/selko\/wp-json\/wp\/v2\/media\/16955"}],"wp:attachment":[{"href":"https:\/\/verneri.net\/selko\/wp-json\/wp\/v2\/media?parent=14450"}],"curies":[{"name":"wp","href":"https:\/\/api.w.org\/{rel}","templated":true}]}}