{"id":14451,"date":"2025-03-13T13:17:49","date_gmt":"2025-03-13T11:17:49","guid":{"rendered":"http:\/\/localhost\/verneri\/selko-dev\/?page_id=14451"},"modified":"2025-09-11T15:04:32","modified_gmt":"2025-09-11T12:04:32","slug":"vammaisuudesta-pitaa-puhua","status":"publish","type":"page","link":"https:\/\/verneri.net\/selko\/hyvinvointi\/vammaisuus\/vammaisuudesta-pitaa-puhua\/","title":{"rendered":"Vammaisuudesta pit\u00e4\u00e4 puhua"},"content":{"rendered":"<p>Minun mielest\u00e4ni meist\u00e4 kehitysvammaisista ihmisist\u00e4 tarvitaan paljon lis\u00e4\u00e4 tietoa.<\/p>\n<p>On monia, jotka eiv\u00e4t tunne ainoatakaan vammaista ihmist\u00e4. Heill\u00e4 voi olla v\u00e4\u00e4ri\u00e4 k\u00e4sityksi\u00e4 ja erilaisia ennakkoluuloja.<\/p>\n<p>Hyv\u00e4 keino lis\u00e4t\u00e4 tietoa olisi esimerkiksi se, ett\u00e4 elokuvissa ja tv-sarjoissa olisi kehitysvammaisia n\u00e4yttelij\u00f6it\u00e4. Viihdeohjelmien kautta vammaisuus tulisi tutuksi suurelle yleis\u00f6lle.<\/p>\n<p>Lis\u00e4ksi vammaisuudesta pit\u00e4\u00e4 j\u00e4rjest\u00e4\u00e4 seminaareja p\u00e4\u00e4tt\u00e4jille ja poliitikoille. Meit\u00e4 t\u00e4ytyy kuunnella eduskunnassa.<\/p>\n<p>Itse haluan lis\u00e4t\u00e4 tietoa ja toimia yhdess\u00e4 muiden kanssa. Olin mukana perustamassa Me Itse -yhdistyst\u00e4 Suomeen yli 20 vuotta sitten. Kuulun Me Itse -ryhm\u00e4 Tampereen H\u00e4mppeihin.<\/p>\n<p>Yhdistyksess\u00e4 haluan vaikuttaa erityisesti palkkoihin ja toimeentuloon. Kaikki hinnat ja asuntojen vuokrat ovat nousseet kovasti viime aikoina. Hintojen nouseminen vaikeuttaa vammaisten ihmisten el\u00e4m\u00e4\u00e4.<\/p>\n<p>Me Tampereen H\u00e4mpit tapasimme Tampereen pormestari Kalervo Kummolan. H\u00e4n suhtautui ymm\u00e4rt\u00e4v\u00e4sti meid\u00e4n huoliimme.<\/p>\n<p>Lis\u00e4ksi toivon, ett\u00e4 oma selkolehtemme Leija ilmestyy my\u00f6s tulevaisuudessa.<\/p>\n<p><strong>Teksti:<\/strong> Aki Lindroos, Leijan toimitusneuvoston j\u00e4sen<br \/>\n<strong>Kuva:<\/strong> Laura Vesa<\/p>\n<p>Juttu on julkaistu aikaisemmin selkolehti Leijan numerossa 4\/2024<\/p>\n","protected":false},"excerpt":{"rendered":"<p>Minun mielest\u00e4ni meist\u00e4 kehitysvammaisista ihmisist\u00e4 tarvitaan paljon lis\u00e4\u00e4 tietoa. On monia, jotka eiv\u00e4t tunne ainoatakaan vammaista ihmist\u00e4. Heill\u00e4 voi olla [&hellip;]<\/p>\n","protected":false},"author":2,"featured_media":16973,"parent":13,"menu_order":46,"comment_status":"closed","ping_status":"closed","template":"","meta":{"_acf_changed":false,"footnotes":""},"class_list":["post-14451","page","type-page","status-publish","has-post-thumbnail","hentry"],"acf":[],"_links":{"self":[{"href":"https:\/\/verneri.net\/selko\/wp-json\/wp\/v2\/pages\/14451","targetHints":{"allow":["GET"]}}],"collection":[{"href":"https:\/\/verneri.net\/selko\/wp-json\/wp\/v2\/pages"}],"about":[{"href":"https:\/\/verneri.net\/selko\/wp-json\/wp\/v2\/types\/page"}],"author":[{"embeddable":true,"href":"https:\/\/verneri.net\/selko\/wp-json\/wp\/v2\/users\/2"}],"replies":[{"embeddable":true,"href":"https:\/\/verneri.net\/selko\/wp-json\/wp\/v2\/comments?post=14451"}],"version-history":[{"count":0,"href":"https:\/\/verneri.net\/selko\/wp-json\/wp\/v2\/pages\/14451\/revisions"}],"up":[{"embeddable":true,"href":"https:\/\/verneri.net\/selko\/wp-json\/wp\/v2\/pages\/13"}],"wp:featuredmedia":[{"embeddable":true,"href":"https:\/\/verneri.net\/selko\/wp-json\/wp\/v2\/media\/16973"}],"wp:attachment":[{"href":"https:\/\/verneri.net\/selko\/wp-json\/wp\/v2\/media?parent=14451"}],"curies":[{"name":"wp","href":"https:\/\/api.w.org\/{rel}","templated":true}]}}