{"id":14452,"date":"2025-03-13T13:17:16","date_gmt":"2025-03-13T11:17:16","guid":{"rendered":"http:\/\/localhost\/verneri\/selko-dev\/?page_id=14452"},"modified":"2025-09-11T15:06:21","modified_gmt":"2025-09-11T12:06:21","slug":"kehitysvamma-voimavarana","status":"publish","type":"page","link":"https:\/\/verneri.net\/selko\/hyvinvointi\/vammaisuus\/tutkimuksia-vammaisuudesta\/kehitysvamma-voimavarana\/","title":{"rendered":"Kehitysvamma voimavarana"},"content":{"rendered":"<p>Risto R\u00e4kk\u00f6l\u00e4inen tutki, millaisia voimavaroja kehitysvammaisuus voi ihmiselle antaa.<\/p>\n<p>T\u00e4ss\u00e4 jutussa Risto R\u00e4kk\u00f6l\u00e4inen kertoo tutkimuksestaan.<\/p>\n<h2>Mit\u00e4 hy\u00f6ty\u00e4 kehitysvammaisuudesta voi olla?<\/h2>\n<p>Olet ehk\u00e4 huomannut, ett\u00e4 kehitysvammaisuudesta puhutaan joskus ik\u00e4v\u00e4\u00e4n s\u00e4vyyn. Olet saattanut jopa joutua syrjityksi tai kiusatuksi kehitysvammaisuuden takia.<\/p>\n<p>Minun mielest\u00e4ni t\u00e4m\u00e4 johtuu usein muiden ihmisten asenteista kehitysvammaisuutta ja kehitysvammaisia ihmisi\u00e4 kohtaan. Siksi halusin tutkia, voiko kehitysvammaisuudesta olla hy\u00f6ty\u00e4 joissain tilanteissa.<\/p>\n<p>Toivon, ett\u00e4 graduni voi auttaa muuttamaan ihmisten mielikuvia\u00a0kehitysvammaisuudesta.<\/p>\n<h2>Erilaisia kokemuksia omasta kehitysvammaisuudesta<\/h2>\n<p>Haastattelin tutkimusta varten 11 ihmist\u00e4, jotka k\u00e4yv\u00e4t kehitysvammaisille ihmisille tarkoitetussa p\u00e4iv\u00e4toiminnassa. Heill\u00e4 oli erilaisia kokemuksia omasta kehitysvammaisuudestaan.<\/p>\n<p>Jotkut suhtautuivat kehitysvammaisuuteen aivan tavallisena asiana. Toiset kokivat siit\u00e4 ylpeytt\u00e4.<\/p>\n<p>Er\u00e4s haastatelluista kertoi:<\/p>\n<p>&#8221;M\u00e4 oon erilainen ja erikoinen ihminen ihan muista syist\u00e4 kuin kehitysvammaisuuden takia.&#8221;<\/p>\n<p>&#8221;Minulla on esimerkiksi n\u00e4it\u00e4 erikoisia kiinnostuksen kohteita ja ne ehk\u00e4 ihmetytt\u00e4\u00e4 muita enemm\u00e4n kuin vammani&#8221;, haastateltava jatkoi.<\/p>\n<h2>Ik\u00e4v\u00e4t kokemukset liittyv\u00e4t muiden asenteisiin<\/h2>\n<p>T\u00e4rke\u00e4 huomio tutkimuksessani oli, ett\u00e4 kukaan haastatelluista ei puhunut kielteiseen s\u00e4vyyn omasta kehitysvammastaan. Ik\u00e4v\u00e4t kokemukset liittyiv\u00e4t siihen, miten muut ihmiset suhtautuvat kehitysvammaisiin ihmisiin.<\/p>\n<p>Moni haastateltava kertoi, ett\u00e4 heit\u00e4 oli haukuttu vammaiseksi. Se oli tuntunut ik\u00e4v\u00e4lt\u00e4.<\/p>\n<p>Ihmisten asenteissa on viel\u00e4 paljon parantamisen varaan, koska &#8221;vammainen&#8221; on joidenkin mielest\u00e4 haukkumasana.<\/p>\n<h2>Vammaisuus auttaa ymm\u00e4rt\u00e4m\u00e4\u00e4n muita<\/h2>\n<p>Yksi haastateltava kertoi, ett\u00e4 h\u00e4n on opetellut p\u00e4iv\u00e4toiminnassa k\u00e4ytt\u00e4m\u00e4\u00e4n viittomia. H\u00e4n oli opetellut viittomia siksi, ett\u00e4 pystyy puhumaan sellaisen ihmisen kanssa, joka ei puhu mit\u00e4\u00e4n.<\/p>\n<p>Toinen osallistuja kertoi, ett\u00e4 kehitysvammaisuus on antanut h\u00e4nelle mahdollisuuden toimia kokemusasiantuntijana.<\/p>\n<p>Kokemusasiantuntijana h\u00e4n voi olla mukana lis\u00e4\u00e4m\u00e4ss\u00e4 ihmisten ymm\u00e4rryst\u00e4 kehitysvammaisuudesta. Samalla h\u00e4n p\u00e4\u00e4see edist\u00e4m\u00e4\u00e4n itselleen t\u00e4rkeit\u00e4 asioita, kuten tasa-arvoa ja ihmisoikeuksia.<\/p>\n<p>Yksi haastateltava kertoi, ett\u00e4 h\u00e4nell\u00e4 on vaikeuksia suuntavaiston ja hahmottamisen kanssa. Siksi h\u00e4nen on helpompi ymm\u00e4rt\u00e4\u00e4 heit\u00e4, joilla on samanlaisia tuen tarpeita kuin h\u00e4nell\u00e4 itsell\u00e4\u00e4n.<\/p>\n<p>Kehitysvammaisuus voi siis auttaa ymm\u00e4rt\u00e4m\u00e4\u00e4n muiden avun tarpeita.<\/p>\n<h2>Kehitysvammaisuus voi olla voimavara<\/h2>\n<p>T\u00e4ss\u00e4 kirjoituksessa olen esitellyt muutamia esimerkkej\u00e4 siit\u00e4, miten kehitysvammaisuudesta voi olla hy\u00f6ty\u00e4. T\u00e4llaisista ominaisuuksista voidaan puhua voimavarana.<\/p>\n<p>Monen haastateltavan mielest\u00e4 kehitysvammaisuus pit\u00e4isi n\u00e4hd\u00e4 vain yhten\u00e4 ihmisen ominaisuutena. Se, ett\u00e4 jollain ihmisell\u00e4 on kehitysvamma, ei kerro h\u00e4nest\u00e4 itsest\u00e4\u00e4n viel\u00e4 juuri mit\u00e4\u00e4n.<\/p>\n<p>Oli sinulla kehitysvammaa tai ei, t\u00e4rkeint\u00e4 on se, miten kohtelet muita ihmisi\u00e4.<\/p>\n<p><strong>Teksti:<\/strong> Risto R\u00e4kk\u00f6l\u00e4inen, 2022<\/p>\n<p>Lopputy\u00f6n nimi on Kehitysvammaisuus voimavarana: Marginalisoitu asema erityisen tiedon tuottajana. Lopputy\u00f6 on tehty Tampereen yliopistoon.<\/p>\n<p>Juttu on julkaistu Leija-lehden numerossa 6\/2022.<\/p>\n","protected":false},"excerpt":{"rendered":"<p>Risto R\u00e4kk\u00f6l\u00e4inen tutki, millaisia voimavaroja kehitysvammaisuus voi ihmiselle antaa. T\u00e4ss\u00e4 jutussa Risto R\u00e4kk\u00f6l\u00e4inen kertoo tutkimuksestaan. Mit\u00e4 hy\u00f6ty\u00e4 kehitysvammaisuudesta voi olla? [&hellip;]<\/p>\n","protected":false},"author":2,"featured_media":16971,"parent":16992,"menu_order":0,"comment_status":"closed","ping_status":"closed","template":"","meta":{"_acf_changed":false,"footnotes":""},"class_list":["post-14452","page","type-page","status-publish","has-post-thumbnail","hentry"],"acf":[],"_links":{"self":[{"href":"https:\/\/verneri.net\/selko\/wp-json\/wp\/v2\/pages\/14452","targetHints":{"allow":["GET"]}}],"collection":[{"href":"https:\/\/verneri.net\/selko\/wp-json\/wp\/v2\/pages"}],"about":[{"href":"https:\/\/verneri.net\/selko\/wp-json\/wp\/v2\/types\/page"}],"author":[{"embeddable":true,"href":"https:\/\/verneri.net\/selko\/wp-json\/wp\/v2\/users\/2"}],"replies":[{"embeddable":true,"href":"https:\/\/verneri.net\/selko\/wp-json\/wp\/v2\/comments?post=14452"}],"version-history":[{"count":0,"href":"https:\/\/verneri.net\/selko\/wp-json\/wp\/v2\/pages\/14452\/revisions"}],"up":[{"embeddable":true,"href":"https:\/\/verneri.net\/selko\/wp-json\/wp\/v2\/pages\/16992"}],"wp:featuredmedia":[{"embeddable":true,"href":"https:\/\/verneri.net\/selko\/wp-json\/wp\/v2\/media\/16971"}],"wp:attachment":[{"href":"https:\/\/verneri.net\/selko\/wp-json\/wp\/v2\/media?parent=14452"}],"curies":[{"name":"wp","href":"https:\/\/api.w.org\/{rel}","templated":true}]}}