{"id":14458,"date":"2025-03-14T18:29:22","date_gmt":"2025-03-14T16:29:22","guid":{"rendered":"http:\/\/localhost\/verneri\/selko-dev\/?page_id=14458"},"modified":"2025-10-30T11:06:27","modified_gmt":"2025-10-30T09:06:27","slug":"minun-osallisuuteni","status":"publish","type":"page","link":"https:\/\/verneri.net\/selko\/hyvinvointi\/vammaisten-oikeudet\/oikeus-osallistua\/minun-osallisuuteni\/","title":{"rendered":"Minun osallisuuteni"},"content":{"rendered":"<p>Vammaissopimuksen mukaan vammaisella ihmisell\u00e4 on oikeus osallisuuteen. Osallisuus tarkoittaa osallistumista ja vaikuttamista omiin ja yhteisiin asioihin.<\/p>\n<p>T\u00e4ll\u00e4 sivulla on 10 v\u00e4itt\u00e4m\u00e4\u00e4 osallisuudesta. V\u00e4itt\u00e4mien avulla voit pohtia, miten osallinen sin\u00e4 olet.<\/p>\n<p>Tutustu ensin v\u00e4itt\u00e4miin ja muiden kokemuksiin v\u00e4itt\u00e4mist\u00e4. Testaa sen j\u00e4lkeen, kuinka osallinen olet.<\/p>\n<p><strong>Katso, mit\u00e4 osallisuus tarkoittaa Arille:<\/strong><\/p>\n<p><iframe loading=\"lazy\" title=\"Arin osallisuus\" width=\"500\" height=\"281\" src=\"https:\/\/www.youtube.com\/embed\/G0A3QZcftUM?wmode=transparent&amp;rel=0&amp;feature=oembed\" frameborder=\"0\" allow=\"accelerometer; autoplay; clipboard-write; encrypted-media; gyroscope; picture-in-picture; web-share\" referrerpolicy=\"strict-origin-when-cross-origin\" allowfullscreen><\/iframe><\/p>\n<h2>Teen t\u00e4rkeit\u00e4 asioita<\/h2>\n<p>Teetk\u00f6 asioita, jotka ovat t\u00e4rkeit\u00e4 tai hy\u00f6dyllisi\u00e4? Autatko esimerkiksi muita ihmisi\u00e4 tai teetk\u00f6 t\u00e4rke\u00e4\u00e4 ty\u00f6t\u00e4?<\/p>\n<p>Kun teet hy\u00f6dyllisi\u00e4 asioita, voit tuntea itsesi t\u00e4rke\u00e4ksi.<\/p>\n<p>Lue, millaisia t\u00e4rkeit\u00e4 asioita Piia, Julius, Hanna-Mari, Tero, Petro ja Arto tekev\u00e4t: <a href=\"https:\/\/papuri.papunet.net\/#\/lue\/21368\/1cfbde57b6a2b973eecd47c29844e1d1\" target=\"_blank\" rel=\"noopener\">Teen t\u00e4rkeit\u00e4 asioita<\/a> (papuri.net)<\/p>\n<h2>Minua kiitet\u00e4\u00e4n<\/h2>\n<p>Kiitt\u00e4v\u00e4tk\u00f6 muut ihmiset sinua? Saatko muilta hyv\u00e4\u00e4 palautetta?<\/p>\n<p>Kun muut ihmiset kiitt\u00e4v\u00e4t sinua ja antavat sinulle hyv\u00e4\u00e4 palautetta, voit kokea itsesi arvokkaaksi.<\/p>\n<p><strong>Katso, mist\u00e4 Jussi Kulinia kiitet\u00e4\u00e4n:<\/strong><\/p>\n<p><iframe loading=\"lazy\" title=\"Minua kiitet\u00e4\u00e4n\" width=\"500\" height=\"281\" src=\"https:\/\/www.youtube.com\/embed\/oMYVPgG9_RA?wmode=transparent&amp;rel=0&amp;feature=oembed\" frameborder=\"0\" allow=\"accelerometer; autoplay; clipboard-write; encrypted-media; gyroscope; picture-in-picture; web-share\" referrerpolicy=\"strict-origin-when-cross-origin\" allowfullscreen><\/iframe><\/p>\n<h2>Kuulun t\u00e4rke\u00e4\u00e4n ryhm\u00e4\u00e4n<\/h2>\n<p>Millaiseen ryhm\u00e4\u00e4n tai porukkaan kuulut? Ketk\u00e4 ovat sinulle t\u00e4rkeit\u00e4 ihmisi\u00e4? Keiden seurassa sinulla on hyv\u00e4 olla?<\/p>\n<p>Kun olet yhdess\u00e4 muiden ihmisten kanssa, voit kokea l\u00e4heisyytt\u00e4.<\/p>\n<p><a href=\"https:\/\/verneri.net\/selko\/hyvinvointi\/ihmissuhteet\/vinkit-tutustumiseen\/\">Lue vinkit tutustumiseen<\/a><\/p>\n<h2>Minua tarvitaan<\/h2>\n<p>Kuka tarvitsee sinua? Kenelle sin\u00e4 olet t\u00e4rke\u00e4? Ket\u00e4 sin\u00e4 autat?<\/p>\n<p>Kun olet yhdess\u00e4 muiden kanssa ja autat muita, voit kokea itsesi t\u00e4rke\u00e4ksi.<\/p>\n<p>Lue, mik\u00e4 on t\u00e4rke\u00e4\u00e4 Tapanille, Henrille, Janille, Sonjalle ja Jannelle: <a href=\"https:\/\/papuri.papunet.net\/#\/lue\/19549\/fb6f70d6a87ae52e0dfb1d25ae20b9f4\" target=\"_blank\" rel=\"noopener\">Olen tarpeellinen muille<\/a> (papuri.net)<\/p>\n<h2>Voin vaikuttaa el\u00e4m\u00e4\u00e4ni<\/h2>\n<p>Saatko tarpeeksi tietoa sinulle t\u00e4rkeist\u00e4 asioista? Voitko p\u00e4\u00e4tt\u00e4\u00e4 asioistasi itse?<\/p>\n<p>Kun saat riitt\u00e4v\u00e4sti tietoa ja tukea, voit p\u00e4\u00e4tt\u00e4\u00e4 itse sinulle t\u00e4rkeist\u00e4 asioista.<\/p>\n<p><a href=\"https:\/\/verneri.net\/selko\/hyvinvointi\/vammaisten-oikeudet\/oikeus-paattaa\/\">Lue lis\u00e4\u00e4 p\u00e4\u00e4tt\u00e4misest\u00e4<\/a><\/p>\n<h2>El\u00e4m\u00e4ll\u00e4ni on tarkoitus<\/h2>\n<p>Mik\u00e4 on sinulle t\u00e4rke\u00e4\u00e4? Kenelle sin\u00e4 olet t\u00e4rke\u00e4? Millaisiin asioihin voit vaikuttaa?<\/p>\n<p>Kun teet t\u00e4rkeit\u00e4 asioita ja p\u00e4\u00e4t\u00e4t omista asioista, voit kokea, ett\u00e4 el\u00e4m\u00e4ll\u00e4si on tarkoitus.<\/p>\n<p><strong>Katso, millaisiin asioihin Jarkko Erola vaikuttaa:<\/strong><\/p>\n<p><iframe loading=\"lazy\" title=\"El\u00e4m\u00e4ll\u00e4ni on tarkoitus\" width=\"500\" height=\"281\" src=\"https:\/\/www.youtube.com\/embed\/k3N1EW7qd1s?wmode=transparent&amp;rel=0&amp;feature=oembed\" frameborder=\"0\" allow=\"accelerometer; autoplay; clipboard-write; encrypted-media; gyroscope; picture-in-picture; web-share\" referrerpolicy=\"strict-origin-when-cross-origin\" allowfullscreen><\/iframe><\/p>\n<h2>Minulla on tavoitteita<\/h2>\n<p>Millaisia tavoitteita ja unelmia sinulla on? Mit\u00e4 uutta haluat oppia, tehd\u00e4 tai saavuttaa?<\/p>\n<p>On t\u00e4rke\u00e4\u00e4, ett\u00e4 voit tavoitella sinulle t\u00e4rkeit\u00e4 asioita. Kun saat oikeanlaista tukea, voit toteuttaa tavoitteitasi.<\/p>\n<p><strong>Katso, millaisia tavoitteita Anna Merjovaaralla on:<\/strong><\/p>\n<p><iframe loading=\"lazy\" title=\"Minulla on tavoitteita\" width=\"500\" height=\"281\" src=\"https:\/\/www.youtube.com\/embed\/vzjOQF8fcs8?wmode=transparent&amp;rel=0&amp;feature=oembed\" frameborder=\"0\" allow=\"accelerometer; autoplay; clipboard-write; encrypted-media; gyroscope; picture-in-picture; web-share\" referrerpolicy=\"strict-origin-when-cross-origin\" allowfullscreen><\/iframe><\/p>\n<h2>Saan apua<\/h2>\n<p>Millaisiin asioihin tarvitset apua? Ketk\u00e4 auttavat sinua? Saatko apua esimerkiksi kaverilta, naapurilta tai j\u00e4rjest\u00f6st\u00e4?<\/p>\n<p>Kun saat oikeanlaista apua, voit osallistua ja el\u00e4\u00e4, kuten itse haluat.<\/p>\n<h2>Minuun luotetaan<\/h2>\n<p>Ketk\u00e4 luottavat sinuun? Ketk\u00e4 pyyt\u00e4v\u00e4t sinulta apua? Keneen sin\u00e4 voit luottaa?<\/p>\n<p>Luottamus on molemminpuolinen tunne. Luottamuksen syntyminen vaatii aikaa.<\/p>\n<p><strong>Katso, mit\u00e4 Jarkko Erola ajattelee luottamuksesta:<\/strong><\/p>\n<p><iframe loading=\"lazy\" title=\"Minuun luotetaan\" width=\"500\" height=\"281\" src=\"https:\/\/www.youtube.com\/embed\/3AsC12UpJp8?wmode=transparent&amp;rel=0&amp;feature=oembed\" frameborder=\"0\" allow=\"accelerometer; autoplay; clipboard-write; encrypted-media; gyroscope; picture-in-picture; web-share\" referrerpolicy=\"strict-origin-when-cross-origin\" allowfullscreen><\/iframe><\/p>\n<h2>Voin vaikuttaa yhteisiin asioihin<\/h2>\n<p>Millaisiin asioihin sin\u00e4 haluat vaikuttaa? Miten voit vaikuttaa?<\/p>\n<p>Voit vaikuttaa yhteisiin asioihin monin tavoin. Voit esimerkiksi kertoa muille kokemuksistasi, osallistua j\u00e4rjest\u00f6jen toimintaan ja \u00e4\u00e4nest\u00e4\u00e4 vaaleissa.<\/p>\n<p><a href=\"https:\/\/www.tukiliitto.fi\/wp-content\/uploads\/2017\/09\/kansalaisen_vaikuttamisopas.pdf\" target=\"_blank\" rel=\"noopener\">Tutustu Kansalaisen vaikuttamisoppaaseen<\/a> (tukiliitto.fi)<\/p>\n<h2>Tee osallisuustesti<\/h2>\n<p>Voit arvioida omaa osallisuuttasi osallisuustestill\u00e4: <a href=\"https:\/\/verneri.net\/selko\/hyvinvointi\/vammaisten-oikeudet\/oikeus-osallistua\/testaa-oletko-osallinen\/\">Testaa, oletko osallinen<\/a><\/p>\n<p>Testi perustuu Terveyden ja hyvinvoinnin laitoksen osallisuusmittariin.<\/p>\n<h2>Kaipaatko muutosta el\u00e4m\u00e4\u00e4si?<\/h2>\n<p>Tuntuuko sinusta, ett\u00e4 olet riitt\u00e4v\u00e4n osallinen?<\/p>\n<p>Jos haluat osallistua nykyist\u00e4 enemm\u00e4n, juttele asiasta esimerkiksi l\u00e4heisen ihmisen, ohjaajan tai sosiaality\u00f6ntekij\u00e4n kanssa.<\/p>\n<p>Miettik\u00e4\u00e4 yhdess\u00e4, miten voit osallistua nykyist\u00e4 enemm\u00e4n.<\/p>\n<h2>Oma kirja osallisuudesta<\/h2>\n<p>Jussi, Teemu ja Petri pohtivat omaa osallisuuttaan Papuri-kirjassa: <a href=\"https:\/\/papuri.papunet.net\/#\/lue\/19444\/3b7ae9543670cea551efb66ce15fe465\" target=\"_blank\" rel=\"noopener\">Min\u00e4 osallistun<\/a> (papuri.net)<\/p>\n<p>Tee oma kirja osallisuudesta Papuri-ty\u00f6kalulla: <a href=\"https:\/\/papuri.papunet.net\" target=\"_blank\" rel=\"noopener\">Papuri<\/a> (papunet.net)<\/p>\n<p><strong>Teksti:<\/strong> Jenni Sipil\u00e4, 2023<br \/>\n<strong>Kuva:<\/strong> Johannes Romppanen<\/p>\n<p>T\u00e4m\u00e4n sivun aineistot on tehty yhdess\u00e4 Savaksen Osalliseksi-hankkeen kanssa.<\/p>\n<p><a href=\"https:\/\/www.osalliseksi.fi\/\" target=\"_blank\" rel=\"noopener\">Arvioi osallisuuttasi Savaksen OMA-arviointity\u00f6kalulla<\/a> (savas.fi)<\/p>\n","protected":false},"excerpt":{"rendered":"<p>Vammaissopimuksen mukaan vammaisella ihmisell\u00e4 on oikeus osallisuuteen. Osallisuus tarkoittaa osallistumista ja vaikuttamista omiin ja yhteisiin asioihin. T\u00e4ll\u00e4 sivulla on 10 [&hellip;]<\/p>\n","protected":false},"author":2,"featured_media":16982,"parent":55,"menu_order":0,"comment_status":"closed","ping_status":"closed","template":"","meta":{"_acf_changed":false,"footnotes":""},"class_list":["post-14458","page","type-page","status-publish","has-post-thumbnail","hentry"],"acf":[],"_links":{"self":[{"href":"https:\/\/verneri.net\/selko\/wp-json\/wp\/v2\/pages\/14458","targetHints":{"allow":["GET"]}}],"collection":[{"href":"https:\/\/verneri.net\/selko\/wp-json\/wp\/v2\/pages"}],"about":[{"href":"https:\/\/verneri.net\/selko\/wp-json\/wp\/v2\/types\/page"}],"author":[{"embeddable":true,"href":"https:\/\/verneri.net\/selko\/wp-json\/wp\/v2\/users\/2"}],"replies":[{"embeddable":true,"href":"https:\/\/verneri.net\/selko\/wp-json\/wp\/v2\/comments?post=14458"}],"version-history":[{"count":0,"href":"https:\/\/verneri.net\/selko\/wp-json\/wp\/v2\/pages\/14458\/revisions"}],"up":[{"embeddable":true,"href":"https:\/\/verneri.net\/selko\/wp-json\/wp\/v2\/pages\/55"}],"wp:featuredmedia":[{"embeddable":true,"href":"https:\/\/verneri.net\/selko\/wp-json\/wp\/v2\/media\/16982"}],"wp:attachment":[{"href":"https:\/\/verneri.net\/selko\/wp-json\/wp\/v2\/media?parent=14458"}],"curies":[{"name":"wp","href":"https:\/\/api.w.org\/{rel}","templated":true}]}}