{"id":14461,"date":"2025-03-13T18:48:04","date_gmt":"2025-03-13T16:48:04","guid":{"rendered":"http:\/\/localhost\/verneri\/selko-dev\/?page_id=14461"},"modified":"2025-11-24T09:17:42","modified_gmt":"2025-11-24T07:17:42","slug":"oikeus-seksuaalisuuteen","status":"publish","type":"page","link":"https:\/\/verneri.net\/selko\/hyvinvointi\/vammaisten-oikeudet\/oikeus-seksuaalisuuteen\/","title":{"rendered":"Oikeus seksuaalisuuteen"},"content":{"rendered":"<p>Seksuaalioikeudet ovat ihmisoikeuksia. Ne kuuluvat kaikille.<\/p>\n<p>Sinulla on oikeus esimerkiksi<\/p>\n<ul>\n<li>nauttia seksuaalisuudesta<\/li>\n<li>p\u00e4\u00e4tt\u00e4\u00e4 omaan seksuaalisuuteen liittyvist\u00e4 asioista<\/li>\n<li>saada tietoa seksuaalisuudesta.<\/li>\n<\/ul>\n<p>My\u00f6s toisilla ihmisill\u00e4 on samat oikeudet. Toisten oikeuksia pit\u00e4\u00e4 kunnioittaa eli niit\u00e4 ei saa loukata.<\/p>\n<h2>Oikeus omaan seksuaalisuuteen<\/h2>\n<p>Sinulla on oikeus olla seksuaalisesti oma itsesi.<\/p>\n<p>Saat nauttia seksuaalisesta suuntautumisestasi. Saat olla kiinnostunut kenest\u00e4 haluat ja juuri niin kuin itse haluat.<\/p>\n<p>Sinulla on oikeus ilmaista seksuaalisuuttasi esimerkiksi pukeutumalla niin kuin haluat.<\/p>\n<p>Sinua ei saa syrji\u00e4 sukupuolen tai seksuaalisuuden takia. Kukaan ei saa nimitell\u00e4 tai kiusata sinua.<\/p>\n<h2>Oikeus nauttia<\/h2>\n<p>Sinulla on oikeus nauttia omasta kehosta ja omasta seksuaalisuudesta.<\/p>\n<p>Voit nauttia seksuaalisuudestasi yksin tai yhdess\u00e4 toisten kanssa. Voit k\u00e4ytt\u00e4\u00e4 my\u00f6s seksiv\u00e4lineit\u00e4 ja saada niist\u00e4 tietoa, jos haluat.<\/p>\n<h2>Oikeus p\u00e4\u00e4tt\u00e4\u00e4<\/h2>\n<p>Sinulla on oikeus p\u00e4\u00e4tt\u00e4\u00e4 seksuaalisuuteesi liittyvist\u00e4 asioista ja omasta kehostasi.<\/p>\n<p>Sin\u00e4 p\u00e4\u00e4t\u00e4t, kuka sinuun koskee ja miten sinua kosketaan. Kukaan ei saa koskea sinuun ilman lupaasi.<\/p>\n<p>Voit p\u00e4\u00e4tt\u00e4\u00e4 itse, haluatko seurustella tai menn\u00e4 naimisiin. Sinulla on my\u00f6s oikeus erota suhteesta ja olla yksin.<\/p>\n<p>Sinulla on oikeus p\u00e4\u00e4tt\u00e4\u00e4, hankitko lapsia vai et. Jos et halua lapsia, voit k\u00e4ytt\u00e4\u00e4 ehk\u00e4isyv\u00e4lineit\u00e4.<\/p>\n<h2>Oikeus turvallisuuteen<\/h2>\n<p>Sinulla on oikeus el\u00e4\u00e4 turvassa.<\/p>\n<p>Kukaan saa painostaa tai pakottaa sinua seksiin tai seksuaalisiin tekoihin.<\/p>\n<p>Kukaan ei saa h\u00e4irit\u00e4 sinua seksuaalisesti. Seksuaalista h\u00e4irint\u00e4\u00e4 voi olla esimerkiksi seksuaaliset puheet ja koskettelu tai seksuaalisten viestien ja kuvien l\u00e4hettely.<\/p>\n<h2>Oikeus yksityisyyteen<\/h2>\n<p>Sinulla on oikeus yksityisyyteen ja omaan seksiel\u00e4m\u00e4\u00e4n. Saat nauttia seksuaalisuudesta ja seksist\u00e4 omassa rauhassa.<\/p>\n<p>Sinun ei tarvitse kertoa seksuaalisuuteen ja seksiin liittyvi\u00e4 asioita muille, jos et halua.<\/p>\n<h2>Oikeus tietoon<\/h2>\n<p>Sinulla on oikeus saada tietoa seksuaalisuuteen liittyvist\u00e4 asioista.<\/p>\n<p>Sinulla on oikeus saada tietoa sellaisessa muodossa, ett\u00e4 ymm\u00e4rr\u00e4t sen. Voit saada tietoa esimerkiksi selkokielell\u00e4 tai kuvilla tuettuna.<\/p>\n<p>Sinulla on oikeus saada opetusta ja ohjausta seksuaalisuuteen liittyviss\u00e4 asioissa koko el\u00e4m\u00e4si ajan.<\/p>\n<h2>Oikeus saada apua<\/h2>\n<p>Sinulla on oikeus saada apua seksuaalisuuteen liittyviss\u00e4 kysymyksiss\u00e4 ja ongelmissa.<\/p>\n<p>Voit saada apua esimerkiksi<\/p>\n<ul>\n<li>terveydenhoitajalta<\/li>\n<li>l\u00e4\u00e4k\u00e4rilt\u00e4<\/li>\n<li>seksuaaliterapeutilta<\/li>\n<li>seksuaalineuvojalta.<\/li>\n<\/ul>\n<h2>Oikeus vaikuttaa<\/h2>\n<p>Sinulla on oikeus kertoa omat mielipiteesi. Voit osallistua toimintaan, joka lis\u00e4\u00e4 seksuaalista hyvinvointia yhteiskunnassa.<\/p>\n<h2>Pohdi ja keskustele<\/h2>\n<p>Omasta seksuaalisuudesta ja omista oikeuksista kannattaa jutella luotettavien ihmisten kanssa.<\/p>\n<p>Voit jutella esimerkiksi seuraavista asioista:<\/p>\n<ul>\n<li>Toteutuvatko seksuaalioikeudet sinun el\u00e4m\u00e4ss\u00e4si?<\/li>\n<li>Jos eiv\u00e4t toteudu, miksi?<\/li>\n<li>Mit\u00e4 haluaisit muuttaa el\u00e4m\u00e4ss\u00e4si?<\/li>\n<li>Miten muutos onnistuisi?<\/li>\n<\/ul>\n<p><em>Onko sinulla kysytt\u00e4v\u00e4\u00e4 seksuaalisuudesta tai seksist\u00e4?<\/em><\/p>\n<p><a href=\"https:\/\/verneri.net\/selko\/seksuaalineuvoja\/\">Kysy seksuaalineuvojalta<\/a><\/p>\n<p><strong>Teksti:<\/strong> Jenni Sipil\u00e4 ja Henna Kekkonen, 2023<\/p>\n<p><strong>Lis\u00e4tietoa selkokielell\u00e4:<\/strong><\/p>\n<ul>\n<li><a href=\"https:\/\/verneri.net\/selko\/hyvinvointi\/seksuaalisuus\/\" rel=\"noopener\">Seksuaalisuus<\/a><\/li>\n<li><a href=\"https:\/\/verneri.net\/selko\/wp-content\/uploads\/sites\/2\/2025\/10\/Seksuaalioikeudet-2025-selkoseks.pdf\" target=\"_blank\" rel=\"noopener\">SelkoSeks: Seksuaalioikeudet<\/a> (pdf-tiedosto)<\/li>\n<\/ul>\n","protected":false},"excerpt":{"rendered":"<p>Seksuaalioikeudet ovat ihmisoikeuksia. Ne kuuluvat kaikille. Sinulla on oikeus esimerkiksi nauttia seksuaalisuudesta p\u00e4\u00e4tt\u00e4\u00e4 omaan seksuaalisuuteen liittyvist\u00e4 asioista saada tietoa seksuaalisuudesta. [&hellip;]<\/p>\n","protected":false},"author":2,"featured_media":14923,"parent":15,"menu_order":43,"comment_status":"closed","ping_status":"closed","template":"","meta":{"_acf_changed":false,"footnotes":""},"class_list":["post-14461","page","type-page","status-publish","has-post-thumbnail","hentry"],"acf":[],"_links":{"self":[{"href":"https:\/\/verneri.net\/selko\/wp-json\/wp\/v2\/pages\/14461","targetHints":{"allow":["GET"]}}],"collection":[{"href":"https:\/\/verneri.net\/selko\/wp-json\/wp\/v2\/pages"}],"about":[{"href":"https:\/\/verneri.net\/selko\/wp-json\/wp\/v2\/types\/page"}],"author":[{"embeddable":true,"href":"https:\/\/verneri.net\/selko\/wp-json\/wp\/v2\/users\/2"}],"replies":[{"embeddable":true,"href":"https:\/\/verneri.net\/selko\/wp-json\/wp\/v2\/comments?post=14461"}],"version-history":[{"count":0,"href":"https:\/\/verneri.net\/selko\/wp-json\/wp\/v2\/pages\/14461\/revisions"}],"up":[{"embeddable":true,"href":"https:\/\/verneri.net\/selko\/wp-json\/wp\/v2\/pages\/15"}],"wp:featuredmedia":[{"embeddable":true,"href":"https:\/\/verneri.net\/selko\/wp-json\/wp\/v2\/media\/14923"}],"wp:attachment":[{"href":"https:\/\/verneri.net\/selko\/wp-json\/wp\/v2\/media?parent=14461"}],"curies":[{"name":"wp","href":"https:\/\/api.w.org\/{rel}","templated":true}]}}