{"id":14466,"date":"2025-03-13T13:19:22","date_gmt":"2025-03-13T11:19:22","guid":{"rendered":"http:\/\/localhost\/verneri\/selko-dev\/?page_id=14466"},"modified":"2025-11-26T15:38:35","modified_gmt":"2025-11-26T13:38:35","slug":"seksi-ja-porno-netissa","status":"publish","type":"page","link":"https:\/\/verneri.net\/selko\/hyvinvointi\/seksuaalisuus\/seksi-ja-porno-netissa\/","title":{"rendered":"Seksi ja porno netiss\u00e4"},"content":{"rendered":"<p>T\u00e4ll\u00e4 sivulla on tietoa seksist\u00e4 ja pornosta netiss\u00e4.<\/p>\n<p>Seksi on toimintaa, joka tuottaa seksuaalista nautintoa.<\/p>\n<p>Porno tarkoittaa kiihottavia kuvia, tarinoita, videoita ja elokuvia. Pornossa harrastetaan usein seksi\u00e4.<\/p>\n<h2>Jokainen p\u00e4\u00e4tt\u00e4\u00e4 itse<\/h2>\n<p>Jokaisella on oikeus p\u00e4\u00e4tt\u00e4\u00e4 itse omasta kehosta, seksuaalisuudesta ja seksiin liittyvist\u00e4 asioista.<\/p>\n<p>Ket\u00e4\u00e4n ei saa painostaa tai pakottaa seksuaalisiin tekoihin netiss\u00e4 tai somessa. Esimerkiksi kuvien ja videoiden l\u00e4hett\u00e4minen sukuelimist\u00e4 on seksuaalinen teko.<\/p>\n<p>Kenenk\u00e4\u00e4n ei tarvitse katsoa pornoa, jos ei halua.<\/p>\n<h2>Porno on n\u00e4ytelty\u00e4<\/h2>\n<p>Porno tarkoittaa kiihottavia kuvia, videoita, elokuvia ja tarinoita. Pornossa harrastetaan usein seksi\u00e4.<\/p>\n<p>Porno ei ole totta, se on n\u00e4ytelty\u00e4. Yleens\u00e4 pornossa liioitellaan asioita.<\/p>\n<p>Oikeassa el\u00e4m\u00e4ss\u00e4 seksi ja ihmisten vartalot ovat yleens\u00e4 erilaisia kuin pornossa.<\/p>\n<p>Pornosta puuttuu usein my\u00f6s ehk\u00e4isy ja suostumus seksiin. Oikeassa el\u00e4m\u00e4ss\u00e4 seksiin pit\u00e4\u00e4 aina olla kumppanin suostumus.<\/p>\n<p>Porno on tarkoitettu aikuisille. Pornon katsominen on sallittua kaikille 18 vuotta t\u00e4ytt\u00e4neille. Pornon katsominen nuorena ei ole kuitenkaan rikos.<\/p>\n<p>Kenenk\u00e4\u00e4n ei tarvitse katsoa pornoa, jos ei halua.<\/p>\n<h2>Pornoa on netiss\u00e4 ja somessa<\/h2>\n<p>Netiss\u00e4 on pornosivustoja, joissa on videoita, kuvia ja tarinoita.<\/p>\n<p>My\u00f6s sosiaalisessa mediassa voi olla pornoa. Sosiaalisessa mediassa porno voi tulla vastaan vahingossa.<\/p>\n<p>Jos n\u00e4et netiss\u00e4 tai somessa pornoa, mutta et pid\u00e4 sen katselusta, sammuta tietokone tai puhelin.<\/p>\n<h2>Pornoa voi katsoa yksin tai yhdess\u00e4<\/h2>\n<p>Pornon katsominen voi olla mukavaa ja kiihottavaa.<\/p>\n<p>Pornoa voi katsoa yksin tai kumppanin kanssa. Jos haluaa katsoa pornoa kumppanin kanssa, pit\u00e4\u00e4 kumppanilta kysy\u00e4 suostumus eli lupa.<\/p>\n<p>Pornoa katsoessa voi harrastaa my\u00f6s seksi\u00e4. Pornoa voi katsoa esimerkiksi samalla, kun tyydytt\u00e4\u00e4 itse\u00e4\u00e4n.<\/p>\n<h2>Seksi\u00e4 viestien v\u00e4lityksell\u00e4<\/h2>\n<p>Sexting tarkoittaa seksin harrastamista viestien v\u00e4lityksell\u00e4.<\/p>\n<p>Sexting voi olla esimerkiksi<\/p>\n<ul>\n<li>seksist\u00e4 puhumista tai kirjoittamista<\/li>\n<li>alastonkuvien l\u00e4hett\u00e4mist\u00e4<\/li>\n<li>videoiden l\u00e4hett\u00e4mist\u00e4.<\/li>\n<\/ul>\n<p>Alastonkuvat ovat kuvia alastomista rinnoista, sukuelimist\u00e4 tai takapuolesta. My\u00f6s alusvaatekuvat ovat alastonkuvia.<\/p>\n<p>Dickpick tarkoittaa kuvaa peniksest\u00e4.<\/p>\n<p>Sextingiin pit\u00e4\u00e4 olla kaikkien osallistujien suostumus eli lupa. Kenellek\u00e4\u00e4n ei saa l\u00e4hett\u00e4\u00e4 seksuaalisia viestej\u00e4 tai kuvia ilman lupaa. Ket\u00e4\u00e4n ei saa painostaa tai pakottaa seksiin netiss\u00e4.<\/p>\n<p>Seksuaalisten viestien tai kuvien l\u00e4hett\u00e4mist\u00e4 kannattaa harkita tarkasti, vaikka olisi vastaanottajan lupa. Kuvat ja viestit on helppo tallentaa ja jakaa muille.<\/p>\n<h2>Seksuaalinen v\u00e4kivalta netiss\u00e4<\/h2>\n<p>Seksuaalinen v\u00e4kivalta tarkoittaa sit\u00e4, ett\u00e4 toista ihmist\u00e4 h\u00e4irit\u00e4\u00e4n tai kiusataan seksuaalisesti. Seksuaalinen v\u00e4kivalta netiss\u00e4 tai somessa on rikos.<\/p>\n<p>Esimerkiksi seuraavat teot ovat seksuaalista v\u00e4kivaltaa:<\/p>\n<ul>\n<li>loukkaavat kommentit ulkon\u00e4\u00f6st\u00e4, kehosta tai seksuaalisuudesta<\/li>\n<li>seksuaalisuudesta tai seksist\u00e4 vitsaileminen<\/li>\n<li>alastonkuvien tai -videoiden vaatiminen<\/li>\n<li>alastonkuvien tai -videoiden jakaminen muille ilman lupaa<\/li>\n<li>kuvien tai videoiden l\u00e4hett\u00e4minen sukuelimist\u00e4 ilman lupaa<\/li>\n<li>linkkien l\u00e4hett\u00e4minen pornosivuille tai pornovideoihin ilman lupaa.<\/li>\n<\/ul>\n<p>Ket\u00e4\u00e4n ei saa painostaa tai pakottaa riisumaan vaatteitaan tai koskettelemaan itse\u00e4\u00e4n videopuhelussa. Ket\u00e4\u00e4n ei saa my\u00f6sk\u00e4\u00e4n painostaa tai pakottaa katselemaan riisuuntumista tai sukuelinten koskettelua videopuhelussa.<\/p>\n<p>Jos saat ep\u00e4ilytt\u00e4v\u00e4n tai ahdistavan viestin, \u00e4l\u00e4 vastaa siihen. Kerro viestist\u00e4 luotettavalle ihmiselle.<\/p>\n<p>Jos sinua painostetaan seksuaalisiin tekoihin, kerro siit\u00e4 luotettavalle ihmiselle. Voit kertoa asiasta my\u00f6s poliisille.<\/p>\n<h2>Houkutteleminen seksuaalisiin tekoihin<\/h2>\n<p>Grooming tarkoittaa sit\u00e4, ett\u00e4 aikuinen ihminen houkuttelee nuorta seksuaalisiin tekoihin.<\/p>\n<p>Seksuaalinen teko voi olla esimerkiksi alastonkuvien l\u00e4hett\u00e4minen tai seksuaalisista asioista jutteleminen.<\/p>\n<p>Grooming on seksuaaliv\u00e4kivaltaa ja rikos.<\/p>\n<p>Grooming alkaa usein sill\u00e4, ett\u00e4 aikuinen kehuu nuoren ulkon\u00e4k\u00f6\u00e4. Aikuinen voi kysell\u00e4 nuorelta henkil\u00f6kohtaisia tietoja, kuten osoitetta tai koulun nime\u00e4.<\/p>\n<p>Aikuinen yritt\u00e4\u00e4 saada nuoren luottamaan itseens\u00e4. Aikuinen esitt\u00e4\u00e4 nuoren yst\u00e4v\u00e4\u00e4 ja voi tarjota nuorelle rahaa tai lahjoja.<\/p>\n<p>Aikuinen voi painostaa tai pakottaa nuoren seksuaalisiin tekoihin.<\/p>\n<p>Jos saat ep\u00e4ilytt\u00e4v\u00e4n tai ahdistavan viestin, \u00e4l\u00e4 vastaa siihen. Kerro viestist\u00e4 luotettavalle ihmiselle.<\/p>\n<p>Jos sinua painostetaan seksuaalisiin tekoihin, kerro siit\u00e4 luotettavalle aikuiselle.<\/p>\n<p>Voit ilmoittaa groomingista my\u00f6s poliisille.<\/p>\n<h2>Mist\u00e4 voi pyyt\u00e4\u00e4 apua?<\/h2>\n<p>Seksuaalisuuteen ja seksiin liittyviin kysymyksiin saa neuvoa ja apua.<\/p>\n<p>Voit ottaa yhteytt\u00e4 seksuaalineuvojaan tai seksuaaliterapeuttiin. My\u00f6s terveydenhuollon ammattilaiset, kuten hoitajat tai l\u00e4\u00e4k\u00e4rit voivat auttaa.<\/p>\n<p><a href=\"https:\/\/verneri.net\/selko\/seksuaalineuvoja\/\">Kysy seksuaalisuudesta tai seksist\u00e4 Vernerin seksuaalineuvojalta<\/a><\/p>\n<p><a href=\"https:\/\/verneri.net\/selko\/seksuaalineuvoja\/seksuaalineuvontaa-eri-puolilla-suomea\/\">Lista seksuaalineuvojista eri puolilla Suomea<\/a><\/p>\n<p><strong>Teksti:<\/strong> Henna Suikki ja Jenni Sipil\u00e4, 2023<\/p>\n<p><strong>L\u00e4hde ja lis\u00e4tietoa selkokielell\u00e4:<\/strong> <a href=\"https:\/\/selkoseks.fi\/wp-content\/uploads\/2025\/02\/Internet-ja-porno-2025.pdf\" target=\"_blank\" rel=\"noopener\">Internet ja porno -opas<\/a> (pdf)<\/p>\n","protected":false},"excerpt":{"rendered":"<p>T\u00e4ll\u00e4 sivulla on tietoa seksist\u00e4 ja pornosta netiss\u00e4. Seksi on toimintaa, joka tuottaa seksuaalista nautintoa. Porno tarkoittaa kiihottavia kuvia, tarinoita, [&hellip;]<\/p>\n","protected":false},"author":2,"featured_media":14831,"parent":18,"menu_order":73,"comment_status":"closed","ping_status":"closed","template":"","meta":{"_acf_changed":false,"footnotes":""},"class_list":["post-14466","page","type-page","status-publish","has-post-thumbnail","hentry"],"acf":[],"_links":{"self":[{"href":"https:\/\/verneri.net\/selko\/wp-json\/wp\/v2\/pages\/14466","targetHints":{"allow":["GET"]}}],"collection":[{"href":"https:\/\/verneri.net\/selko\/wp-json\/wp\/v2\/pages"}],"about":[{"href":"https:\/\/verneri.net\/selko\/wp-json\/wp\/v2\/types\/page"}],"author":[{"embeddable":true,"href":"https:\/\/verneri.net\/selko\/wp-json\/wp\/v2\/users\/2"}],"replies":[{"embeddable":true,"href":"https:\/\/verneri.net\/selko\/wp-json\/wp\/v2\/comments?post=14466"}],"version-history":[{"count":0,"href":"https:\/\/verneri.net\/selko\/wp-json\/wp\/v2\/pages\/14466\/revisions"}],"up":[{"embeddable":true,"href":"https:\/\/verneri.net\/selko\/wp-json\/wp\/v2\/pages\/18"}],"wp:featuredmedia":[{"embeddable":true,"href":"https:\/\/verneri.net\/selko\/wp-json\/wp\/v2\/media\/14831"}],"wp:attachment":[{"href":"https:\/\/verneri.net\/selko\/wp-json\/wp\/v2\/media?parent=14466"}],"curies":[{"name":"wp","href":"https:\/\/api.w.org\/{rel}","templated":true}]}}