{"id":14469,"date":"2025-03-13T13:18:03","date_gmt":"2025-03-13T11:18:03","guid":{"rendered":"http:\/\/localhost\/verneri\/selko-dev\/?page_id=14469"},"modified":"2025-10-27T14:35:04","modified_gmt":"2025-10-27T12:35:04","slug":"asumisen-tuki","status":"publish","type":"page","link":"https:\/\/verneri.net\/selko\/hyvinvointi\/apua-ja-tukea-arkeen\/asumisen-tuki\/","title":{"rendered":"Asumisen tuki"},"content":{"rendered":"<p>Vammaissopimuksen mukaan vammaisella ihmisell\u00e4 on oikeus asua ja el\u00e4\u00e4 kuten h\u00e4n itse haluaa.<\/p>\n<p>Sinulla on siis oikeus valita, miss\u00e4 ja miten asut.<\/p>\n<p>Hyvinvointialue voi j\u00e4rjest\u00e4\u00e4 vammaiselle ihmiselle tukea asumiseen.<\/p>\n<p>Voit saada tukea esimerkiksi<\/p>\n<ul>\n<li>kotit\u00f6ihin<\/li>\n<li>terveyden hoitoon<\/li>\n<li>kaupassa k\u00e4yntiin<\/li>\n<li>liikkumiseen<\/li>\n<li>ihmissuhteisiin<\/li>\n<li>vapaa-aikaan<\/li>\n<li>muuttamiseen.<\/li>\n<\/ul>\n<p>Eri hyvinvointialueet j\u00e4rjest\u00e4v\u00e4t asumisen tukea eri tavoin.<\/p>\n<p>Voit asua esimerkiksi yksin tai yhdess\u00e4 kaverin kanssa ja saada tukea kotiin. Voit asua my\u00f6s yhteis\u00f6llisesti eli yhdess\u00e4 muiden kanssa.<\/p>\n<p>Asumisen tuki suunnitellaan yhdess\u00e4 sosiaality\u00f6ntekij\u00e4n kanssa. Sosiaality\u00f6ntekij\u00e4 kertoo sinulle, millaisia asuntoja on tarjolla ja millaista tukea voit saada. Sosiaality\u00f6ntekij\u00e4 kirjaa suunnitelman asumisen tuesta asiakassuunnitelmaasi.<\/p>\n<p>Jos haluat lis\u00e4\u00e4 tietoa asumisen vaihtoehdoista ja asumisen tuesta, juttele asiasta l\u00e4heisen ihmisen tai ohjaajan kanssa. Voit ottaa yhteytt\u00e4 my\u00f6s sosiaality\u00f6ntekij\u00e4\u00e4n.<\/p>\n<p>Voit kysy\u00e4 asumisesta my\u00f6s Verkko-Kertulta. Verkko-Kerttu vastaa kysymykseesi selkokielell\u00e4.<\/p>\n<p><a href=\"https:\/\/verneri.net\/selko\/verkko-kerttu\/kysy-kertulta\/\">Kysy Kertulta<\/a><\/p>\n<p><strong>Teksti:<\/strong> Jenni Sipil\u00e4, 2025<br \/>\n<strong>Kuva:<\/strong> Risto Musta<\/p>\n<p><strong>Lis\u00e4tietoa selkokielell\u00e4:<\/strong><\/p>\n<ul>\n<li><a href=\"https:\/\/verneri.net\/selko\/hyvinvointi\/vammaisten-oikeudet\/oikeus-omannakoiseen-asumiseen\/\">Oikeus omann\u00e4k\u00f6iseen asumiseen<\/a><\/li>\n<li><a href=\"https:\/\/verneri.net\/selko\/hyvinvointi\/asuminen\/monta-tapaa-asua\/\">Monta tapaa asua<\/a><\/li>\n<li><a href=\"https:\/\/verneri.net\/selko\/hyvinvointi\/apua-ja-tukea-arkeen\/asiakassuunnitelma\/\">Asiakassuunnitelma<\/a><\/li>\n<li><a href=\"https:\/\/www.tukiliitto.fi\/oikeudet\/asuminen\/\" target=\"_blank\" rel=\"noopener\">Asuminen<\/a> (tukiliitto.fi)<\/li>\n<\/ul>\n","protected":false},"excerpt":{"rendered":"<p>Vammaissopimuksen mukaan vammaisella ihmisell\u00e4 on oikeus asua ja el\u00e4\u00e4 kuten h\u00e4n itse haluaa. Sinulla on siis oikeus valita, miss\u00e4 ja [&hellip;]<\/p>\n","protected":false},"author":2,"featured_media":17016,"parent":20,"menu_order":0,"comment_status":"closed","ping_status":"closed","template":"","meta":{"_acf_changed":false,"footnotes":""},"class_list":["post-14469","page","type-page","status-publish","has-post-thumbnail","hentry"],"acf":[],"_links":{"self":[{"href":"https:\/\/verneri.net\/selko\/wp-json\/wp\/v2\/pages\/14469","targetHints":{"allow":["GET"]}}],"collection":[{"href":"https:\/\/verneri.net\/selko\/wp-json\/wp\/v2\/pages"}],"about":[{"href":"https:\/\/verneri.net\/selko\/wp-json\/wp\/v2\/types\/page"}],"author":[{"embeddable":true,"href":"https:\/\/verneri.net\/selko\/wp-json\/wp\/v2\/users\/2"}],"replies":[{"embeddable":true,"href":"https:\/\/verneri.net\/selko\/wp-json\/wp\/v2\/comments?post=14469"}],"version-history":[{"count":0,"href":"https:\/\/verneri.net\/selko\/wp-json\/wp\/v2\/pages\/14469\/revisions"}],"up":[{"embeddable":true,"href":"https:\/\/verneri.net\/selko\/wp-json\/wp\/v2\/pages\/20"}],"wp:featuredmedia":[{"embeddable":true,"href":"https:\/\/verneri.net\/selko\/wp-json\/wp\/v2\/media\/17016"}],"wp:attachment":[{"href":"https:\/\/verneri.net\/selko\/wp-json\/wp\/v2\/media?parent=14469"}],"curies":[{"name":"wp","href":"https:\/\/api.w.org\/{rel}","templated":true}]}}