{"id":14514,"date":"2025-03-13T18:39:47","date_gmt":"2025-03-13T16:39:47","guid":{"rendered":"http:\/\/localhost\/verneri\/selko-dev\/?page_id=14514"},"modified":"2026-01-09T15:00:31","modified_gmt":"2026-01-09T13:00:31","slug":"mina-harrastan","status":"publish","type":"page","link":"https:\/\/verneri.net\/selko\/hyvinvointi\/vapaa-aika\/mina-harrastan\/","title":{"rendered":"Min\u00e4 harrastan"},"content":{"rendered":"<p>Kaipaatko tekemist\u00e4? Haaveiletko uudesta harrastuksesta?<\/p>\n<p>N\u00e4ill\u00e4 sivuilla nuoret ja aikuiset kertovat omista harrastuksistaan ja antavat vinkkej\u00e4 harrastuksien aloittamiseen.<\/p>\n","protected":false},"excerpt":{"rendered":"<p>Kaipaatko tekemist\u00e4? Haaveiletko uudesta harrastuksesta? N\u00e4ill\u00e4 sivuilla nuoret ja aikuiset kertovat omista harrastuksistaan ja antavat vinkkej\u00e4 harrastuksien aloittamiseen.<\/p>\n","protected":false},"author":2,"featured_media":17342,"parent":24,"menu_order":33,"comment_status":"closed","ping_status":"closed","template":"","meta":{"_acf_changed":false,"footnotes":""},"class_list":["post-14514","page","type-page","status-publish","has-post-thumbnail","hentry"],"acf":[],"_links":{"self":[{"href":"https:\/\/verneri.net\/selko\/wp-json\/wp\/v2\/pages\/14514","targetHints":{"allow":["GET"]}}],"collection":[{"href":"https:\/\/verneri.net\/selko\/wp-json\/wp\/v2\/pages"}],"about":[{"href":"https:\/\/verneri.net\/selko\/wp-json\/wp\/v2\/types\/page"}],"author":[{"embeddable":true,"href":"https:\/\/verneri.net\/selko\/wp-json\/wp\/v2\/users\/2"}],"replies":[{"embeddable":true,"href":"https:\/\/verneri.net\/selko\/wp-json\/wp\/v2\/comments?post=14514"}],"version-history":[{"count":0,"href":"https:\/\/verneri.net\/selko\/wp-json\/wp\/v2\/pages\/14514\/revisions"}],"up":[{"embeddable":true,"href":"https:\/\/verneri.net\/selko\/wp-json\/wp\/v2\/pages\/24"}],"wp:featuredmedia":[{"embeddable":true,"href":"https:\/\/verneri.net\/selko\/wp-json\/wp\/v2\/media\/17342"}],"wp:attachment":[{"href":"https:\/\/verneri.net\/selko\/wp-json\/wp\/v2\/media?parent=14514"}],"curies":[{"name":"wp","href":"https:\/\/api.w.org\/{rel}","templated":true}]}}