{"id":14516,"date":"2025-03-13T18:44:21","date_gmt":"2025-03-13T16:44:21","guid":{"rendered":"http:\/\/localhost\/verneri\/selko-dev\/?page_id=14516"},"modified":"2025-09-11T12:21:08","modified_gmt":"2025-09-11T09:21:08","slug":"musiikki","status":"publish","type":"page","link":"https:\/\/verneri.net\/selko\/hyvinvointi\/vapaa-aika\/musiikki\/","title":{"rendered":"Musiikki"},"content":{"rendered":"<p>Musiikin kuuntelu ja soittaminen tekee hyv\u00e4\u00e4.<\/p>\n<p>N\u00e4ill\u00e4 sivuilla on tietoa musiikin vaikutuksista ja vinkkej\u00e4 musiikin harrastamiseen. Voit vastata my\u00f6s leikkimielisen musavisan kysymyksiin.<\/p>\n","protected":false},"excerpt":{"rendered":"<p>Musiikin kuuntelu ja soittaminen tekee hyv\u00e4\u00e4. N\u00e4ill\u00e4 sivuilla on tietoa musiikin vaikutuksista ja vinkkej\u00e4 musiikin harrastamiseen. Voit vastata my\u00f6s leikkimielisen [&hellip;]<\/p>\n","protected":false},"author":2,"featured_media":0,"parent":24,"menu_order":50,"comment_status":"closed","ping_status":"closed","template":"","meta":{"_acf_changed":false,"footnotes":""},"class_list":["post-14516","page","type-page","status-publish","hentry"],"acf":[],"_links":{"self":[{"href":"https:\/\/verneri.net\/selko\/wp-json\/wp\/v2\/pages\/14516","targetHints":{"allow":["GET"]}}],"collection":[{"href":"https:\/\/verneri.net\/selko\/wp-json\/wp\/v2\/pages"}],"about":[{"href":"https:\/\/verneri.net\/selko\/wp-json\/wp\/v2\/types\/page"}],"author":[{"embeddable":true,"href":"https:\/\/verneri.net\/selko\/wp-json\/wp\/v2\/users\/2"}],"replies":[{"embeddable":true,"href":"https:\/\/verneri.net\/selko\/wp-json\/wp\/v2\/comments?post=14516"}],"version-history":[{"count":0,"href":"https:\/\/verneri.net\/selko\/wp-json\/wp\/v2\/pages\/14516\/revisions"}],"up":[{"embeddable":true,"href":"https:\/\/verneri.net\/selko\/wp-json\/wp\/v2\/pages\/24"}],"wp:attachment":[{"href":"https:\/\/verneri.net\/selko\/wp-json\/wp\/v2\/media?parent=14516"}],"curies":[{"name":"wp","href":"https:\/\/api.w.org\/{rel}","templated":true}]}}