{"id":14530,"date":"2025-03-14T18:40:05","date_gmt":"2025-03-14T16:40:05","guid":{"rendered":"http:\/\/localhost\/verneri\/selko-dev\/?page_id=14530"},"modified":"2025-09-08T17:53:06","modified_gmt":"2025-09-08T14:53:06","slug":"minua-kuullaan","status":"publish","type":"page","link":"https:\/\/verneri.net\/selko\/hyvinvointi\/vammaisten-oikeudet\/oikeus-paattaa\/minua-kuullaan\/","title":{"rendered":"Minua kuullaan"},"content":{"rendered":"<p>Olen Jani Hirvi, selkolehti Leijan toimitusneuvoston j\u00e4sen. T\u00e4m\u00e4 on minun mielipiteeni itsem\u00e4\u00e4r\u00e4\u00e4misoikeudesta.<\/p>\n<h2>Jokainen saa p\u00e4\u00e4tt\u00e4\u00e4 omista asioistaan<\/h2>\n<p>Itsem\u00e4\u00e4r\u00e4\u00e4misoikeus tarkoittaa, ett\u00e4 jokainen p\u00e4\u00e4tt\u00e4\u00e4 itse asioistaan.<\/p>\n<p>Vammaisella ihmisell\u00e4 on oikeus olla l\u00e4sn\u00e4, kun h\u00e4nen asioistaan p\u00e4\u00e4tet\u00e4\u00e4n. P\u00e4\u00e4t\u00f6ksi\u00e4 ei saa tehd\u00e4 sel\u00e4n takana. Ty\u00f6ntekij\u00e4t eiv\u00e4t saa p\u00e4\u00e4tt\u00e4\u00e4 asioista kesken\u00e4\u00e4n.<\/p>\n<p>Jos tehd\u00e4\u00e4n vaikka p\u00e4\u00e4t\u00f6s kuntoutuksesta, pit\u00e4\u00e4 vammaisen henkil\u00f6n olla itse paikalla.<\/p>\n<h2>Ollaan mukana p\u00e4\u00e4t\u00f6ksenteossa<\/h2>\n<p>Minulla on hyvi\u00e4 kokemuksia, sill\u00e4 minua on kuunneltu.<\/p>\n<p>Min\u00e4 olen saanut sanoa oman mielipiteeni, kun minua koskevia asioita on p\u00e4\u00e4tetty.<\/p>\n<p>Olkaa k\u00e4rkk\u00e4\u00e4sti mukana p\u00e4\u00e4t\u00f6ksenteossa. Ty\u00f6ntekij\u00e4t eiv\u00e4t saa jyr\u00e4t\u00e4 meit\u00e4.<\/p>\n<p>Me olemme kuin muutkin kansalaiset. Maksamme veroja kuin muutkin.<\/p>\n<p>Ei meit\u00e4 saa lokeroida mihink\u00e4\u00e4n muottiin.<\/p>\n<p><strong>Teksti:<\/strong> Jani Hirvi, 2023<br \/>\n<strong>Kuva:<\/strong> Laura Vesa<\/p>\n","protected":false},"excerpt":{"rendered":"<p>Olen Jani Hirvi, selkolehti Leijan toimitusneuvoston j\u00e4sen. T\u00e4m\u00e4 on minun mielipiteeni itsem\u00e4\u00e4r\u00e4\u00e4misoikeudesta. Jokainen saa p\u00e4\u00e4tt\u00e4\u00e4 omista asioistaan Itsem\u00e4\u00e4r\u00e4\u00e4misoikeus tarkoittaa, ett\u00e4 [&hellip;]<\/p>\n","protected":false},"author":2,"featured_media":16974,"parent":61,"menu_order":2,"comment_status":"closed","ping_status":"closed","template":"","meta":{"_acf_changed":false,"footnotes":""},"class_list":["post-14530","page","type-page","status-publish","has-post-thumbnail","hentry"],"acf":[],"_links":{"self":[{"href":"https:\/\/verneri.net\/selko\/wp-json\/wp\/v2\/pages\/14530","targetHints":{"allow":["GET"]}}],"collection":[{"href":"https:\/\/verneri.net\/selko\/wp-json\/wp\/v2\/pages"}],"about":[{"href":"https:\/\/verneri.net\/selko\/wp-json\/wp\/v2\/types\/page"}],"author":[{"embeddable":true,"href":"https:\/\/verneri.net\/selko\/wp-json\/wp\/v2\/users\/2"}],"replies":[{"embeddable":true,"href":"https:\/\/verneri.net\/selko\/wp-json\/wp\/v2\/comments?post=14530"}],"version-history":[{"count":0,"href":"https:\/\/verneri.net\/selko\/wp-json\/wp\/v2\/pages\/14530\/revisions"}],"up":[{"embeddable":true,"href":"https:\/\/verneri.net\/selko\/wp-json\/wp\/v2\/pages\/61"}],"wp:featuredmedia":[{"embeddable":true,"href":"https:\/\/verneri.net\/selko\/wp-json\/wp\/v2\/media\/16974"}],"wp:attachment":[{"href":"https:\/\/verneri.net\/selko\/wp-json\/wp\/v2\/media?parent=14530"}],"curies":[{"name":"wp","href":"https:\/\/api.w.org\/{rel}","templated":true}]}}