{"id":14537,"date":"2025-03-14T18:44:30","date_gmt":"2025-03-14T16:44:30","guid":{"rendered":"http:\/\/localhost\/verneri\/selko-dev\/?page_id=14537"},"modified":"2025-11-06T12:05:10","modified_gmt":"2025-11-06T10:05:10","slug":"julkilausuma-paattamisesta","status":"publish","type":"page","link":"https:\/\/verneri.net\/selko\/hyvinvointi\/vammaisten-oikeudet\/oikeus-paattaa\/julkilausuma-paattamisesta\/","title":{"rendered":"Julkilausuma p\u00e4\u00e4tt\u00e4misest\u00e4"},"content":{"rendered":"<p>Hyvink\u00e4\u00e4n Sankarit on tehnyt julkilausuman itsem\u00e4\u00e4r\u00e4\u00e4misoikeudesta.<\/p>\n<h2>Jokaisella on oikeus p\u00e4\u00e4tt\u00e4\u00e4 itse asioista<\/h2>\n<p>Itsem\u00e4\u00e4r\u00e4\u00e4misoikeus tarkoittaa sit\u00e4, ett\u00e4 jokaisella on oikeus tehd\u00e4 omia p\u00e4\u00e4t\u00f6ksi\u00e4 ja hallita omaa el\u00e4m\u00e4\u00e4ns\u00e4.<\/p>\n<p>Itsem\u00e4\u00e4r\u00e4\u00e4misoikeus liittyy moniin eri asioihin. Voi p\u00e4\u00e4tt\u00e4\u00e4 miss\u00e4 asuu, mit\u00e4 sy\u00f6, mihin aikaan menee nukkumaan ja mit\u00e4 tekee vapaa-ajallaan yst\u00e4vien tai avustajan kanssa.<\/p>\n<p>Oman rahank\u00e4yt\u00f6n p\u00e4\u00e4t\u00f6kset kuuluvat itsem\u00e4\u00e4r\u00e4\u00e4misoikeuteen. Edunvalvojan teht\u00e4v\u00e4 on tukea p\u00e4\u00e4t\u00f6ksenteossa tarjoamalla tarvittavaa tietoa.<\/p>\n<p>Itsem\u00e4\u00e4r\u00e4\u00e4misoikeutta pit\u00e4\u00e4 kunnioittaa henkil\u00f6kohtaisten asioiden, kuten esimerkiksi terveystietojen s\u00e4ilytt\u00e4misess\u00e4 yksil\u00f6n omana tietona. Yksityisyyden kunnioittaminen on t\u00e4rke\u00e4 osa itsem\u00e4\u00e4r\u00e4\u00e4misoikeutta.<\/p>\n<p>Parhaiten itsem\u00e4\u00e4r\u00e4\u00e4misoikeus toteutuu silloin, kun ohjaajat tai tukihenkil\u00f6t kuuntelevat ja kunnioittavat meit\u00e4. On t\u00e4rke\u00e4\u00e4, ett\u00e4 ohjaajilla on tarpeeksi aikaa ja he eiv\u00e4t ole liian kiireisi\u00e4, jotta he voivat tarjota tukea p\u00e4\u00e4t\u00f6ksentekoon.<\/p>\n<p>Ohjaajia pit\u00e4\u00e4 perehdytt\u00e4\u00e4 itsem\u00e4\u00e4r\u00e4\u00e4misoikeuteen liittyviss\u00e4 asioissa.<\/p>\n<p>Jokaisella on oikeus tulla kuulluksi, ja kaikkien mielipiteit\u00e4 tulisi kunnioittaa.<\/p>\n<p>On my\u00f6s t\u00e4rke\u00e4\u00e4 huomata, ett\u00e4 kaikki eiv\u00e4t v\u00e4ltt\u00e4m\u00e4tt\u00e4 pysty puolustamaan itse\u00e4\u00e4n tai ilmaisemaan mielipiteit\u00e4\u00e4n. Siksi meid\u00e4n muiden tulee auttaa ja tukea niit\u00e4, jotka tarvitsevat apua.<\/p>\n<p><strong>Julkilausuman tekij\u00e4t:<\/strong> Hyvink\u00e4\u00e4n Sankarit, Me Itse -ryhm\u00e4, 2024<br \/>\n<strong>Kuva:<\/strong> Laura Vesa<\/p>\n<p><em>Kuva on Me Itse -yhdistyksen vuosikokouksesta.<\/em><\/p>\n","protected":false},"excerpt":{"rendered":"<p>Hyvink\u00e4\u00e4n Sankarit on tehnyt julkilausuman itsem\u00e4\u00e4r\u00e4\u00e4misoikeudesta. Jokaisella on oikeus p\u00e4\u00e4tt\u00e4\u00e4 itse asioista Itsem\u00e4\u00e4r\u00e4\u00e4misoikeus tarkoittaa sit\u00e4, ett\u00e4 jokaisella on oikeus tehd\u00e4 [&hellip;]<\/p>\n","protected":false},"author":2,"featured_media":15084,"parent":61,"menu_order":2,"comment_status":"closed","ping_status":"closed","template":"","meta":{"_acf_changed":false,"footnotes":""},"class_list":["post-14537","page","type-page","status-publish","has-post-thumbnail","hentry"],"acf":[],"_links":{"self":[{"href":"https:\/\/verneri.net\/selko\/wp-json\/wp\/v2\/pages\/14537","targetHints":{"allow":["GET"]}}],"collection":[{"href":"https:\/\/verneri.net\/selko\/wp-json\/wp\/v2\/pages"}],"about":[{"href":"https:\/\/verneri.net\/selko\/wp-json\/wp\/v2\/types\/page"}],"author":[{"embeddable":true,"href":"https:\/\/verneri.net\/selko\/wp-json\/wp\/v2\/users\/2"}],"replies":[{"embeddable":true,"href":"https:\/\/verneri.net\/selko\/wp-json\/wp\/v2\/comments?post=14537"}],"version-history":[{"count":0,"href":"https:\/\/verneri.net\/selko\/wp-json\/wp\/v2\/pages\/14537\/revisions"}],"up":[{"embeddable":true,"href":"https:\/\/verneri.net\/selko\/wp-json\/wp\/v2\/pages\/61"}],"wp:featuredmedia":[{"embeddable":true,"href":"https:\/\/verneri.net\/selko\/wp-json\/wp\/v2\/media\/15084"}],"wp:attachment":[{"href":"https:\/\/verneri.net\/selko\/wp-json\/wp\/v2\/media?parent=14537"}],"curies":[{"name":"wp","href":"https:\/\/api.w.org\/{rel}","templated":true}]}}