{"id":14542,"date":"2025-03-14T19:08:23","date_gmt":"2025-03-14T17:08:23","guid":{"rendered":"http:\/\/localhost\/verneri\/selko-dev\/?page_id=14542"},"modified":"2025-05-28T14:43:47","modified_gmt":"2025-05-28T11:43:47","slug":"aanesta-eu-vaaleissa","status":"publish","type":"page","link":"https:\/\/verneri.net\/selko\/hyvinvointi\/vaikuttaminen\/vaalit-ja-aanestaminen\/aanesta-eu-vaaleissa\/","title":{"rendered":"\u00c4\u00e4nest\u00e4 EU-vaaleissa"},"content":{"rendered":"<p>Euroopan unionin eli EU:n kansalaiset valitsevat vaaleilla Euroopan parlamentin j\u00e4senet.<\/p>\n<p>Euroopan parlamentti s\u00e4\u00e4t\u00e4\u00e4 lakeja, jotka vaikuttavat p\u00e4ivitt\u00e4iseen el\u00e4m\u00e4\u00e4mme. Parlamentti p\u00e4\u00e4tt\u00e4\u00e4 my\u00f6s EU:n talousarviosta.<\/p>\n<p>EU-vaalit pidet\u00e4\u00e4n viiden vuoden v\u00e4lein. Seuraavat EU-vaalit ovat vuonna 2029.<\/p>\n<h2>Kuka saa \u00e4\u00e4nest\u00e4\u00e4?<\/h2>\n<p>Voit \u00e4\u00e4nest\u00e4\u00e4 EU-vaaleissa, jos<\/p>\n<ul>\n<li>olet t\u00e4ytt\u00e4nyt 18 vuotta vaalip\u00e4iv\u00e4n\u00e4<\/li>\n<li>olet Suomen kansalainen<\/li>\n<li>olet jonkin muun EU-maan kansalainen ja olet ilmoittautunut \u00e4\u00e4nioikeusrekisteriin Suomessa vaalip\u00e4iv\u00e4\u00e4n menness\u00e4.<\/li>\n<\/ul>\n<p>Jos sinulla on oikeus \u00e4\u00e4nest\u00e4\u00e4, saat \u00e4\u00e4nioikeusilmoituksen. \u00c4\u00e4nioikeusilmoitus l\u00e4hetet\u00e4\u00e4n joko kirjeen\u00e4 tai s\u00e4hk\u00f6isesti.<\/p>\n<p>\u00c4\u00e4nioikeusilmoituksessa on tieto \u00e4\u00e4nestyspaikastasi vaalip\u00e4iv\u00e4n\u00e4. Mukana on my\u00f6s luettelo ennakko\u00e4\u00e4nestyspaikoista.<\/p>\n<h2>Ket\u00e4 voit \u00e4\u00e4nest\u00e4\u00e4?<\/h2>\n<p>EU-vaalit j\u00e4rjestet\u00e4\u00e4n kaikissa Euroopan unionin j\u00e4senmaissa samaan aikaan. Euroopan unionissa on 27 j\u00e4senmaata.<\/p>\n<p>Suomesta valitaan Euroopan parlamenttiin 15 j\u00e4sent\u00e4 eli meppi\u00e4. Ehdokkaita voivat asettaa puolueet ja valitsijayhdistykset. Kaikki ehdokkaat ovat ehdolla koko maassa.<\/p>\n<p>Jokaisella ehdokkaalla on oma ehdokasnumeronsa. Voit \u00e4\u00e4nest\u00e4\u00e4 ket\u00e4 tahansa ehdokasta Suomen EU-vaaleissa.<\/p>\n<p>Tietoa ehdokkaista saat esimerkiksi lehdist\u00e4, televisiosta tai netist\u00e4.<\/p>\n<h2>Jokainen p\u00e4\u00e4tt\u00e4\u00e4 itse, ket\u00e4 \u00e4\u00e4nest\u00e4\u00e4<\/h2>\n<p>Jokainen p\u00e4\u00e4tt\u00e4\u00e4 itse, haluaako \u00e4\u00e4nest\u00e4\u00e4. Jokainen p\u00e4\u00e4tt\u00e4\u00e4 itse my\u00f6s siit\u00e4, ket\u00e4 \u00e4\u00e4nest\u00e4\u00e4.<\/p>\n<p>\u00c4\u00e4nioikeuteen kuuluu vaalisalaisuus. Se tarkoittaa, ett\u00e4 sinun ei tarvitse kertoa kenellek\u00e4\u00e4n, ket\u00e4 ehdokasta \u00e4\u00e4nest\u00e4t.<\/p>\n<h2>Koti\u00e4\u00e4nestys<\/h2>\n<p>Jos olet vaikeasti vammautunut tai pitk\u00e4aikaisesti sairas, voit \u00e4\u00e4nest\u00e4\u00e4 ennakkoon kotonasi.<\/p>\n<p>Sinun pit\u00e4\u00e4 ilmoittautua koti\u00e4\u00e4nestykseen etuk\u00e4teen oman kuntasi keskusvaalilautakunnalle. Lautakunnan puhelinnumero on \u00e4\u00e4nioikeusilmoituksessa. Saat lautakunnalta my\u00f6s lis\u00e4tietoa koti\u00e4\u00e4nestyksest\u00e4.<\/p>\n<h2>N\u00e4in \u00e4\u00e4nest\u00e4t<\/h2>\n<p>Kun menet \u00e4\u00e4nest\u00e4m\u00e4\u00e4n, ota mukaasi henkil\u00f6llisyystodistus. Henkil\u00f6llisyystodistuksia ovat esimerkiksi passi, henkil\u00f6kortti ja ajokortti.<\/p>\n<p>\u00c4\u00e4nestyspaikassa sinua odottaa vaalivirkailija. H\u00e4n tarkistaa henkil\u00f6llisyystodistuksesi ja antaa sinulle \u00e4\u00e4nestyslipun.<\/p>\n<p>Mene t\u00e4ytt\u00e4m\u00e4\u00e4n\u00a0\u00e4\u00e4nestyslippu \u00e4\u00e4nestyskoppiin. Kirjoita \u00e4\u00e4nestyslippuun selv\u00e4sti sen ehdokkaan numero, jota \u00e4\u00e4nest\u00e4t.<\/p>\n<p>Palaa vaalivirkailijan luo. H\u00e4n leimaa \u00e4\u00e4nestyslippusi.<\/p>\n<h2>Vaalivirkailijat auttavat<\/h2>\n<p>\u00c4\u00e4nestyspaikalla on vaalivirkailijoita ja vaaliavustajia. He auttavat ja neuvovat sinua kaikissa tilanteissa.<\/p>\n<p>Vaaliavustajana voi toimia my\u00f6s henkil\u00f6, jonka olet itse valinnut.<\/p>\n<p>Voit pyyt\u00e4\u00e4 vaaliavustajan avuksesi \u00e4\u00e4nestyskoppiin. Vaaliavustaja ei saa kertoa kenellek\u00e4\u00e4n, ket\u00e4 \u00e4\u00e4nestit.<\/p>\n<p><strong>L\u00e4hde:<\/strong> Selkokielinen EU-vaalit 2024 -esite<\/p>\n","protected":false},"excerpt":{"rendered":"<p>Euroopan unionin eli EU:n kansalaiset valitsevat vaaleilla Euroopan parlamentin j\u00e4senet. Euroopan parlamentti s\u00e4\u00e4t\u00e4\u00e4 lakeja, jotka vaikuttavat p\u00e4ivitt\u00e4iseen el\u00e4m\u00e4\u00e4mme. Parlamentti p\u00e4\u00e4tt\u00e4\u00e4 [&hellip;]<\/p>\n","protected":false},"author":2,"featured_media":14946,"parent":67,"menu_order":303,"comment_status":"closed","ping_status":"closed","template":"","meta":{"_acf_changed":false,"footnotes":""},"class_list":["post-14542","page","type-page","status-publish","has-post-thumbnail","hentry"],"acf":[],"_links":{"self":[{"href":"https:\/\/verneri.net\/selko\/wp-json\/wp\/v2\/pages\/14542","targetHints":{"allow":["GET"]}}],"collection":[{"href":"https:\/\/verneri.net\/selko\/wp-json\/wp\/v2\/pages"}],"about":[{"href":"https:\/\/verneri.net\/selko\/wp-json\/wp\/v2\/types\/page"}],"author":[{"embeddable":true,"href":"https:\/\/verneri.net\/selko\/wp-json\/wp\/v2\/users\/2"}],"replies":[{"embeddable":true,"href":"https:\/\/verneri.net\/selko\/wp-json\/wp\/v2\/comments?post=14542"}],"version-history":[{"count":0,"href":"https:\/\/verneri.net\/selko\/wp-json\/wp\/v2\/pages\/14542\/revisions"}],"up":[{"embeddable":true,"href":"https:\/\/verneri.net\/selko\/wp-json\/wp\/v2\/pages\/67"}],"wp:featuredmedia":[{"embeddable":true,"href":"https:\/\/verneri.net\/selko\/wp-json\/wp\/v2\/media\/14946"}],"wp:attachment":[{"href":"https:\/\/verneri.net\/selko\/wp-json\/wp\/v2\/media?parent=14542"}],"curies":[{"name":"wp","href":"https:\/\/api.w.org\/{rel}","templated":true}]}}