{"id":14546,"date":"2025-03-15T07:37:01","date_gmt":"2025-03-15T05:37:01","guid":{"rendered":"http:\/\/localhost\/verneri\/selko-dev\/?page_id=14546"},"modified":"2025-10-30T13:45:10","modified_gmt":"2025-10-30T11:45:10","slug":"vertaisavustajana-teatterissa","status":"publish","type":"page","link":"https:\/\/verneri.net\/selko\/hyvinvointi\/vapaa-aika\/mina-harrastan\/vertaisavustajana-teatterissa\/","title":{"rendered":"Vertaisavustajana teatterissa"},"content":{"rendered":"<p>Samppa Siiskonen on vertaisavustaja teatteriryhm\u00e4 Sankareissa. Ryhm\u00e4 kokoontuu Narrin n\u00e4ytt\u00e4m\u00f6ll\u00e4 Helsingiss\u00e4 kerran viikossa.<\/p>\n<p><iframe loading=\"lazy\" title=\"Vertaisavustajana teatterissa\" width=\"500\" height=\"281\" src=\"https:\/\/www.youtube.com\/embed\/eQYjmWP0LcY?wmode=transparent&amp;rel=0&amp;feature=oembed\" frameborder=\"0\" allow=\"accelerometer; autoplay; clipboard-write; encrypted-media; gyroscope; picture-in-picture; web-share\" referrerpolicy=\"strict-origin-when-cross-origin\" allowfullscreen><\/iframe><\/p>\n<h2>Hirmu kiva teatteriryhm\u00e4<\/h2>\n<p>Olen Samppa, 31 vuotta. Olen positiivinen ja onnellinen nuori mies.<\/p>\n<p>Asun Helsingiss\u00e4, Kalasatamassa, meren rannalla.<\/p>\n<p>Olen t\u00f6iss\u00e4 ravintola Factoryssa nelj\u00e4n\u00e4 tai viiten\u00e4 p\u00e4iv\u00e4n\u00e4 viikossa.<\/p>\n<p>Ty\u00f6skentelen my\u00f6s vertaisavustajana Narrin n\u00e4ytt\u00e4m\u00f6ll\u00e4.<\/p>\n<p>Meill\u00e4 on Narrissa hirmu kiva, pieni teatteriryhm\u00e4. Meit\u00e4 on kuusi innokasta nuorta ja kaksi vertaisavustajaa.<\/p>\n<p>Me tuetaan toisiamme ja annetaan vinkkej\u00e4, miten voi n\u00e4ytell\u00e4.<\/p>\n<p>Meill\u00e4 nuoret saavat itse suunnitella ja ideoida n\u00e4ytelmi\u00e4.<\/p>\n<h2>Joka kausi uusi n\u00e4ytelm\u00e4<\/h2>\n<p>Kausi alkaa syksyll\u00e4 siit\u00e4, kun me suunnitellaan, mit\u00e4 me halutaan esitt\u00e4\u00e4. Me mietit\u00e4\u00e4n yhdess\u00e4 joku aihe ja millaisia kohtauksia n\u00e4ytelm\u00e4ss\u00e4 olisi.<\/p>\n<p>Sitten joskus tammi-helmikuussa aletaan kirjoittaa k\u00e4sikirjoitusta. Kirjoitetaan nuorten ideoiden pohjalta.<\/p>\n<p>Sitten aletaan harjoitella n\u00e4ytelm\u00e4\u00e4.<\/p>\n<p>Kev\u00e4\u00e4ll\u00e4, kun on treenattu, n\u00e4ytelm\u00e4 esitet\u00e4\u00e4n.<\/p>\n<p>Me pyrit\u00e4\u00e4n siihen, ett\u00e4 meill\u00e4 on 3-4 n\u00e4yt\u00f6st\u00e4. Narrin n\u00e4yt\u00f6ksiin on kaikille vapaa p\u00e4\u00e4sy, joten yleis\u00f6\u00f6n voi tulla kuka vain.<\/p>\n<p>Kyll\u00e4h\u00e4n se tuntuu pitk\u00e4n toimintakauden j\u00e4lkeen hienolta, kun saadaan vet\u00e4\u00e4 valmis teos.<\/p>\n<h2>T\u00e4nne kannattaa tulla!<\/h2>\n<p>Olen k\u00e4ynyt Narrissa kauan. Mulla on paljon kokemusta teatterin tekemisest\u00e4.<\/p>\n<p>Nykyisin annan muille vertaistukea ja kerron, mit\u00e4 se n\u00e4ytteleminen on.<\/p>\n<p>M\u00e4 olen itse aina tyk\u00e4nnyt esiinty\u00e4. Siin\u00e4 on jotain hohtoa.<\/p>\n<p>Joskus istun ohjaamossa ja ajan meid\u00e4n valoja. Saatan etsi\u00e4 puvustosta vaatteita n\u00e4yttelij\u00f6ille. Autan my\u00f6s k\u00e4sikirjoittamisessa.<\/p>\n<p>Parasta on ehk\u00e4 se, ett\u00e4 n\u00e4kee, miten k\u00e4sikirjoitus syntyy. Mit\u00e4 vaiheita se k\u00e4y l\u00e4pi.<\/p>\n<p>T\u00e4\u00e4lt\u00e4 oon l\u00f6yt\u00e4nyt my\u00f6s kavereita.<\/p>\n<p>T\u00e4\u00e4ll\u00e4 on joka syksy avoimia paikkoja. T\u00e4nne voi laittaa vaikka viesti\u00e4.<\/p>\n<p>T\u00e4nne kannattaa tulla! Sis\u00e4\u00e4n vaan!<\/p>\n<p><strong>Teksti:<\/strong> Jenni Sipil\u00e4, 2024<\/p>\n<p><strong>Lis\u00e4tiedot:<\/strong><\/p>\n<ul>\n<li><a href=\"https:\/\/nuorten.hel.fi\/tekemista-ja-paikkoja\/teatteriryhma-sankarit\/\" target=\"_blank\" rel=\"noopener\">Teatteriryhm\u00e4 Sankareista<\/a> (nuorten.hel.fi)<\/li>\n<li><a href=\"https:\/\/nuorten.hel.fi\/nuorisotalot\/narrin-nayttamo\/\" target=\"_blank\" rel=\"noopener\">Narrin n\u00e4ytt\u00e4m\u00f6<\/a> (nuorten.hel.fi)<\/li>\n<\/ul>\n","protected":false},"excerpt":{"rendered":"<p>Samppa Siiskonen on vertaisavustaja teatteriryhm\u00e4 Sankareissa. Ryhm\u00e4 kokoontuu Narrin n\u00e4ytt\u00e4m\u00f6ll\u00e4 Helsingiss\u00e4 kerran viikossa. Hirmu kiva teatteriryhm\u00e4 Olen Samppa, 31 vuotta. [&hellip;]<\/p>\n","protected":false},"author":2,"featured_media":14692,"parent":14514,"menu_order":11,"comment_status":"closed","ping_status":"closed","template":"","meta":{"_acf_changed":false,"footnotes":""},"class_list":["post-14546","page","type-page","status-publish","has-post-thumbnail","hentry"],"acf":[],"_links":{"self":[{"href":"https:\/\/verneri.net\/selko\/wp-json\/wp\/v2\/pages\/14546","targetHints":{"allow":["GET"]}}],"collection":[{"href":"https:\/\/verneri.net\/selko\/wp-json\/wp\/v2\/pages"}],"about":[{"href":"https:\/\/verneri.net\/selko\/wp-json\/wp\/v2\/types\/page"}],"author":[{"embeddable":true,"href":"https:\/\/verneri.net\/selko\/wp-json\/wp\/v2\/users\/2"}],"replies":[{"embeddable":true,"href":"https:\/\/verneri.net\/selko\/wp-json\/wp\/v2\/comments?post=14546"}],"version-history":[{"count":0,"href":"https:\/\/verneri.net\/selko\/wp-json\/wp\/v2\/pages\/14546\/revisions"}],"up":[{"embeddable":true,"href":"https:\/\/verneri.net\/selko\/wp-json\/wp\/v2\/pages\/14514"}],"wp:featuredmedia":[{"embeddable":true,"href":"https:\/\/verneri.net\/selko\/wp-json\/wp\/v2\/media\/14692"}],"wp:attachment":[{"href":"https:\/\/verneri.net\/selko\/wp-json\/wp\/v2\/media?parent=14546"}],"curies":[{"name":"wp","href":"https:\/\/api.w.org\/{rel}","templated":true}]}}