{"id":14547,"date":"2025-03-15T07:39:25","date_gmt":"2025-03-15T05:39:25","guid":{"rendered":"http:\/\/localhost\/verneri\/selko-dev\/?page_id=14547"},"modified":"2025-06-03T10:44:46","modified_gmt":"2025-06-03T07:44:46","slug":"tanssi-on-lahella-sydantani","status":"publish","type":"page","link":"https:\/\/verneri.net\/selko\/hyvinvointi\/vapaa-aika\/mina-harrastan\/tanssi-on-lahella-sydantani\/","title":{"rendered":"Tanssi on l\u00e4hell\u00e4 syd\u00e4nt\u00e4ni"},"content":{"rendered":"<p>Valtteri harrastaa tanssia. Lue Valtterin haastattelusta vinkit tanssin aloittamiseen.<\/p>\n<h2>Mit\u00e4 harrastat?<\/h2>\n<p>Olen harrastanut breakdancea kolme vuotta, hiphopia yhden vuoden ja vapaatanssia jo yli viisi vuotta.<\/p>\n<h2>Miten aloitit tanssin?<\/h2>\n<p>Aluksi katsoin videoita YouTubessa ja aloin siit\u00e4 kiinnostumaan. Tanssi iski syd\u00e4men pohjaan ja siit\u00e4 se sitten l\u00e4hti.<\/p>\n<h2>Miss\u00e4 harrastat tanssia?<\/h2>\n<p>K\u00e4yn tanssitunneilla It\u00e4keskuksessa ja vapaatanssia tanssin kotona.<\/p>\n<h2>Miten olet oppinut tanssimaan?<\/h2>\n<p>Olen oppinut tanssimaan liikkeest\u00e4 liikkeeseen. Aina jos olen feilannut eli tehnyt virheen jossain kohdassa, katson sen kohdan uudestaan videolta.<\/p>\n<p>Saan apua my\u00f6s opettajalta. H\u00e4n n\u00e4ytt\u00e4\u00e4, miten kyseinen liike tehd\u00e4\u00e4n.<\/p>\n<h2>Miksi tykk\u00e4\u00e4t tanssia?<\/h2>\n<p>Tanssi on mulle tosi l\u00e4hell\u00e4 syd\u00e4nt\u00e4. Tanssi on se ykk\u00f6sasia, jota haluan tehd\u00e4.<\/p>\n<h2>Kenelle suosittelet tanssin aloittamista?<\/h2>\n<p>Suosittelen sit\u00e4 ihan jokaiselle.<\/p>\n<p>Suosittelen katsomaan ensin tutoriaalin eli ohjevideon netist\u00e4 ja sen j\u00e4lkeen aloittamaan harjoittelun step by step eli askel askeleelta.<\/p>\n<p><strong>Haastattelu:<\/strong> Tiitus Tommila, 2025<br \/>\n<strong>Kuva:<\/strong> Adel Rezapour<\/p>\n","protected":false},"excerpt":{"rendered":"<p>Valtteri harrastaa tanssia. Lue Valtterin haastattelusta vinkit tanssin aloittamiseen. Mit\u00e4 harrastat? Olen harrastanut breakdancea kolme vuotta, hiphopia yhden vuoden ja [&hellip;]<\/p>\n","protected":false},"author":2,"featured_media":15055,"parent":14514,"menu_order":31,"comment_status":"closed","ping_status":"closed","template":"","meta":{"_acf_changed":false,"footnotes":""},"class_list":["post-14547","page","type-page","status-publish","has-post-thumbnail","hentry"],"acf":[],"_links":{"self":[{"href":"https:\/\/verneri.net\/selko\/wp-json\/wp\/v2\/pages\/14547","targetHints":{"allow":["GET"]}}],"collection":[{"href":"https:\/\/verneri.net\/selko\/wp-json\/wp\/v2\/pages"}],"about":[{"href":"https:\/\/verneri.net\/selko\/wp-json\/wp\/v2\/types\/page"}],"author":[{"embeddable":true,"href":"https:\/\/verneri.net\/selko\/wp-json\/wp\/v2\/users\/2"}],"replies":[{"embeddable":true,"href":"https:\/\/verneri.net\/selko\/wp-json\/wp\/v2\/comments?post=14547"}],"version-history":[{"count":0,"href":"https:\/\/verneri.net\/selko\/wp-json\/wp\/v2\/pages\/14547\/revisions"}],"up":[{"embeddable":true,"href":"https:\/\/verneri.net\/selko\/wp-json\/wp\/v2\/pages\/14514"}],"wp:featuredmedia":[{"embeddable":true,"href":"https:\/\/verneri.net\/selko\/wp-json\/wp\/v2\/media\/15055"}],"wp:attachment":[{"href":"https:\/\/verneri.net\/selko\/wp-json\/wp\/v2\/media?parent=14547"}],"curies":[{"name":"wp","href":"https:\/\/api.w.org\/{rel}","templated":true}]}}