{"id":14548,"date":"2025-03-15T07:41:25","date_gmt":"2025-03-15T05:41:25","guid":{"rendered":"http:\/\/localhost\/verneri\/selko-dev\/?page_id=14548"},"modified":"2025-03-25T12:37:41","modified_gmt":"2025-03-25T10:37:41","slug":"luontokerhossa-tutustuu-luontoon","status":"publish","type":"page","link":"https:\/\/verneri.net\/selko\/hyvinvointi\/vapaa-aika\/mina-harrastan\/luontokerhossa-tutustuu-luontoon\/","title":{"rendered":"Luontokerhossa tutustuu luontoon"},"content":{"rendered":"<p>H\u00e5kan Eklund on luontokerhon vertaisvet\u00e4j\u00e4. H\u00e4n auttaa muita ryhm\u00e4l\u00e4isi\u00e4. Luontokerhon j\u00e4rjest\u00e4\u00e4 Kehitysvammatuki 57 ry.<\/p>\n<p>T\u00e4ss\u00e4 haastattelussa H\u00e5kan kertoo luontokerhosta.<\/p>\n<h2>Kuinka kauan olet k\u00e4ynyt luontokerhossa?<\/h2>\n<p>Olen ollut luontokerhossa 7 vuotta.<\/p>\n<p>Vertaisvet\u00e4j\u00e4ksi valmistuin vuonna 2016.<\/p>\n<h2>Mit\u00e4 teet vertaisvet\u00e4j\u00e4n\u00e4?<\/h2>\n<p>M\u00e4 autan muita ryhm\u00e4l\u00e4isi\u00e4.<\/p>\n<p>Ensi viikon tiistaina, kun meill\u00e4 on kalastusta, m\u00e4 olen vet\u00e4j\u00e4n\u00e4.<\/p>\n<h2>Mit\u00e4 teette luontokerhossa?<\/h2>\n<p>Tehd\u00e4\u00e4n linnunp\u00f6ntt\u00f6j\u00e4 ja hy\u00f6nteishotelleja.<\/p>\n<h2>Miss\u00e4 k\u00e4ytte luontokerhossa?<\/h2>\n<p>Ollaan Vuosaaressa ja Vanhankaupunginlahdella. Ja miss\u00e4 milloinkin tehd\u00e4\u00e4n luontoretki\u00e4.<\/p>\n<h2>Mist\u00e4 pid\u00e4t luontokerhossa?<\/h2>\n<p>Kaikesta! Koko luonto on hyv\u00e4.<\/p>\n<h2>Suositteletko luontokerhoa muille?<\/h2>\n<p>Kyll\u00e4, se on niin hyv\u00e4 ryhm\u00e4.<\/p>\n<p>Luontokerhossa saa tutustua enemm\u00e4n luontoon.<\/p>\n<h2>Miten luontokerhoon p\u00e4\u00e4see mukaan?<\/h2>\n<p>Pit\u00e4\u00e4 ilmoittautua Severiinalle Kehitysvammatuki 57 ry:n kautta.<\/p>\n<p><strong>Teksti ja kuvat:<\/strong> Tiitus Tommila, 2024<\/p>\n<p><strong>Lis\u00e4tiedot:<\/strong> <a href=\"https:\/\/www.kvtuki57.fi\/tekemista-ja-toimintaa\/kerhot-ja-ryhmat\/kaikki-kerhot\/\" target=\"_blank\" rel=\"noopener\">Kehitysvammatuki 57 ry:n kerhot<\/a> (kvtuki57.fi)<\/p>\n","protected":false},"excerpt":{"rendered":"<p>H\u00e5kan Eklund on luontokerhon vertaisvet\u00e4j\u00e4. H\u00e4n auttaa muita ryhm\u00e4l\u00e4isi\u00e4. Luontokerhon j\u00e4rjest\u00e4\u00e4 Kehitysvammatuki 57 ry. T\u00e4ss\u00e4 haastattelussa H\u00e5kan kertoo luontokerhosta. Kuinka [&hellip;]<\/p>\n","protected":false},"author":2,"featured_media":14702,"parent":14514,"menu_order":25,"comment_status":"closed","ping_status":"closed","template":"","meta":{"_acf_changed":false,"footnotes":""},"class_list":["post-14548","page","type-page","status-publish","has-post-thumbnail","hentry"],"acf":[],"_links":{"self":[{"href":"https:\/\/verneri.net\/selko\/wp-json\/wp\/v2\/pages\/14548","targetHints":{"allow":["GET"]}}],"collection":[{"href":"https:\/\/verneri.net\/selko\/wp-json\/wp\/v2\/pages"}],"about":[{"href":"https:\/\/verneri.net\/selko\/wp-json\/wp\/v2\/types\/page"}],"author":[{"embeddable":true,"href":"https:\/\/verneri.net\/selko\/wp-json\/wp\/v2\/users\/2"}],"replies":[{"embeddable":true,"href":"https:\/\/verneri.net\/selko\/wp-json\/wp\/v2\/comments?post=14548"}],"version-history":[{"count":0,"href":"https:\/\/verneri.net\/selko\/wp-json\/wp\/v2\/pages\/14548\/revisions"}],"up":[{"embeddable":true,"href":"https:\/\/verneri.net\/selko\/wp-json\/wp\/v2\/pages\/14514"}],"wp:featuredmedia":[{"embeddable":true,"href":"https:\/\/verneri.net\/selko\/wp-json\/wp\/v2\/media\/14702"}],"wp:attachment":[{"href":"https:\/\/verneri.net\/selko\/wp-json\/wp\/v2\/media?parent=14548"}],"curies":[{"name":"wp","href":"https:\/\/api.w.org\/{rel}","templated":true}]}}