{"id":14551,"date":"2025-03-15T07:55:29","date_gmt":"2025-03-15T05:55:29","guid":{"rendered":"http:\/\/localhost\/verneri\/selko-dev\/?page_id=14551"},"modified":"2025-06-04T14:04:12","modified_gmt":"2025-06-04T11:04:12","slug":"rytmista-voimistelua","status":"publish","type":"page","link":"https:\/\/verneri.net\/selko\/hyvinvointi\/vapaa-aika\/mina-harrastan\/rytmista-voimistelua\/","title":{"rendered":"Rytmist\u00e4 voimistelua"},"content":{"rendered":"<p>Emilia Aherikko ja Milla Mustikka harrastavat rytmist\u00e4 voimistelua SC Vantaan Uniikit-harrasteryhm\u00e4ss\u00e4.<\/p>\n<h2>Mit\u00e4 teette treeneiss\u00e4?<\/h2>\n<p>Emilia: Tehd\u00e4\u00e4n nauha- ja pallotekniikkaa sek\u00e4 ohjelmia ja venyttely\u00e4.<\/p>\n<h2>Mist\u00e4 tykk\u00e4\u00e4tte treeneiss\u00e4?<\/h2>\n<p>Emilia: Tykk\u00e4\u00e4n tehd\u00e4 nauhaohjelmia.<\/p>\n<p>Milla: M\u00e4 tykk\u00e4\u00e4n yhteishengest\u00e4, kavereista ja valmentajista. Ja tietysti siit\u00e4, kun p\u00e4\u00e4see tekem\u00e4\u00e4n.<\/p>\n<h2>Millaisia tavoitteita teill\u00e4 on?<\/h2>\n<p>Emilia: Haluaisin p\u00e4\u00e4st\u00e4 mahdollisimman pitk\u00e4lle t\u00e4ss\u00e4 harrastuksessa.<\/p>\n<p>Milla: Haluaisin kehitty\u00e4 mahdollisimman pitk\u00e4lle ja p\u00e4\u00e4st\u00e4 kisaamaan.<\/p>\n<h2>Mik\u00e4 rytmisess\u00e4 voimistelussa on parasta?<\/h2>\n<p>Emilia: T\u00e4\u00e4ll\u00e4 on hyv\u00e4 yhteishenki ja parhaat valmentajat.<\/p>\n<p>Milla: M\u00e4kin sanoisin, ett\u00e4 hyv\u00e4t valmentajat ja kaverit.<\/p>\n<h2>Kenelle suosittelette rytmist\u00e4 voimistelua?<\/h2>\n<p>Milla: Suosittelen ihan kaikille! T\u00e4\u00e4ll\u00e4 saa paljon yksil\u00f6llist\u00e4kin ohjausta. Ja t\u00e4\u00e4lt\u00e4 saa hyvi\u00e4 kavereita ja p\u00e4\u00e4see tekem\u00e4\u00e4n asioita.<\/p>\n<p>Emilia: Kaikille suosittelen, koska t\u00e4\u00e4ll\u00e4 on hyv\u00e4 yhteishenki ja parhaat valmentajat.<\/p>\n<p><strong>Haastattelu ja kuva:<\/strong> Tiitus Tommila, 2025<\/p>\n<p><strong>Lue lis\u00e4\u00e4:<\/strong> <a href=\"https:\/\/www.scvantaa.fi\/erityisliikunta\/\" target=\"_blank\" rel=\"noopener\">SC Vantaa, Erityisliikunta<\/a> (scvantaa.fi)<\/p>\n","protected":false},"excerpt":{"rendered":"<p>Emilia Aherikko ja Milla Mustikka harrastavat rytmist\u00e4 voimistelua SC Vantaan Uniikit-harrasteryhm\u00e4ss\u00e4. Mit\u00e4 teette treeneiss\u00e4? Emilia: Tehd\u00e4\u00e4n nauha- ja pallotekniikkaa sek\u00e4 [&hellip;]<\/p>\n","protected":false},"author":2,"featured_media":15075,"parent":14514,"menu_order":33,"comment_status":"closed","ping_status":"closed","template":"","meta":{"_acf_changed":false,"footnotes":""},"class_list":["post-14551","page","type-page","status-publish","has-post-thumbnail","hentry"],"acf":[],"_links":{"self":[{"href":"https:\/\/verneri.net\/selko\/wp-json\/wp\/v2\/pages\/14551","targetHints":{"allow":["GET"]}}],"collection":[{"href":"https:\/\/verneri.net\/selko\/wp-json\/wp\/v2\/pages"}],"about":[{"href":"https:\/\/verneri.net\/selko\/wp-json\/wp\/v2\/types\/page"}],"author":[{"embeddable":true,"href":"https:\/\/verneri.net\/selko\/wp-json\/wp\/v2\/users\/2"}],"replies":[{"embeddable":true,"href":"https:\/\/verneri.net\/selko\/wp-json\/wp\/v2\/comments?post=14551"}],"version-history":[{"count":0,"href":"https:\/\/verneri.net\/selko\/wp-json\/wp\/v2\/pages\/14551\/revisions"}],"up":[{"embeddable":true,"href":"https:\/\/verneri.net\/selko\/wp-json\/wp\/v2\/pages\/14514"}],"wp:featuredmedia":[{"embeddable":true,"href":"https:\/\/verneri.net\/selko\/wp-json\/wp\/v2\/media\/15075"}],"wp:attachment":[{"href":"https:\/\/verneri.net\/selko\/wp-json\/wp\/v2\/media?parent=14551"}],"curies":[{"name":"wp","href":"https:\/\/api.w.org\/{rel}","templated":true}]}}