{"id":14553,"date":"2025-03-15T08:02:20","date_gmt":"2025-03-15T06:02:20","guid":{"rendered":"http:\/\/localhost\/verneri\/selko-dev\/?page_id=14553"},"modified":"2025-06-16T12:34:18","modified_gmt":"2025-06-16T09:34:18","slug":"talleilla-on-mukavaa","status":"publish","type":"page","link":"https:\/\/verneri.net\/selko\/hyvinvointi\/vapaa-aika\/mina-harrastan\/talleilla-on-mukavaa\/","title":{"rendered":"Talleilla on mukavaa"},"content":{"rendered":"<p>Helsinkil\u00e4inen Eppu nauttii hevosten seurasta ja talleilla k\u00e4ymisest\u00e4.<\/p>\n<p>Lue Epun haastattelusta, miksi talleilla on niin mukavaa.<\/p>\n<h2>Kuka olet ja mit\u00e4 teet ty\u00f6ksesi?<\/h2>\n<p>Olen Eppu. Olen ollut Kehitysvammaliitossa t\u00f6iss\u00e4 reilut kymmenen vuotta. Aloitin siivoushommissa ja p\u00e4\u00e4dyin pakkaushommiin.<\/p>\n<h2>Mit\u00e4 teet vapaa-ajallasi?<\/h2>\n<p>Harrastan tallilla olemista. Hevosten parissa olen ollut vuodesta 2008 l\u00e4htien.<\/p>\n<h2>Mit\u00e4 teet tallilla?<\/h2>\n<p>Enimm\u00e4kseen hoidan varusteita, putsailen niit\u00e4 ja autan hevosten omistajia.<\/p>\n<p>Ratsastan v\u00e4h\u00e4n. Ehk\u00e4 kerran vuodessa k\u00e4yn hevosen sel\u00e4ss\u00e4 ja k\u00e4velem\u00e4ss\u00e4. Se on enemm\u00e4n sit\u00e4 hevosten kanssa olemista.<\/p>\n<h2>Miten aloitit hevosharrastuksen?<\/h2>\n<p>Opiskelujen kautta. Opiskelin J\u00e4rvenp\u00e4\u00e4ss\u00e4 sosiaali- ja terveysalan valmentavaa koulutusta.<\/p>\n<p>Siell\u00e4 oli t\u00f6iss\u00e4 ratsastusterapeutti, joka tarjosi mahdollisuuden p\u00e4\u00e4st\u00e4 k\u00e4ym\u00e4\u00e4n tallilla.<\/p>\n<p>Jokainen sai vuorollaan k\u00e4vell\u00e4 hevosen kanssa maneesissa. Kun tuli minun vuoroni, niin siin\u00e4 se hevosk\u00e4rp\u00e4nen p\u00e4\u00e4si puraisemaan.<\/p>\n<p>Aloin k\u00e4ym\u00e4\u00e4n terapiaratsastuksessa ja tallilla aktiivisesti.<\/p>\n<p>L\u00f6ysin matkan varrella uuden tallin eli Tuomarinkyl\u00e4n. Menin sinne py\u00f6rim\u00e4\u00e4n ja sain sielt\u00e4 lopulta hoitohevosen.<\/p>\n<h2>Kuinka monta hoitohevosta sinulla on t\u00e4ll\u00e4 hetkell\u00e4?<\/h2>\n<p>Nyt on kaksi hevosta, joita hoidan.<\/p>\n<p>Sitten on my\u00f6s kaksi sellaista, jotka eiv\u00e4t ole hoitohevosia, mutta seurahevosia.<\/p>\n<h2>Miksi tykk\u00e4\u00e4t k\u00e4yd\u00e4 tallilla?<\/h2>\n<p>Se on se hevonen, sen kanssa oleminen.<\/p>\n<p>Sitten on tietenkin ne tallikaverit, keiden kanssa saa olla ja jutella. Se on se yhteis\u00f6, mik\u00e4 vaikuttaa siihen, ett\u00e4 siell\u00e4 viihtyy.<\/p>\n<h2>Suositteletko tallilla k\u00e4ymist\u00e4 muille?<\/h2>\n<p>Jos on hevosista kiinnostunut ja tykk\u00e4\u00e4 el\u00e4imist\u00e4, suosittelen.<\/p>\n<p>Talleilla on vapauttavaa. Siit\u00e4 tulee hyv\u00e4 mieli ja siell\u00e4 viihtyy.<\/p>\n<h2>Miten hevosharrastuksen voi aloittaa?<\/h2>\n<p>Ihan vaikka ottaa talliin yhteytt\u00e4 ja kyselee sielt\u00e4. Aluksi voi vaikka menn\u00e4 k\u00e4ym\u00e4\u00e4n.<\/p>\n<p>Talleilla j\u00e4rjestet\u00e4\u00e4n my\u00f6s ratsastuskisoja. Niit\u00e4kin voi k\u00e4yd\u00e4 katsomassa ihan ilmaiseksi.<\/p>\n<p><strong>Teksti:<\/strong> Sara Massinen, 2024<br \/>\n<strong>Kuva:<\/strong> Jenni Sipil\u00e4<\/p>\n","protected":false},"excerpt":{"rendered":"<p>Helsinkil\u00e4inen Eppu nauttii hevosten seurasta ja talleilla k\u00e4ymisest\u00e4. Lue Epun haastattelusta, miksi talleilla on niin mukavaa. Kuka olet ja mit\u00e4 [&hellip;]<\/p>\n","protected":false},"author":2,"featured_media":15099,"parent":14514,"menu_order":33,"comment_status":"closed","ping_status":"closed","template":"","meta":{"_acf_changed":false,"footnotes":""},"class_list":["post-14553","page","type-page","status-publish","has-post-thumbnail","hentry"],"acf":[],"_links":{"self":[{"href":"https:\/\/verneri.net\/selko\/wp-json\/wp\/v2\/pages\/14553","targetHints":{"allow":["GET"]}}],"collection":[{"href":"https:\/\/verneri.net\/selko\/wp-json\/wp\/v2\/pages"}],"about":[{"href":"https:\/\/verneri.net\/selko\/wp-json\/wp\/v2\/types\/page"}],"author":[{"embeddable":true,"href":"https:\/\/verneri.net\/selko\/wp-json\/wp\/v2\/users\/2"}],"replies":[{"embeddable":true,"href":"https:\/\/verneri.net\/selko\/wp-json\/wp\/v2\/comments?post=14553"}],"version-history":[{"count":0,"href":"https:\/\/verneri.net\/selko\/wp-json\/wp\/v2\/pages\/14553\/revisions"}],"up":[{"embeddable":true,"href":"https:\/\/verneri.net\/selko\/wp-json\/wp\/v2\/pages\/14514"}],"wp:featuredmedia":[{"embeddable":true,"href":"https:\/\/verneri.net\/selko\/wp-json\/wp\/v2\/media\/15099"}],"wp:attachment":[{"href":"https:\/\/verneri.net\/selko\/wp-json\/wp\/v2\/media?parent=14553"}],"curies":[{"name":"wp","href":"https:\/\/api.w.org\/{rel}","templated":true}]}}