{"id":14554,"date":"2025-03-15T08:10:23","date_gmt":"2025-03-15T06:10:23","guid":{"rendered":"http:\/\/localhost\/verneri\/selko-dev\/?page_id=14554"},"modified":"2025-09-04T09:28:48","modified_gmt":"2025-09-04T06:28:48","slug":"pelaaminen-on-kiva-harrastus","status":"publish","type":"page","link":"https:\/\/verneri.net\/selko\/hyvinvointi\/vapaa-aika\/mina-harrastan\/pelaaminen-on-kiva-harrastus\/","title":{"rendered":"Pelaaminen on kiva harrastus"},"content":{"rendered":"<p>Nuutti L\u00e4hteenm\u00e4elle pelaaminen on tapa viett\u00e4\u00e4 aikaa ja rentoutua. H\u00e4n kannustaa kaikkia kokeilemaan rohkeasti monenlaisia pelej\u00e4.<\/p>\n<h2>Pelaaminen on kiva harrastus<\/h2>\n<p>Nuutti L\u00e4hteenm\u00e4ki on 26-vuotias. H\u00e4n asuu omassa yksi\u00f6ss\u00e4 Kangasalla Tampereen l\u00e4hell\u00e4.<\/p>\n<p>Nuutti on lapsesta asti tyk\u00e4nnyt pelata PlayStation-pelikonsolilla.<\/p>\n<p>&#8221;Isk\u00e4ll\u00e4 oli pleikka jo silloin. Min\u00e4 sain pelata sadep\u00e4ivin\u00e4 tai kun piti olla sis\u00e4ll\u00e4 kipe\u00e4n\u00e4&#8221;, Nuutti muistelee.<\/p>\n<p>Pienen\u00e4 Nuutti pelasi esimerkiksi Aladdin- ja Mikki Hiiri -pelej\u00e4.<\/p>\n<p>&#8221;Isk\u00e4 auttoi vaikeissa kohdissa&#8221;, Nuutti\u00a0sanoo.<\/p>\n<h2>Hauskempaa porukassa<\/h2>\n<p>Nyky\u00e4\u00e4n Nuutin lempipelej\u00e4 ovat esimerkiksi Fortnite ja Minecraft.<\/p>\n<p>Ne ovat todella suosittuja. Niit\u00e4 pelaavat miljoonat ihmiset joka puolella maailmaa.<\/p>\n<p>Nuutti pelaa aina \u201donline\u201d. Se tarkoittaa, ett\u00e4 h\u00e4n pelaa netiss\u00e4 yhdess\u00e4 muiden kanssa. Pelatessa h\u00e4n juttelee muiden pelaajien kanssa kuulokkeiden kautta.<\/p>\n<p>Peleiss\u00e4 my\u00f6s suoritetaan yhdess\u00e4 erilaisia teht\u00e4vi\u00e4.<\/p>\n<p>&#8221;Yksin on tylsemp\u00e4\u00e4 pelata. On paljon hauskempaa pelata kivassa porukassa&#8221;, Nuutti sanoo.<\/p>\n<h2>Discordista peliseuraa<\/h2>\n<p>Nuutti on saanut tukea pelikavereiden l\u00f6yt\u00e4miseen Poljento-hankkeesta.<\/p>\n<p>Hankkeen tavoitteena on, ett\u00e4 kaikki voivat osallistua kivaan tekemiseen netiss\u00e4.<\/p>\n<p>Hankkeella on oma peliyhteis\u00f6 Discord-viestisovelluksessa.<\/p>\n<p>&#8221;Olen l\u00f6yt\u00e4nyt Discordista paljon uusia pelikavereita. Siell\u00e4 voi aina kysy\u00e4, ehtiik\u00f6 joku tulla pelaamaan&#8221;, Nuutti kertoo.<\/p>\n<h2>Jutellaan kaikenlaista<\/h2>\n<p>Nuutille pelaaminen on ennen kaikkea kiva tapa viett\u00e4\u00e4 aikaa t\u00f6iden j\u00e4lkeen. H\u00e4n k\u00e4y t\u00f6iss\u00e4 Alkossa kolmena p\u00e4iv\u00e4n\u00e4 viikossa.<\/p>\n<p>&#8221;Pelaaminen on keino rentoutua. Ja saa h\u00f6p\u00f6tell\u00e4 muiden kanssa&#8221;, Nuutti\u00a0perustelee.<\/p>\n<p>Nuutin mukaan pelatessa jutellaan monista asioista, eik\u00e4 pelk\u00e4st\u00e4\u00e4n pelist\u00e4.<\/p>\n<p>&#8221;Aika usein puhutaan ruuasta. Tykk\u00e4\u00e4n kokkailla ja leipoa&#8221;, Nuutti sanoo.<\/p>\n<h2>Oikeus pelata<\/h2>\n<p>Nuutin mielest\u00e4 jokaisen tukea tarvitsevan ihmisen pit\u00e4\u00e4 saada pelata, jos h\u00e4n itse haluaa.<\/p>\n<p>&#8221;Vanhemmat tai ohjaajat eiv\u00e4t voi kielt\u00e4\u00e4 pelaamista. Pelaaminen on nykyp\u00e4iv\u00e4\u00e4. Ennen vanhaan tehtiin muuta, mutta nyt kaikki nuoret pelaavat&#8221;, Nuutti sanoo.<\/p>\n<p>H\u00e4n tiet\u00e4\u00e4, ett\u00e4 joskus liiasta pelaamisesta voi tulla ongelma.<\/p>\n<p>Pelit ovat tosi koukuttavia.<\/p>\n<p>Nuutti itse pit\u00e4\u00e4 huolta, ett\u00e4 el\u00e4m\u00e4ss\u00e4 riitt\u00e4\u00e4 my\u00f6s muuta tekemist\u00e4.<\/p>\n<p>&#8221;Kes\u00e4ll\u00e4 pelaan v\u00e4hemm\u00e4n. K\u00e4yn heitt\u00e4m\u00e4ss\u00e4 frisbeegolfia yksin ja kavereiden kanssa. V\u00e4lill\u00e4 teen py\u00f6r\u00e4lenkkej\u00e4&#8221;, Nuutti kertoo.<\/p>\n<h2>Tutustu tarjontaan<\/h2>\n<p>Nuutti kannustaa kaikkia tutustumaan erilaisiin peleihin. Pelaamiseen tarvitaan pelikonsoli tai tietokone ja online-pelaamiseen nettiyhteys.<\/p>\n<p>&#8221;Joskus edunvalvoja ei meinaa my\u00f6nt\u00e4\u00e4 pelikonetta. Silloin kannattaa perustella, ett\u00e4 pelaaminen on nykynuorille t\u00e4rke\u00e4 yhteinen harrastus&#8221;, Nuutti sanoo.<\/p>\n<p>H\u00e4n neuvoo kokeilemaan rohkeasti erilaisia pelej\u00e4. Sill\u00e4 tavoin l\u00f6ytyy oma suosikki.<\/p>\n<p>Vinkkej\u00e4 kivoista peleist\u00e4 voi kysy\u00e4 kavereilta, perheelt\u00e4 ja ohjaajilta. Heilt\u00e4 voi my\u00f6s pyyt\u00e4\u00e4 apua pelaamisen aloittamiseen.<\/p>\n<h2>Ilmoita kiusaamisesta<\/h2>\n<p>Jos pelaaminen yhdess\u00e4 muiden kanssa j\u00e4nnitt\u00e4\u00e4, aluksi voi harjoitella yksin. Sen j\u00e4lkeen kannattaa vain menn\u00e4 rohkeasti muiden mukaan pelaamaan.<\/p>\n<p>Joskus pelimaailmassa esiintyy kiusaamista tai muuta h\u00e4iritsemist\u00e4.<\/p>\n<p>&#8221;Ik\u00e4v\u00e4st\u00e4 k\u00e4yt\u00f6ksest\u00e4 kannattaa ilmoittaa heti pelin yll\u00e4pit\u00e4jille&#8221;, Nuutti antaa vinkin.<\/p>\n<p>Enimm\u00e4kseen peleiss\u00e4 on silti iloinen tunnelma.<\/p>\n<p>&#8221;N\u00e4hd\u00e4\u00e4n online&#8221;, Nuutti toivottaa.<\/p>\n<p><strong>Teksti:<\/strong> Mari Vehmanen, 2024<br \/>\n<strong>Kuvat:<\/strong> Laura Vesa<\/p>\n<p>Juttu on julkaistu alunperin Leija-lehden numerossa 2\/2024.<\/p>\n","protected":false},"excerpt":{"rendered":"<p>Nuutti L\u00e4hteenm\u00e4elle pelaaminen on tapa viett\u00e4\u00e4 aikaa ja rentoutua. H\u00e4n kannustaa kaikkia kokeilemaan rohkeasti monenlaisia pelej\u00e4. Pelaaminen on kiva harrastus [&hellip;]<\/p>\n","protected":false},"author":2,"featured_media":14698,"parent":14514,"menu_order":23,"comment_status":"closed","ping_status":"closed","template":"","meta":{"_acf_changed":false,"footnotes":""},"class_list":["post-14554","page","type-page","status-publish","has-post-thumbnail","hentry"],"acf":[],"_links":{"self":[{"href":"https:\/\/verneri.net\/selko\/wp-json\/wp\/v2\/pages\/14554","targetHints":{"allow":["GET"]}}],"collection":[{"href":"https:\/\/verneri.net\/selko\/wp-json\/wp\/v2\/pages"}],"about":[{"href":"https:\/\/verneri.net\/selko\/wp-json\/wp\/v2\/types\/page"}],"author":[{"embeddable":true,"href":"https:\/\/verneri.net\/selko\/wp-json\/wp\/v2\/users\/2"}],"replies":[{"embeddable":true,"href":"https:\/\/verneri.net\/selko\/wp-json\/wp\/v2\/comments?post=14554"}],"version-history":[{"count":0,"href":"https:\/\/verneri.net\/selko\/wp-json\/wp\/v2\/pages\/14554\/revisions"}],"up":[{"embeddable":true,"href":"https:\/\/verneri.net\/selko\/wp-json\/wp\/v2\/pages\/14514"}],"wp:featuredmedia":[{"embeddable":true,"href":"https:\/\/verneri.net\/selko\/wp-json\/wp\/v2\/media\/14698"}],"wp:attachment":[{"href":"https:\/\/verneri.net\/selko\/wp-json\/wp\/v2\/media?parent=14554"}],"curies":[{"name":"wp","href":"https:\/\/api.w.org\/{rel}","templated":true}]}}