{"id":14556,"date":"2025-03-15T08:12:05","date_gmt":"2025-03-15T06:12:05","guid":{"rendered":"http:\/\/localhost\/verneri\/selko-dev\/?page_id=14556"},"modified":"2025-06-04T11:46:48","modified_gmt":"2025-06-04T08:46:48","slug":"koripalloa-pelataan-yhdessa","status":"publish","type":"page","link":"https:\/\/verneri.net\/selko\/hyvinvointi\/vapaa-aika\/mina-harrastan\/koripalloa-pelataan-yhdessa\/","title":{"rendered":"Koripalloa pelataan yhdess\u00e4"},"content":{"rendered":"<p>24-vuotias Jasu Henriksson harrastaa koripalloa. H\u00e4n pelaa Sykki Unified -joukkueessa.<\/p>\n<h2>Miten pitk\u00e4\u00e4n olet pelannut koripalloa?<\/h2>\n<p>19-vuotiaasta asti. Eli aika pitk\u00e4\u00e4n.<\/p>\n<h2>Mik\u00e4 koripallossa on parasta?<\/h2>\n<p>Joukkuekaverit ja korispelit.<\/p>\n<h2>Milt\u00e4 tuntuu pelata yhdess\u00e4 kavereiden kanssa?<\/h2>\n<p>Mukavalta. Saatiin juuri hopeamitalit.<\/p>\n<h2>Suositteletko koripalloharrastusta muille?<\/h2>\n<p>Joo suosittelen!<\/p>\n<p>Koripallo on hyv\u00e4 laji.<\/p>\n<h2>Kenelle koripallo sopii?<\/h2>\n<p>Treeneiss\u00e4 pit\u00e4\u00e4 k\u00e4yd\u00e4 kahtena p\u00e4iv\u00e4n\u00e4 viikossa.<\/p>\n<h2>Miten koripallon voi aloittaa?<\/h2>\n<p>Ensin jutellaan valmentajan kanssa, sitten saa tulla katsomaan treenej\u00e4 ja sitten voi aloittaa.<\/p>\n<h2>Miten itse l\u00f6ysit koripalloharrastuksen?<\/h2>\n<p>Kaverini kautta.<\/p>\n<p>Yksi kaverini aloittaa t\u00e4\u00e4ll\u00e4 my\u00f6s.<\/p>\n<p><strong>Teksti:<\/strong> Sara Massinen, 2024<br \/>\n<strong>Kuva:<\/strong> Tiitus Tommila<\/p>\n<p><a href=\"https:\/\/www.sykki.fi\/\" target=\"_blank\" rel=\"noopener\">Lue lis\u00e4\u00e4 Sykki ry:st\u00e4<\/a>\u00a0(sykki.fi)<\/p>\n","protected":false},"excerpt":{"rendered":"<p>24-vuotias Jasu Henriksson harrastaa koripalloa. H\u00e4n pelaa Sykki Unified -joukkueessa. Miten pitk\u00e4\u00e4n olet pelannut koripalloa? 19-vuotiaasta asti. Eli aika pitk\u00e4\u00e4n. [&hellip;]<\/p>\n","protected":false},"author":2,"featured_media":15070,"parent":14514,"menu_order":33,"comment_status":"closed","ping_status":"closed","template":"","meta":{"_acf_changed":false,"footnotes":""},"class_list":["post-14556","page","type-page","status-publish","has-post-thumbnail","hentry"],"acf":[],"_links":{"self":[{"href":"https:\/\/verneri.net\/selko\/wp-json\/wp\/v2\/pages\/14556","targetHints":{"allow":["GET"]}}],"collection":[{"href":"https:\/\/verneri.net\/selko\/wp-json\/wp\/v2\/pages"}],"about":[{"href":"https:\/\/verneri.net\/selko\/wp-json\/wp\/v2\/types\/page"}],"author":[{"embeddable":true,"href":"https:\/\/verneri.net\/selko\/wp-json\/wp\/v2\/users\/2"}],"replies":[{"embeddable":true,"href":"https:\/\/verneri.net\/selko\/wp-json\/wp\/v2\/comments?post=14556"}],"version-history":[{"count":0,"href":"https:\/\/verneri.net\/selko\/wp-json\/wp\/v2\/pages\/14556\/revisions"}],"up":[{"embeddable":true,"href":"https:\/\/verneri.net\/selko\/wp-json\/wp\/v2\/pages\/14514"}],"wp:featuredmedia":[{"embeddable":true,"href":"https:\/\/verneri.net\/selko\/wp-json\/wp\/v2\/media\/15070"}],"wp:attachment":[{"href":"https:\/\/verneri.net\/selko\/wp-json\/wp\/v2\/media?parent=14556"}],"curies":[{"name":"wp","href":"https:\/\/api.w.org\/{rel}","templated":true}]}}