{"id":14559,"date":"2025-03-15T08:38:07","date_gmt":"2025-03-15T06:38:07","guid":{"rendered":"http:\/\/localhost\/verneri\/selko-dev\/?page_id=14559"},"modified":"2025-03-25T12:36:31","modified_gmt":"2025-03-25T10:36:31","slug":"14559-2","status":"publish","type":"page","link":"https:\/\/verneri.net\/selko\/hyvinvointi\/vapaa-aika\/mina-harrastan\/14559-2\/","title":{"rendered":"Keramiikka on mun juttu"},"content":{"rendered":"<p>26-vuotias Pauliina l\u00f6ysi keramiikka-harrastuksesta oman paikkansa.<\/p>\n<p>T\u00e4ss\u00e4 haastattelussa Pauliina kertoo harrastuksestaan.<\/p>\n<h2>Mit\u00e4 harrastat?<\/h2>\n<p>Harrastan keramiikkaa. Ja keramiikassa teen paljon k\u00e4sit\u00f6it\u00e4.<\/p>\n<h2>Miss\u00e4 harrastat?<\/h2>\n<p>K\u00e4yn joka torstai Lauttasaaren nuorisotalolla keramiikassa.<\/p>\n<h2>Mit\u00e4 teette keramiikassa?<\/h2>\n<p>Me tehd\u00e4\u00e4n siell\u00e4 aika paljon kaikenlaisia saveen liittyvi\u00e4 t\u00f6it\u00e4. Saatamme esimerkiksi lasittaa ja raakapolttaa savit\u00f6it\u00e4. Lis\u00e4ksi me tehd\u00e4\u00e4n kangaskasseja.<\/p>\n<h2>Mik\u00e4 keramiikan harrastamisessa on parasta?<\/h2>\n<p>Keramiikan harrastamisessa parasta on ty\u00f6nj\u00e4lki ja onnistumisen kokemus, kun n\u00e4kee, ett\u00e4 niist\u00e4 t\u00f6ist\u00e4 tulee kauniita.<\/p>\n<p>Keramiikassa on my\u00f6s kivoja kavereita.<\/p>\n<p>Tuntuu, ett\u00e4 se on mun juttu. Eli olen l\u00f6yt\u00e4nyt paikan, mihin kuulun.<\/p>\n<h2>Kenelle suosittelet keramiikkaa?<\/h2>\n<p>Suosittelen keramiikan harrastamista vahvasti sellaisille, jotka ovat kiinnostuneita k\u00e4sit\u00f6ist\u00e4 ja savit\u00f6ist\u00e4 sek\u00e4 haluavat oppia uusia asioita.<\/p>\n<p><strong>Haastattelu ja kuva:<\/strong> Tiitus Tommila, 2024<\/p>\n","protected":false},"excerpt":{"rendered":"<p>26-vuotias Pauliina l\u00f6ysi keramiikka-harrastuksesta oman paikkansa. T\u00e4ss\u00e4 haastattelussa Pauliina kertoo harrastuksestaan. Mit\u00e4 harrastat? Harrastan keramiikkaa. Ja keramiikassa teen paljon k\u00e4sit\u00f6it\u00e4. [&hellip;]<\/p>\n","protected":false},"author":2,"featured_media":14696,"parent":14514,"menu_order":22,"comment_status":"closed","ping_status":"closed","template":"","meta":{"_acf_changed":false,"footnotes":""},"class_list":["post-14559","page","type-page","status-publish","has-post-thumbnail","hentry"],"acf":[],"_links":{"self":[{"href":"https:\/\/verneri.net\/selko\/wp-json\/wp\/v2\/pages\/14559","targetHints":{"allow":["GET"]}}],"collection":[{"href":"https:\/\/verneri.net\/selko\/wp-json\/wp\/v2\/pages"}],"about":[{"href":"https:\/\/verneri.net\/selko\/wp-json\/wp\/v2\/types\/page"}],"author":[{"embeddable":true,"href":"https:\/\/verneri.net\/selko\/wp-json\/wp\/v2\/users\/2"}],"replies":[{"embeddable":true,"href":"https:\/\/verneri.net\/selko\/wp-json\/wp\/v2\/comments?post=14559"}],"version-history":[{"count":0,"href":"https:\/\/verneri.net\/selko\/wp-json\/wp\/v2\/pages\/14559\/revisions"}],"up":[{"embeddable":true,"href":"https:\/\/verneri.net\/selko\/wp-json\/wp\/v2\/pages\/14514"}],"wp:featuredmedia":[{"embeddable":true,"href":"https:\/\/verneri.net\/selko\/wp-json\/wp\/v2\/media\/14696"}],"wp:attachment":[{"href":"https:\/\/verneri.net\/selko\/wp-json\/wp\/v2\/media?parent=14559"}],"curies":[{"name":"wp","href":"https:\/\/api.w.org\/{rel}","templated":true}]}}