{"id":14563,"date":"2025-03-15T08:55:07","date_gmt":"2025-03-15T06:55:07","guid":{"rendered":"http:\/\/localhost\/verneri\/selko-dev\/?page_id=14563"},"modified":"2025-10-27T14:15:02","modified_gmt":"2025-10-27T12:15:02","slug":"vinkit-runojen-kirjoittamiseen","status":"publish","type":"page","link":"https:\/\/verneri.net\/selko\/hyvinvointi\/vapaa-aika\/runot\/vinkit-runojen-kirjoittamiseen\/","title":{"rendered":"Vinkit runojen kirjoittamiseen"},"content":{"rendered":"<p>T\u00e4ll\u00e4 sivulla on vinkkej\u00e4 ja teht\u00e4vi\u00e4 runojen kirjoittamiseen.<\/p>\n<h2>Pian vinkit runojen kirjoittamiseen<\/h2>\n<p>Olen autisti ja tykk\u00e4\u00e4n kirjoittaa runoja.<\/p>\n<p>Runot ovat mielest\u00e4ni hyv\u00e4 tapa ilmaista itse\u00e4\u00e4n ja omia ajatuksia.<\/p>\n<p>Runot ovat yleens\u00e4 lyhyit\u00e4 ja muistuttavat v\u00e4h\u00e4n lauluja.<\/p>\n<p>Min\u00e4 kirjoitan usein siit\u00e4, mit\u00e4 aistin ymp\u00e4rist\u00f6st\u00e4 eli mit\u00e4 vaikkapa kuulen tai n\u00e4en.<\/p>\n<p>Kirjoitan my\u00f6s siit\u00e4, mit\u00e4 tapahtuu. Kirjoitan esimerkiksi vuodenaikojen vaihtelusta ja omista tekemisist\u00e4, kuten retkest\u00e4 tai juhlista.<\/p>\n<p>Runoissa voi kirjoittaa my\u00f6s tunteista. Voi esimerkiksi mietti\u00e4, mist\u00e4 on iloinen tai surullinen.<\/p>\n<p>Runoissa voi kirjoittaa my\u00f6s omista ajatuksista ja mielipiteist\u00e4.<\/p>\n<p>Mit\u00e4 mielt\u00e4 sin\u00e4 olet esimerkiksi vammaisten yhdenvertaisuudesta?<\/p>\n<p>Runoissa voi kertoa my\u00f6s omia kokemuksia.<\/p>\n<p>Miten esimerkiksi sinun lomasi sujui?<\/p>\n<p>Runoista voi sitten keskustella runojen lukijoiden kanssa. Yhdess\u00e4 voi mietti\u00e4, mit\u00e4 tunteita ja ajatuksia runosta syntyy.<\/p>\n<p>Runot ovat hyv\u00e4 keino tuoda omia n\u00e4k\u00f6kulmia esille ja jakaa niit\u00e4 toisten kanssa.<\/p>\n<p><strong>Kirjoittaja:<\/strong> Pia H\u00e4m\u00e4l\u00e4inen, 2022<\/p>\n<h2>Kirjoita runo itsest\u00e4si<\/h2>\n<p>T\u00e4m\u00e4n teht\u00e4v\u00e4n avulla voit kirjoittaa runon itsest\u00e4si.<\/p>\n<p>Kirjoita runon 1. riville jokin el\u00e4in.<\/p>\n<p>Kirjoita runon 2. riville jokin v\u00e4ri ja hedelm\u00e4.<\/p>\n<p>Kirjoita runon 3. riville jokin kaunis sana.<\/p>\n<p>Kirjoita runon 4. riville vuodenaika ja paikka, jossa vuodenaika on.<\/p>\n<p>Kirjoita runon 5. riville soitin, joka tekee jotain.<\/p>\n<p>Lis\u00e4\u00e4 jokaisen rivin alkuun sanat Min\u00e4 olen.<\/p>\n<p>Esimerkiksi n\u00e4in:<\/p>\n<p><strong>Min\u00e4 olen<\/strong><\/p>\n<p>Min\u00e4 olen siili.<br \/>\nMin\u00e4 olen punainen omena.<br \/>\nMin\u00e4 olen rakkaus.<br \/>\nMin\u00e4 olen kev\u00e4t puutarhassa.<br \/>\nMin\u00e4 olen rumpu, joka p\u00e4risee.<\/p>\n<p>Teht\u00e4v\u00e4 perustuu Lukemon runoteht\u00e4viin: <a href=\"https:\/\/lukemo.fi\/lukuintoa\/lukuklaani\/ylakoulu\/tehtavamateriaalit-ja-mallitoteutukset\/4-runotehtavia\/\" target=\"_blank\" rel=\"noopener\">Lukemon runoteht\u00e4v\u00e4t<\/a> (lukemo.fi)<\/p>\n<h2>Kirjoita runo tunteista<\/h2>\n<p>T\u00e4m\u00e4n teht\u00e4v\u00e4n avulla voit kirjoittaa runon tunteista.<\/p>\n<p>Valitse runon nimeksi jokin tunne. Tunteita ovat esimerkiksi ilo, suru ja pelko.<\/p>\n<p>Kirjoita runon 1. riville kaksi v\u00e4ri\u00e4. V\u00e4rej\u00e4 ovat esimerkiksi, sininen, punainen, keltainen ja vihre\u00e4.<\/p>\n<p>Kirjoita runon 2. riville jokin muoto ja el\u00e4in. Muotoja ovat esimerkiksi py\u00f6re\u00e4, kulmikas ja soikea. El\u00e4imi\u00e4 ovat esimerkiksi siili, kissa ja hiiri.<\/p>\n<p>Kirjoita runon 3. riville kaksi makua. Makuja ovat esimerkiksi makea, suolainen ja kirpe\u00e4.<\/p>\n<p>Kirjoita runon 4. riville jokin \u00e4\u00e4ni ja soitin. \u00c4\u00e4ni\u00e4 ovat esimerkiksi p\u00e4risev\u00e4, kopiseva ja suhiseva. Soittimia ovat esimerkiksi rumpu, kitara ja huilu.<\/p>\n<p>Lis\u00e4\u00e4 jokaisen rivin alkuun sanat Ilo on.<\/p>\n<p>Esimerkiksi n\u00e4in:<\/p>\n<p><strong>Ilo<\/strong><\/p>\n<p>Ilo on keltainen ja valkoinen.<br \/>\nIlo on py\u00f6re\u00e4 ankka.<br \/>\nIlo on makea ja suolainen.<br \/>\nIlo on p\u00e4risev\u00e4 viulu.<\/p>\n<p>Teht\u00e4v\u00e4 perustuu Lukemon runoteht\u00e4viin: <a href=\"https:\/\/lukemo.fi\/lukuintoa\/lukuklaani\/ylakoulu\/tehtavamateriaalit-ja-mallitoteutukset\/4-runotehtavia\/\" target=\"_blank\" rel=\"noopener\">Lukemon runoteht\u00e4v\u00e4t<\/a> (lukemo.fi)<\/p>\n<h2>L\u00e4het\u00e4 runosi julkaistavaksi<\/h2>\n<p>L\u00e4het\u00e4 runosi meille julkaistavaksi. Julkaisemme runoja Vernerin sivuilla ja somessa.<\/p>\n<p>Voit l\u00e4hett\u00e4\u00e4 runon meille s\u00e4hk\u00f6postilla osoitteeseen verneri(at)kvl.fi.<\/p>\n<p><a href=\"https:\/\/verneri.net\/selko\/hyvinvointi\/vapaa-aika\/runot\/laheta-runo\/\">L\u00e4het\u00e4 runo Vernerin lomakkeella<\/a><\/p>\n<p><a href=\"https:\/\/verneri.net\/selko\/hyvinvointi\/vapaa-aika\/runot\/\">Lue runoja<\/a><\/p>\n","protected":false},"excerpt":{"rendered":"<p>T\u00e4ll\u00e4 sivulla on vinkkej\u00e4 ja teht\u00e4vi\u00e4 runojen kirjoittamiseen. Pian vinkit runojen kirjoittamiseen Olen autisti ja tykk\u00e4\u00e4n kirjoittaa runoja. Runot ovat [&hellip;]<\/p>\n","protected":false},"author":2,"featured_media":14682,"parent":165,"menu_order":4,"comment_status":"closed","ping_status":"closed","template":"","meta":{"_acf_changed":false,"footnotes":""},"class_list":["post-14563","page","type-page","status-publish","has-post-thumbnail","hentry"],"acf":[],"_links":{"self":[{"href":"https:\/\/verneri.net\/selko\/wp-json\/wp\/v2\/pages\/14563","targetHints":{"allow":["GET"]}}],"collection":[{"href":"https:\/\/verneri.net\/selko\/wp-json\/wp\/v2\/pages"}],"about":[{"href":"https:\/\/verneri.net\/selko\/wp-json\/wp\/v2\/types\/page"}],"author":[{"embeddable":true,"href":"https:\/\/verneri.net\/selko\/wp-json\/wp\/v2\/users\/2"}],"replies":[{"embeddable":true,"href":"https:\/\/verneri.net\/selko\/wp-json\/wp\/v2\/comments?post=14563"}],"version-history":[{"count":0,"href":"https:\/\/verneri.net\/selko\/wp-json\/wp\/v2\/pages\/14563\/revisions"}],"up":[{"embeddable":true,"href":"https:\/\/verneri.net\/selko\/wp-json\/wp\/v2\/pages\/165"}],"wp:featuredmedia":[{"embeddable":true,"href":"https:\/\/verneri.net\/selko\/wp-json\/wp\/v2\/media\/14682"}],"wp:attachment":[{"href":"https:\/\/verneri.net\/selko\/wp-json\/wp\/v2\/media?parent=14563"}],"curies":[{"name":"wp","href":"https:\/\/api.w.org\/{rel}","templated":true}]}}