{"id":14564,"date":"2025-03-15T09:01:52","date_gmt":"2025-03-15T07:01:52","guid":{"rendered":"http:\/\/localhost\/verneri\/selko-dev\/?page_id=14564"},"modified":"2025-03-27T11:44:00","modified_gmt":"2025-03-27T09:44:00","slug":"vinkit-vapaa-aikaan","status":"publish","type":"page","link":"https:\/\/verneri.net\/selko\/hyvinvointi\/vapaa-aika\/vinkit-vapaa-aikaan\/","title":{"rendered":"Vinkit vapaa-aikaan"},"content":{"rendered":"<p>Kaipaatko kivaa tekemist\u00e4? Etsitk\u00f6 uutta harrastusta?<\/p>\n<p>Lue Vernerin k\u00e4ytt\u00e4jien vinkit vapaa-aikaan.<\/p>\n<h2>Kysy kaverilta<\/h2>\n<p>Kysy kavereilta ja tutuilta, mit\u00e4 he harrastavat. Kysy, voitko l\u00e4hte\u00e4 mukaan tutustumaan harrastukseen.<\/p>\n<h2>Kysy eri paikoista<\/h2>\n<p>Harrastuksia ja vapaa-ajan toimintaa j\u00e4rjest\u00e4v\u00e4t esimerkiksi<\/p>\n<ul>\n<li>kunnat<\/li>\n<li>yhdistykset<\/li>\n<li>seurakunnat<\/li>\n<li>urheiluseurat<\/li>\n<li>ty\u00f6v\u00e4enopistot.<\/li>\n<\/ul>\n<p>Kysy l\u00e4hell\u00e4 olevista yhdistyksist\u00e4 ja seurakunnista, millaista toimintaa he j\u00e4rjest\u00e4v\u00e4t.<\/p>\n<p>Lue oman kuntasi nettisivuilta, millaista vapaa-ajan toimintaa kunta j\u00e4rjest\u00e4\u00e4.<\/p>\n<p>Kysy vinkkej\u00e4 vapaa-aikaan omasta kirjastosta.<\/p>\n<p>Jos olet alle 30-vuotias, saat tietoa harrastuksista my\u00f6s nuorisoty\u00f6ntekij\u00f6ilt\u00e4.<\/p>\n<h2>K\u00e4y tutustumassa<\/h2>\n<p>Kun olet l\u00f6yt\u00e4nyt sinua kiinnostavan harrastuksen, mene k\u00e4ym\u00e4\u00e4n tai soita harrastuksen j\u00e4rjest\u00e4j\u00e4lle. Kerro, ett\u00e4 haluat tutustua harrastukseen.<\/p>\n<h2>Ota kaveri mukaan<\/h2>\n<p>Jos uuden harrastuksen aloittaminen j\u00e4nnitt\u00e4\u00e4, ota mukaan kaveri tai vaikka tukihenkil\u00f6.<\/p>\n<h2>Tukea vammaispalvelusta<\/h2>\n<p>Jos tarvitset harrastuksen aloittamiseen tukea vamman vuoksi, kysy neuvoa ohjaajalta tai vammaispalveluista.<\/p>\n<h2>Ole k\u00e4rsiv\u00e4llinen<\/h2>\n<p>Uuden harrastuksen l\u00f6yt\u00e4minen ei ole aina helppoa. Kokeile k\u00e4rsiv\u00e4llisesti erilaisia harrastuksia ja puuhia.<\/p>\n<p>Jos uusi juttu ei tunnu heti kivalta, anna sille v\u00e4h\u00e4n aikaa. Joskus uusi harrastus muuttuu mukavaksi vasta, kun se on tullut tutuksi.<\/p>\n<h2>Harrasta ilmaiseksi<\/h2>\n<p>Osa harrastuksista on maksullisia. Mutta monia asioita voi tehd\u00e4 my\u00f6s ilmaiseksi.<\/p>\n<p>Kokeile esimerkiksi n\u00e4it\u00e4 ilmaiseksi:<\/p>\n<ul>\n<li>K\u00e4y k\u00e4velyll\u00e4.<\/li>\n<li>Kuuntele musiikkia.<\/li>\n<li>K\u00e4vele kuntoportaita.<\/li>\n<li>Katso jumppavideoita netist\u00e4.<\/li>\n<li>Tee k\u00e4sit\u00f6it\u00e4.<\/li>\n<li>Lainaa kirjastosta kirjoja, lehti\u00e4 tai \u00e4\u00e4nikirjoja.<\/li>\n<li>Piirr\u00e4 tai maalaa.<\/li>\n<li>Tulosta kirjastossa v\u00e4rityskuvia ja v\u00e4rit\u00e4.<\/li>\n<li>Hoida tutun koiraa tai kissaa.<\/li>\n<li>Ker\u00e4\u00e4 kukkia.<\/li>\n<li>Bongaa eli tunnista lintuja.<\/li>\n<li>Tee vapaaehtoisty\u00f6t\u00e4.<\/li>\n<li>Ota valokuvia ja l\u00e4het\u00e4 ne Vernerin selkosivuille.<\/li>\n<li>Kirjoita runoja Vernerin selkosivuille.<\/li>\n<\/ul>\n<p>Vinkit ker\u00e4ttiin Vernerin Instaliveist\u00e4.<\/p>\n<p><strong>Teksti:<\/strong> Jenni Sipil\u00e4, 2023<\/p>\n","protected":false},"excerpt":{"rendered":"<p>Kaipaatko kivaa tekemist\u00e4? Etsitk\u00f6 uutta harrastusta? Lue Vernerin k\u00e4ytt\u00e4jien vinkit vapaa-aikaan. Kysy kaverilta Kysy kavereilta ja tutuilta, mit\u00e4 he harrastavat. [&hellip;]<\/p>\n","protected":false},"author":2,"featured_media":14699,"parent":24,"menu_order":36,"comment_status":"closed","ping_status":"closed","template":"","meta":{"_acf_changed":false,"footnotes":""},"class_list":["post-14564","page","type-page","status-publish","has-post-thumbnail","hentry"],"acf":[],"_links":{"self":[{"href":"https:\/\/verneri.net\/selko\/wp-json\/wp\/v2\/pages\/14564","targetHints":{"allow":["GET"]}}],"collection":[{"href":"https:\/\/verneri.net\/selko\/wp-json\/wp\/v2\/pages"}],"about":[{"href":"https:\/\/verneri.net\/selko\/wp-json\/wp\/v2\/types\/page"}],"author":[{"embeddable":true,"href":"https:\/\/verneri.net\/selko\/wp-json\/wp\/v2\/users\/2"}],"replies":[{"embeddable":true,"href":"https:\/\/verneri.net\/selko\/wp-json\/wp\/v2\/comments?post=14564"}],"version-history":[{"count":0,"href":"https:\/\/verneri.net\/selko\/wp-json\/wp\/v2\/pages\/14564\/revisions"}],"up":[{"embeddable":true,"href":"https:\/\/verneri.net\/selko\/wp-json\/wp\/v2\/pages\/24"}],"wp:featuredmedia":[{"embeddable":true,"href":"https:\/\/verneri.net\/selko\/wp-json\/wp\/v2\/media\/14699"}],"wp:attachment":[{"href":"https:\/\/verneri.net\/selko\/wp-json\/wp\/v2\/media?parent=14564"}],"curies":[{"name":"wp","href":"https:\/\/api.w.org\/{rel}","templated":true}]}}