{"id":14565,"date":"2025-03-15T09:04:21","date_gmt":"2025-03-15T07:04:21","guid":{"rendered":"http:\/\/localhost\/verneri\/selko-dev\/?page_id=14565"},"modified":"2025-10-30T12:05:32","modified_gmt":"2025-10-30T10:05:32","slug":"nauti-elainten-seurasta","status":"publish","type":"page","link":"https:\/\/verneri.net\/selko\/hyvinvointi\/vapaa-aika\/lemmikit\/nauti-elainten-seurasta\/","title":{"rendered":"Nauti el\u00e4inten seurasta"},"content":{"rendered":"<p>Moni meist\u00e4 nauttii el\u00e4inten seurasta.<\/p>\n<p>El\u00e4imi\u00e4 on mukava katsella, silitt\u00e4\u00e4 ja niille voi jutella. El\u00e4imen l\u00e4hell\u00e4 on usein hyv\u00e4 olla.<\/p>\n<h2>N\u00e4in voit viett\u00e4\u00e4 aikaa el\u00e4inten kanssa<\/h2>\n<p>Moni meist\u00e4 haluaa viett\u00e4\u00e4 aikaa el\u00e4inten kanssa, mutta kaikki eiv\u00e4t voi hankkia omaa lemmikki\u00e4.<\/p>\n<p>Mit\u00e4 silloin voi tehd\u00e4?<\/p>\n<p>Lue Vernerin lukijoiden vinkit:<\/p>\n<ul>\n<li>K\u00e4y el\u00e4inpuistossa, el\u00e4intarhassa tai kotiel\u00e4inpihalla.<\/li>\n<li>K\u00e4y kyl\u00e4ss\u00e4 kodeissa, joissa on lemmikki.<\/li>\n<li>Kutsu kyl\u00e4\u00e4n tuttuja, joilla on lemmikki. Pyyd\u00e4 heit\u00e4 ottamaan lemmikki mukaan.<\/li>\n<li>K\u00e4y kissakahvilassa. Kissakahviloita on ainakin Helsingiss\u00e4, J\u00e4rvenp\u00e4\u00e4ss\u00e4, Lahdessa ja Tampereella.<\/li>\n<li>K\u00e4y k\u00e4velyll\u00e4 ja kysy koiranomistajilta, voitko tervehti\u00e4 koiraa.<\/li>\n<li>Kysy naapurilta, voitko l\u00e4hte\u00e4 mukaan, kun h\u00e4n ulkoiluttaa koiraansa.<\/li>\n<li>Kysy tutulta, voitko hoitaa h\u00e4nen lemmikki\u00e4\u00e4n.<\/li>\n<li>K\u00e4y hevostallilla katsomassa hevosia.<\/li>\n<\/ul>\n<p>Vinkit on ker\u00e4tty Vernerin Instalivess\u00e4.<\/p>\n<p><strong>Katso videolta, kun Jaana tapaa Seppo-koiran:<\/strong><\/p>\n<p><iframe loading=\"lazy\" title=\"Jaana ja Seppo-koira\" width=\"500\" height=\"281\" src=\"https:\/\/www.youtube.com\/embed\/i9iZSuyKTRw?wmode=transparent&amp;rel=0&amp;feature=oembed\" frameborder=\"0\" allow=\"accelerometer; autoplay; clipboard-write; encrypted-media; gyroscope; picture-in-picture; web-share\" referrerpolicy=\"strict-origin-when-cross-origin\" allowfullscreen><\/iframe><\/p>\n<p><strong>Teksti:<\/strong> Jenni Sipil\u00e4, 2024<\/p>\n","protected":false},"excerpt":{"rendered":"<p>Moni meist\u00e4 nauttii el\u00e4inten seurasta. El\u00e4imi\u00e4 on mukava katsella, silitt\u00e4\u00e4 ja niille voi jutella. El\u00e4imen l\u00e4hell\u00e4 on usein hyv\u00e4 olla. [&hellip;]<\/p>\n","protected":false},"author":2,"featured_media":16952,"parent":166,"menu_order":0,"comment_status":"closed","ping_status":"closed","template":"","meta":{"_acf_changed":false,"footnotes":""},"class_list":["post-14565","page","type-page","status-publish","has-post-thumbnail","hentry"],"acf":[],"_links":{"self":[{"href":"https:\/\/verneri.net\/selko\/wp-json\/wp\/v2\/pages\/14565","targetHints":{"allow":["GET"]}}],"collection":[{"href":"https:\/\/verneri.net\/selko\/wp-json\/wp\/v2\/pages"}],"about":[{"href":"https:\/\/verneri.net\/selko\/wp-json\/wp\/v2\/types\/page"}],"author":[{"embeddable":true,"href":"https:\/\/verneri.net\/selko\/wp-json\/wp\/v2\/users\/2"}],"replies":[{"embeddable":true,"href":"https:\/\/verneri.net\/selko\/wp-json\/wp\/v2\/comments?post=14565"}],"version-history":[{"count":0,"href":"https:\/\/verneri.net\/selko\/wp-json\/wp\/v2\/pages\/14565\/revisions"}],"up":[{"embeddable":true,"href":"https:\/\/verneri.net\/selko\/wp-json\/wp\/v2\/pages\/166"}],"wp:featuredmedia":[{"embeddable":true,"href":"https:\/\/verneri.net\/selko\/wp-json\/wp\/v2\/media\/16952"}],"wp:attachment":[{"href":"https:\/\/verneri.net\/selko\/wp-json\/wp\/v2\/media?parent=14565"}],"curies":[{"name":"wp","href":"https:\/\/api.w.org\/{rel}","templated":true}]}}