{"id":14570,"date":"2025-03-15T09:49:46","date_gmt":"2025-03-15T07:49:46","guid":{"rendered":"http:\/\/localhost\/verneri\/selko-dev\/?page_id=14570"},"modified":"2025-06-06T13:24:52","modified_gmt":"2025-06-06T10:24:52","slug":"musiikki-tekee-hyvaa","status":"publish","type":"page","link":"https:\/\/verneri.net\/selko\/hyvinvointi\/vapaa-aika\/musiikki\/musiikki-tekee-hyvaa\/","title":{"rendered":"Musiikki tekee hyv\u00e4\u00e4"},"content":{"rendered":"<p>Tutkimusten mukaan musiikin kuuntelu ja varsinkin soittimen soittaminen ovat hyv\u00e4ksi aivoille.<\/p>\n<p>Musiikkia on monta lajia eli on mist\u00e4 valita.<\/p>\n<p>Musiikin lajeja ovat esimerkiksi<\/p>\n<ul>\n<li>pop-musiikki<\/li>\n<li>rock-musiikki<\/li>\n<li>heavy-musiikki<\/li>\n<li>kantrimusiikki<\/li>\n<li>virret ja gospel-musiikki<\/li>\n<li>klassinen musiikki.<\/li>\n<\/ul>\n<p>Mist\u00e4 musiikin lajeista sin\u00e4 pid\u00e4t?<\/p>\n<p>Musiikkia voi kuunnella monin eri tavoin, kuten YouTubesta, cd-soittimelta tai liven\u00e4 keikoilla.<\/p>\n<p>Miten sin\u00e4 kuuntelet musiikkia? Tykk\u00e4\u00e4tk\u00f6 k\u00e4yd\u00e4 keikoilla?<\/p>\n<p>My\u00f6s soittimia on monenlaisia:<\/p>\n<ul>\n<li>piano<\/li>\n<li>ukulele<\/li>\n<li>kitara<\/li>\n<li>rummut<\/li>\n<li>kosketinsoittimet<\/li>\n<li>ksylofoni.<\/li>\n<\/ul>\n<p>Mit\u00e4 soitinta soitat tai haluaisit soittaa?<\/p>\n<p>Soitonopetusta voit saada esimerkiksi<\/p>\n<ul>\n<li>Resonaarista<\/li>\n<li>yksityisopetuksena vaikka musiikin opiskelijalta<\/li>\n<li>musiikkiopistosta.<\/li>\n<\/ul>\n<p>Hyvi\u00e4 musiikkihetki\u00e4!<\/p>\n<p><strong>Kirjoittaja:<\/strong> Pia H\u00e4m\u00e4l\u00e4inen, 2025<\/p>\n","protected":false},"excerpt":{"rendered":"<p>Tutkimusten mukaan musiikin kuuntelu ja varsinkin soittimen soittaminen ovat hyv\u00e4ksi aivoille. Musiikkia on monta lajia eli on mist\u00e4 valita. Musiikin [&hellip;]<\/p>\n","protected":false},"author":2,"featured_media":15074,"parent":14516,"menu_order":0,"comment_status":"closed","ping_status":"closed","template":"","meta":{"_acf_changed":false,"footnotes":""},"class_list":["post-14570","page","type-page","status-publish","has-post-thumbnail","hentry"],"acf":[],"_links":{"self":[{"href":"https:\/\/verneri.net\/selko\/wp-json\/wp\/v2\/pages\/14570","targetHints":{"allow":["GET"]}}],"collection":[{"href":"https:\/\/verneri.net\/selko\/wp-json\/wp\/v2\/pages"}],"about":[{"href":"https:\/\/verneri.net\/selko\/wp-json\/wp\/v2\/types\/page"}],"author":[{"embeddable":true,"href":"https:\/\/verneri.net\/selko\/wp-json\/wp\/v2\/users\/2"}],"replies":[{"embeddable":true,"href":"https:\/\/verneri.net\/selko\/wp-json\/wp\/v2\/comments?post=14570"}],"version-history":[{"count":0,"href":"https:\/\/verneri.net\/selko\/wp-json\/wp\/v2\/pages\/14570\/revisions"}],"up":[{"embeddable":true,"href":"https:\/\/verneri.net\/selko\/wp-json\/wp\/v2\/pages\/14516"}],"wp:featuredmedia":[{"embeddable":true,"href":"https:\/\/verneri.net\/selko\/wp-json\/wp\/v2\/media\/15074"}],"wp:attachment":[{"href":"https:\/\/verneri.net\/selko\/wp-json\/wp\/v2\/media?parent=14570"}],"curies":[{"name":"wp","href":"https:\/\/api.w.org\/{rel}","templated":true}]}}