{"id":14571,"date":"2025-03-15T09:55:10","date_gmt":"2025-03-15T07:55:10","guid":{"rendered":"http:\/\/localhost\/verneri\/selko-dev\/?page_id=14571"},"modified":"2025-04-02T18:31:12","modified_gmt":"2025-04-02T15:31:12","slug":"nauti-musiikista","status":"publish","type":"page","link":"https:\/\/verneri.net\/selko\/hyvinvointi\/vapaa-aika\/musiikki\/nauti-musiikista\/","title":{"rendered":"Nauti musiikista"},"content":{"rendered":"<p>Musiikista voi nauttia monin tavoin.<\/p>\n<p>Musiikin kuuntelu vaikuttaa esimerkiksi tunteisiin ja oppimiseen. Musiikkia kuuntelemalla voi vaikkapa rentoutua.<\/p>\n<p>Lue Pia H\u00e4m\u00e4l\u00e4isen vinkit musiikin kuunteluun.<\/p>\n<h2>Musiikista voi nauttia monin tavoin<\/h2>\n<p>Musiikkia voi kuunnella monin tavoin. Voit keskitty\u00e4 musiikin eri puoliin.<\/p>\n<p>Kun kuuntelet musiikkia, mieti esimerkiksi seuraavia asioita:<\/p>\n<ul>\n<li>Onko musiikki hiljaista vai kovaa?<\/li>\n<li>Millainen s\u00e4vel musiikissa on?<\/li>\n<li>Millainen on musiikin rytmi?<\/li>\n<li>Millainen on musiikin tyylilaji? Tyylilaji voi olla vaikkapa rock, pop tai virsi.<\/li>\n<li>Mik\u00e4 on musiikin sanoma eli mist\u00e4 musiikki kertoo?<\/li>\n<\/ul>\n<p>Musiikin kuuntelu voi innostaa laulamaan, rummuttamaan rytmi\u00e4 tai soittamaan soittimia, kuten nokkahuilua ja pianoa.<\/p>\n<p>Voit opetella soittamaan soittimia esimerkiksi kuvionuottien avulla.<\/p>\n<p>Soitonopetusta voit saada esimerkiksi<\/p>\n<ul>\n<li>Resonaarista<\/li>\n<li>yksityisopetuksena vaikka musiikin opiskelijalta<\/li>\n<li>musiikkiopistosta.<\/li>\n<\/ul>\n<p>Musiikin tahdissa voi my\u00f6s tanssia ja liikkua.<\/p>\n<p>Musiikki voi innostaa my\u00f6s maalaamaan ja piirt\u00e4m\u00e4\u00e4n.<\/p>\n<p>Innostutaan \u00e4\u00e4nist\u00e4 ja musiikista!<\/p>\n<p><strong>Kirjoittaja:<\/strong> Pia H\u00e4m\u00e4l\u00e4inen, 2023<\/p>\n<p><strong>L\u00e4hde:<\/strong> Linnankivi, Marja. Tenkku, Liisa. Urho, Ellen. Musiikin didaktiikka. WSOY. 1988.<\/p>\n","protected":false},"excerpt":{"rendered":"<p>Musiikista voi nauttia monin tavoin. Musiikin kuuntelu vaikuttaa esimerkiksi tunteisiin ja oppimiseen. Musiikkia kuuntelemalla voi vaikkapa rentoutua. Lue Pia H\u00e4m\u00e4l\u00e4isen [&hellip;]<\/p>\n","protected":false},"author":2,"featured_media":14832,"parent":14516,"menu_order":0,"comment_status":"closed","ping_status":"closed","template":"","meta":{"_acf_changed":false,"footnotes":""},"class_list":["post-14571","page","type-page","status-publish","has-post-thumbnail","hentry"],"acf":[],"_links":{"self":[{"href":"https:\/\/verneri.net\/selko\/wp-json\/wp\/v2\/pages\/14571","targetHints":{"allow":["GET"]}}],"collection":[{"href":"https:\/\/verneri.net\/selko\/wp-json\/wp\/v2\/pages"}],"about":[{"href":"https:\/\/verneri.net\/selko\/wp-json\/wp\/v2\/types\/page"}],"author":[{"embeddable":true,"href":"https:\/\/verneri.net\/selko\/wp-json\/wp\/v2\/users\/2"}],"replies":[{"embeddable":true,"href":"https:\/\/verneri.net\/selko\/wp-json\/wp\/v2\/comments?post=14571"}],"version-history":[{"count":0,"href":"https:\/\/verneri.net\/selko\/wp-json\/wp\/v2\/pages\/14571\/revisions"}],"up":[{"embeddable":true,"href":"https:\/\/verneri.net\/selko\/wp-json\/wp\/v2\/pages\/14516"}],"wp:featuredmedia":[{"embeddable":true,"href":"https:\/\/verneri.net\/selko\/wp-json\/wp\/v2\/media\/14832"}],"wp:attachment":[{"href":"https:\/\/verneri.net\/selko\/wp-json\/wp\/v2\/media?parent=14571"}],"curies":[{"name":"wp","href":"https:\/\/api.w.org\/{rel}","templated":true}]}}