{"id":14575,"date":"2025-03-15T16:09:20","date_gmt":"2025-03-15T14:09:20","guid":{"rendered":"http:\/\/localhost\/verneri\/selko-dev\/?page_id=14575"},"modified":"2025-12-15T16:50:32","modified_gmt":"2025-12-15T14:50:32","slug":"kesakivaa","status":"publish","type":"page","link":"https:\/\/verneri.net\/selko\/hyvinvointi\/vapaa-aika\/kesakivaa\/","title":{"rendered":"Kes\u00e4kivaa!"},"content":{"rendered":"<p>Kes\u00e4lomalla on aikaa tehd\u00e4 asioita, joista pit\u00e4\u00e4.<\/p>\n<p>T\u00e4ll\u00e4 sivulla on vinkkej\u00e4 kivoihin kes\u00e4puuhiin. Vinkit on koottu kolmeen verkkokirjaan.<\/p>\n<p>Voit tehd\u00e4 kirjojen teht\u00e4vi\u00e4 yksin, yhdess\u00e4 kaverin kanssa tai vaikkapa porukalla.<\/p>\n<h2>Kes\u00e4unelmia<\/h2>\n<p>Kes\u00e4unelmia-kirjassa on vinkkej\u00e4 mietiskelyyn ja unelmointiin.<\/p>\n<p>Mietiskely auttaa sinua heng\u00e4ht\u00e4m\u00e4\u00e4n ja unohtamaan arkiset huolet.<\/p>\n<p>Unelmointi on hyv\u00e4 tapa pohtia omaa tulevaisuutta. Unelmoimalla voit saavuttaa uusia asioita el\u00e4m\u00e4\u00e4si.<\/p>\n<p><a href=\"https:\/\/verneri.net\/selko\/wp-content\/uploads\/sites\/2\/2025\/05\/kesakivaa-kesaunelmia.pdf\" target=\"_blank\" rel=\"noopener noreferrer\">Lataa Kes\u00e4unelmia-kirja<\/a> (pdf-tiedosto)<\/p>\n<h2>Kes\u00e4retki<\/h2>\n<p>Kes\u00e4retki-kirjassa on ohjeet oman kes\u00e4retken suunnitteluun.<\/p>\n<p><a href=\"https:\/\/verneri.net\/selko\/wp-content\/uploads\/sites\/2\/2025\/05\/kesakivaa-kesaretki.pdf\" target=\"_blank\" rel=\"noopener noreferrer\">Lataa Kes\u00e4retki-kirja<\/a> (pdf-tiedosto)<\/p>\n<h2>Kes\u00e4lomafiilis<\/h2>\n<p>Kes\u00e4lomafiilis-kirjassa on vinkkej\u00e4 omien tunteiden k\u00e4sittelyyn.<\/p>\n<p>Kun tunnistat omat tunteesi, pystyt kertomaan niist\u00e4 muille. Tunteista puhuminen tekee olon kevyeksi.<\/p>\n<p><a href=\"https:\/\/verneri.net\/selko\/wp-content\/uploads\/sites\/2\/2025\/05\/kesakivaa-kesalomafiilis.pdf\" target=\"_blank\" rel=\"noopener noreferrer\">Lataa Kes\u00e4lomafiilis-kirja<\/a> (pdf-tiedosto)<\/p>\n<p><em>Kirjat on tehty yhdess\u00e4 tehnyt Minua kuullaan -hankkeen kanssa.<\/em><\/p>\n<p><strong>Teksti:<\/strong> Jenni Sipil\u00e4, 2020<br \/>\n<strong>Kuva:<\/strong> Unsplash<\/p>\n","protected":false},"excerpt":{"rendered":"<p>Kes\u00e4lomalla on aikaa tehd\u00e4 asioita, joista pit\u00e4\u00e4. T\u00e4ll\u00e4 sivulla on vinkkej\u00e4 kivoihin kes\u00e4puuhiin. Vinkit on koottu kolmeen verkkokirjaan. Voit tehd\u00e4 [&hellip;]<\/p>\n","protected":false},"author":2,"featured_media":15049,"parent":24,"menu_order":109,"comment_status":"closed","ping_status":"closed","template":"","meta":{"_acf_changed":false,"footnotes":""},"class_list":["post-14575","page","type-page","status-publish","has-post-thumbnail","hentry"],"acf":[],"_links":{"self":[{"href":"https:\/\/verneri.net\/selko\/wp-json\/wp\/v2\/pages\/14575","targetHints":{"allow":["GET"]}}],"collection":[{"href":"https:\/\/verneri.net\/selko\/wp-json\/wp\/v2\/pages"}],"about":[{"href":"https:\/\/verneri.net\/selko\/wp-json\/wp\/v2\/types\/page"}],"author":[{"embeddable":true,"href":"https:\/\/verneri.net\/selko\/wp-json\/wp\/v2\/users\/2"}],"replies":[{"embeddable":true,"href":"https:\/\/verneri.net\/selko\/wp-json\/wp\/v2\/comments?post=14575"}],"version-history":[{"count":0,"href":"https:\/\/verneri.net\/selko\/wp-json\/wp\/v2\/pages\/14575\/revisions"}],"up":[{"embeddable":true,"href":"https:\/\/verneri.net\/selko\/wp-json\/wp\/v2\/pages\/24"}],"wp:featuredmedia":[{"embeddable":true,"href":"https:\/\/verneri.net\/selko\/wp-json\/wp\/v2\/media\/15049"}],"wp:attachment":[{"href":"https:\/\/verneri.net\/selko\/wp-json\/wp\/v2\/media?parent=14575"}],"curies":[{"name":"wp","href":"https:\/\/api.w.org\/{rel}","templated":true}]}}