{"id":14585,"date":"2025-03-15T16:21:00","date_gmt":"2025-03-15T14:21:00","guid":{"rendered":"http:\/\/localhost\/verneri\/selko-dev\/hyvinvointi\/vapaa-aika\/musiikki\/musavisa\/"},"modified":"2025-09-05T08:38:42","modified_gmt":"2025-09-05T05:38:42","slug":"musavisa","status":"publish","type":"page","link":"https:\/\/verneri.net\/selko\/hyvinvointi\/vapaa-aika\/musiikki\/musavisa\/","title":{"rendered":"Musavisa"},"content":{"rendered":"<div class=\"quiz-wrapper\"><form name=\"post\" action=\"https:\/\/verneri.net\/selko\/hyvinvointi\/vapaa-aika\/musiikki\/musavisa\/\" method=\"post\" id=\"quiz\" style=\"text-align: left;\">\r\n\r\n<ol>\r\n<li><p>Kenen kappale on Kuka keksi rakkauden?<\/p><p>\n    <input type=\"radio\" name=\"answer[0]\" id=\"answer-0-2\" value=\"2\" \/> <label for=\"answer-0-2\">Kaija Pee<\/label><br \/>\n    <input type=\"radio\" name=\"answer[0]\" id=\"answer-0-0\" value=\"0\" \/> <label for=\"answer-0-0\">Kaija Koo<\/label><br \/>\n    <input type=\"radio\" name=\"answer[0]\" id=\"answer-0-1\" value=\"1\" \/> <label for=\"answer-0-1\">Kalle Koo<\/label><br \/>\n<\/p><\/li>\n<li><p>Mik\u00e4 oli K\u00e4\u00e4rij\u00e4n Euroviisukappaleen nimi?<\/p><p>\n    <input type=\"radio\" name=\"answer[1]\" id=\"answer-1-2\" value=\"2\" \/> <label for=\"answer-1-2\">Jouluy\u00f6 juhlay\u00f6<\/label><br \/>\n    <input type=\"radio\" name=\"answer[1]\" id=\"answer-1-1\" value=\"1\" \/> <label for=\"answer-1-1\">Hahhahhaa<\/label><br \/>\n    <input type=\"radio\" name=\"answer[1]\" id=\"answer-1-0\" value=\"0\" \/> <label for=\"answer-1-0\">Cha cha chaa<\/label><br \/>\n<\/p><\/li>\n<li><p>Kuka on Elastinen?<\/p><p>\n    <input type=\"radio\" name=\"answer[2]\" id=\"answer-2-1\" value=\"1\" \/> <label for=\"answer-2-1\">Tunnettu suomalainen voimistelija<\/label><br \/>\n    <input type=\"radio\" name=\"answer[2]\" id=\"answer-2-0\" value=\"0\" \/> <label for=\"answer-2-0\">Suomalainen Hip hop -artisti<\/label><br \/>\n    <input type=\"radio\" name=\"answer[2]\" id=\"answer-2-2\" value=\"2\" \/> <label for=\"answer-2-2\">Suomen p\u00e4\u00e4ministeri<\/label><br \/>\n<\/p><\/li>\n<li><p>Mink\u00e4 kappaleen sanat alkavat n\u00e4in: Pimenee valkeat maat, laulupuut vaikenevat?<\/p><p>\n    <input type=\"radio\" name=\"answer[3]\" id=\"answer-3-0\" value=\"0\" \/> <label for=\"answer-3-0\">Sata salamaa<\/label><br \/>\n    <input type=\"radio\" name=\"answer[3]\" id=\"answer-3-1\" value=\"1\" \/> <label for=\"answer-3-1\">Tuhat salamaa<\/label><br \/>\n    <input type=\"radio\" name=\"answer[3]\" id=\"answer-3-2\" value=\"2\" \/> <label for=\"answer-3-2\">35 perhosta<\/label><br \/>\n<\/p><\/li>\n<li><p>Kuka edustaa Suomea Euroviisuissa vuonna 2025?<\/p><p>\n    <input type=\"radio\" name=\"answer[4]\" id=\"answer-4-0\" value=\"0\" \/> <label for=\"answer-4-0\">Erika Vikman<\/label><br \/>\n    <input type=\"radio\" name=\"answer[4]\" id=\"answer-4-1\" value=\"1\" \/> <label for=\"answer-4-1\">Naapurin Seppo<\/label><br \/>\n    <input type=\"radio\" name=\"answer[4]\" id=\"answer-4-2\" value=\"2\" \/> <label for=\"answer-4-2\">Aleksander Stubb<\/label><br \/>\n<\/p><\/li>\n<li><p>Mit\u00e4 syntym\u00e4p\u00e4iv\u00e4sankarille lauletaan?<\/p><p>\n    <input type=\"radio\" name=\"answer[5]\" id=\"answer-5-2\" value=\"2\" \/> <label for=\"answer-5-2\">Kaikkea kivaa vaan<\/label><br \/>\n    <input type=\"radio\" name=\"answer[5]\" id=\"answer-5-0\" value=\"0\" \/> <label for=\"answer-5-0\">Paljon onnea vaan<\/label><br \/>\n    <input type=\"radio\" name=\"answer[5]\" id=\"answer-5-1\" value=\"1\" \/> <label for=\"answer-5-1\">Paljon lahjoja vaan<\/label><br \/>\n<\/p><\/li>\n<\/ol>\r\n\r\n<p class=\"submit\">\r\n<input type=\"submit\" name=\"submit\" style=\"font-weight: bold;\" value=\"N&auml;yt&auml; tulos\" \/>\r\n<\/p>\r\n\r\n<input type=\"hidden\" name=\"quiz_id\" id=\"quiz_id\" value=\"23\" \/>\r\n\r\n<\/form><\/div>\n","protected":false},"excerpt":{"rendered":"<p>Kenen kappale on Kuka keksi rakkauden? Kalle Koo Kaija Pee Kaija Koo Mik\u00e4 oli K\u00e4\u00e4rij\u00e4n Euroviisukappaleen nimi? Jouluy\u00f6 juhlay\u00f6 Hahhahhaa [&hellip;]<\/p>\n","protected":false},"author":2,"featured_media":0,"parent":14516,"menu_order":13,"comment_status":"closed","ping_status":"closed","template":"","meta":{"_acf_changed":false,"footnotes":""},"class_list":["post-14585","page","type-page","status-publish","hentry"],"acf":[],"_links":{"self":[{"href":"https:\/\/verneri.net\/selko\/wp-json\/wp\/v2\/pages\/14585","targetHints":{"allow":["GET"]}}],"collection":[{"href":"https:\/\/verneri.net\/selko\/wp-json\/wp\/v2\/pages"}],"about":[{"href":"https:\/\/verneri.net\/selko\/wp-json\/wp\/v2\/types\/page"}],"author":[{"embeddable":true,"href":"https:\/\/verneri.net\/selko\/wp-json\/wp\/v2\/users\/2"}],"replies":[{"embeddable":true,"href":"https:\/\/verneri.net\/selko\/wp-json\/wp\/v2\/comments?post=14585"}],"version-history":[{"count":0,"href":"https:\/\/verneri.net\/selko\/wp-json\/wp\/v2\/pages\/14585\/revisions"}],"up":[{"embeddable":true,"href":"https:\/\/verneri.net\/selko\/wp-json\/wp\/v2\/pages\/14516"}],"wp:attachment":[{"href":"https:\/\/verneri.net\/selko\/wp-json\/wp\/v2\/media?parent=14585"}],"curies":[{"name":"wp","href":"https:\/\/api.w.org\/{rel}","templated":true}]}}