{"id":14586,"date":"2025-03-15T16:24:11","date_gmt":"2025-03-15T14:24:11","guid":{"rendered":"http:\/\/localhost\/verneri\/selko-dev\/?page_id=14586"},"modified":"2025-05-06T08:14:09","modified_gmt":"2025-05-06T05:14:09","slug":"special-olympics","status":"publish","type":"page","link":"https:\/\/verneri.net\/selko\/hyvinvointi\/vapaa-aika\/urheilukilpailut\/special-olympics\/","title":{"rendered":"Special Olympics"},"content":{"rendered":"<p>Special Olympics on urheiluj\u00e4rjest\u00f6 lapsille, nuorille ja aikuisille, joilla on kehitysvamma. Special Olympics j\u00e4rjest\u00e4\u00e4 liikuntaa, leirej\u00e4 ja kilpailuja eri puolilla maailmaa.<\/p>\n<p>Suomessa Special Olympics -urheilijoita on yli 20 lajissa. Heist\u00e4 suurin osa harjoittelee ja kilpailee oman l\u00e4hialueensa urheiluseurassa.<\/p>\n<h2>Seuraavat kisat<\/h2>\n<p>Special Olympics -maailmankisat j\u00e4rjestet\u00e4\u00e4n nelj\u00e4n vuoden v\u00e4lein. Seuraavat maailmankisat j\u00e4rjestet\u00e4\u00e4n Italiassa talvella 2025.<\/p>\n<p>Suomesta maailmankisoihin l\u00e4htee 34 kilpailijan joukkue. Joukkueen nimi on Sisujengi.<\/p>\n<p>Sisujengi kilpailee 6 lajissa.<\/p>\n<p>Lajit ovat<\/p>\n<ul>\n<li>maastohiihto<\/li>\n<li>alppihiihto<\/li>\n<li>lumilautailu<\/li>\n<li>lumikenk\u00e4ily<\/li>\n<li>taitoluistelu<\/li>\n<li>Unified-salibandy.<\/li>\n<\/ul>\n<h2>Mukaan Special Olympics -toimintaan<\/h2>\n<p>Mukaan Special Olympics -toimintaan p\u00e4\u00e4see oman liikuntaharrastuksen kautta.<\/p>\n<p>Voit ottaa yhteytt\u00e4 esimerkiksi kotisi l\u00e4hell\u00e4 olevaan urheiluseuraan tai vammaisyhdistykseen. Voit kysy\u00e4, millaista urheilutoimintaa ja liikuntaharrastuksia he j\u00e4rjest\u00e4v\u00e4t.<\/p>\n<p><strong>Lis\u00e4tietoa:<\/strong> <a href=\"https:\/\/www.paraurheilu.fi\/fi\/21\/special-olympics\" target=\"_blank\" rel=\"noopener\">Special Olympics -toiminta<\/a> (www.paraurheilu.fi)<br \/>\n<strong>Kuva:<\/strong> Sami Iivonen, Olarin voimistelijat<\/p>\n","protected":false},"excerpt":{"rendered":"<p>Special Olympics on urheiluj\u00e4rjest\u00f6 lapsille, nuorille ja aikuisille, joilla on kehitysvamma. Special Olympics j\u00e4rjest\u00e4\u00e4 liikuntaa, leirej\u00e4 ja kilpailuja eri puolilla [&hellip;]<\/p>\n","protected":false},"author":2,"featured_media":14958,"parent":178,"menu_order":0,"comment_status":"closed","ping_status":"closed","template":"","meta":{"_acf_changed":false,"footnotes":""},"class_list":["post-14586","page","type-page","status-publish","has-post-thumbnail","hentry"],"acf":[],"_links":{"self":[{"href":"https:\/\/verneri.net\/selko\/wp-json\/wp\/v2\/pages\/14586","targetHints":{"allow":["GET"]}}],"collection":[{"href":"https:\/\/verneri.net\/selko\/wp-json\/wp\/v2\/pages"}],"about":[{"href":"https:\/\/verneri.net\/selko\/wp-json\/wp\/v2\/types\/page"}],"author":[{"embeddable":true,"href":"https:\/\/verneri.net\/selko\/wp-json\/wp\/v2\/users\/2"}],"replies":[{"embeddable":true,"href":"https:\/\/verneri.net\/selko\/wp-json\/wp\/v2\/comments?post=14586"}],"version-history":[{"count":0,"href":"https:\/\/verneri.net\/selko\/wp-json\/wp\/v2\/pages\/14586\/revisions"}],"up":[{"embeddable":true,"href":"https:\/\/verneri.net\/selko\/wp-json\/wp\/v2\/pages\/178"}],"wp:featuredmedia":[{"embeddable":true,"href":"https:\/\/verneri.net\/selko\/wp-json\/wp\/v2\/media\/14958"}],"wp:attachment":[{"href":"https:\/\/verneri.net\/selko\/wp-json\/wp\/v2\/media?parent=14586"}],"curies":[{"name":"wp","href":"https:\/\/api.w.org\/{rel}","templated":true}]}}