{"id":14588,"date":"2025-03-16T08:23:46","date_gmt":"2025-03-16T06:23:46","guid":{"rendered":"http:\/\/localhost\/verneri\/selko-dev\/suunnittele-muutto-hyvin\/"},"modified":"2025-10-27T14:32:06","modified_gmt":"2025-10-27T12:32:06","slug":"suunnittele-muutto-hyvin","status":"publish","type":"page","link":"https:\/\/verneri.net\/selko\/hyvinvointi\/asuminen\/suunnittele-muutto-hyvin\/","title":{"rendered":"Suunnittele muutto hyvin"},"content":{"rendered":"<p>Muuttaminen on iso ja t\u00e4rke\u00e4 asia. Siksi se kannattaa suunnitella hyvin.<\/p>\n<p>T\u00e4ll\u00e4 sivulla on vinkkej\u00e4 muuton suunnitteluun.<\/p>\n<h2>Pyyd\u00e4 suunnitteluun apua<\/h2>\n<p>Kun muutat uuteen kotiin, moni asia voi muuttua. L\u00e4hiymp\u00e4rist\u00f6si saattaa muuttua. My\u00f6s ihmissuhteisiin ja harrastuksiin voi tulla muutoksia. Muuttoon liittyy my\u00f6s hoidettavia asioita.<\/p>\n<p>Siksi muuttaminen kannattaa suunnitella hyvin ja yhdess\u00e4 jonkun kanssa.<\/p>\n<p>Voit itse p\u00e4\u00e4tt\u00e4\u00e4, kenen kanssa suunnittelet muuttoasi. Hyvi\u00e4 tukihenkil\u00f6it\u00e4 ovat esimerkiksi kaverit, ohjaajat ja l\u00e4heiset ihmiset.<\/p>\n<p>Hyvinvointialue voi j\u00e4rjest\u00e4\u00e4 sinulle my\u00f6s palvelua, jonka nimi on valmennus. Valmennuksessa harjoitellaan itsen\u00e4isen el\u00e4m\u00e4n taitoja. Voit kysy\u00e4 valmennuksesta lis\u00e4\u00e4 esimerkiksi sosiaality\u00f6ntekij\u00e4lt\u00e4.<\/p>\n<p><strong>Pohdi:<\/strong><\/p>\n<ul>\n<li>Kenen kanssa haluat suunnitella muuttoa?<\/li>\n<li>Kuka voi tukea sinua muuton suunnittelussa ja muutossa?<\/li>\n<\/ul>\n<h2>Miten haluat asua?<\/h2>\n<p>Kun suunnittelet muuttoa uuteen kotiin, voit ensin pohtia, miten haluat asua.<\/p>\n<p>Voit mietti\u00e4 esimerkiksi seuraavia asioita:<\/p>\n<ul>\n<li>Millaisessa ymp\u00e4rist\u00f6ss\u00e4 haluat asua? Haluatko asua kaupungissa vai l\u00e4hell\u00e4 luontoa?<\/li>\n<li>Millaisessa talossa haluat asua? Haluatko asua esimerkiksi kerrostalossa vai rivitalossa?<\/li>\n<li>Kenen kanssa haluat asua? Haluatko asua yksin vai yhdess\u00e4 esimerkiksi kaverin tai kumppanin kanssa?<\/li>\n<li>Millaisen kodin haluat? Miten haluat esimerkiksi sisustaa asuntosi?<\/li>\n<\/ul>\n<p>Kun suunnittelet muuttoa, voit k\u00e4ytt\u00e4\u00e4 apuna N\u00e4in min\u00e4 haluan asua -lomaketta. Voit k\u00e4ytt\u00e4\u00e4 lomaketta yhdess\u00e4 tukihenkil\u00f6si kanssa.<\/p>\n<p><a href=\"https:\/\/verneri.net\/selko\/wp-content\/uploads\/sites\/2\/2025\/05\/nain-mina-haluan-asua-2020.pdf\" target=\"_blank\" rel=\"noopener\">Lataa N\u00e4in min\u00e4 haluan asua -lomake<\/a> (pdf-tiedosto)<\/p>\n<p>Muuttajan arki kuntoon -kuvassa on asioita, joita kannattaa mietti\u00e4 yhdess\u00e4 tukihenkil\u00f6n kanssa.<\/p>\n<p><a href=\"https:\/\/verneri.net\/selko\/wp-content\/uploads\/sites\/2\/2025\/05\/muuttajan-arki-kuntoon.pdf\" target=\"_blank\" rel=\"noopener\">Lataa Muuttajan arki kuntoon -kuva<\/a> (pdf-tiedosto)<\/p>\n<p class=\"materials__desc\">T\u00e4ytett\u00e4v\u00e4\u00e4n Muuttajan arki kuntoon -kuvaan voit kirjoittaa tai piirt\u00e4\u00e4 muuttamiseen liittyvi\u00e4 asioita.<\/p>\n<p><a href=\"https:\/\/verneri.net\/selko\/wp-content\/uploads\/sites\/2\/2025\/05\/muuttajan-arki-kuntoon-tyhja.pdf\" target=\"_blank\" rel=\"noopener\">Lataa t\u00e4ytett\u00e4v\u00e4 Muuttajan arki kuntoon -kuva<\/a> (pdf-tiedosto)<\/p>\n<h2>Millaista tukea tarvitset?<\/h2>\n<p>Kun suunnittelet muuttoa, voit pohtia millaista tukea tarvitset kotiin ja el\u00e4miseen.<\/p>\n<p>Voit mietti\u00e4 esimerkiksi seuraavia asioita:<\/p>\n<ul>\n<li>Tarvitsetko tukea esimerkiksi kodinhoitoon, ruuanlaittoon tai laskujen maksamiseen?<\/li>\n<li>Tarvitsetko tukea ihmisten tapaamiseen tai harrastamiseen?<\/li>\n<li>Mist\u00e4 tai kenelt\u00e4 voit saada tukea?<\/li>\n<li>Voitko saada tukea vaikkapa kaverilta, naapurilta tai j\u00e4rjest\u00f6st\u00e4?<\/li>\n<\/ul>\n<p>Kun pohdit tuen tarvettasi, voit k\u00e4ytt\u00e4\u00e4 apuna N\u00e4in min\u00e4 p\u00e4rj\u00e4\u00e4n -verkkolomaketta. Voit k\u00e4ytt\u00e4\u00e4 lomaketta yhdess\u00e4 tukihenkil\u00f6si kanssa.<\/p>\n<p><a href=\"https:\/\/verneri.net\/selko\/wp-content\/uploads\/sites\/2\/2025\/05\/nain-mina-parjaan.pdf\" target=\"_blank\" rel=\"noopener\">N\u00e4in min\u00e4 p\u00e4rj\u00e4\u00e4n<\/a> (pdf-tiedosto)<\/p>\n<h2>Juttele tunteistasi<\/h2>\n<p>Muuttaminen ja muuton suunnittelu voi her\u00e4tt\u00e4\u00e4 monenlaisia tunteita.<\/p>\n<p>Voit tuntea esimerkiksi<\/p>\n<ul>\n<li>iloa<\/li>\n<li>j\u00e4nnityst\u00e4<\/li>\n<li>pelkoa<\/li>\n<li>huolta<\/li>\n<li>ep\u00e4varmuutta.<\/li>\n<\/ul>\n<p>Mik\u00e4\u00e4n tunne ei ole koskaan v\u00e4\u00e4r\u00e4. Kaikille tunteilla kannattaa antaa aikaa ja niist\u00e4 kannattaa jutella yhdess\u00e4 tukihenkil\u00f6n ja l\u00e4heisten ihmisten kanssa.<\/p>\n<p>Muuttaminen voi her\u00e4tt\u00e4\u00e4 my\u00f6s monenlaisia kysymyksi\u00e4.<\/p>\n<p>Voit esimerkiksi mietti\u00e4:<\/p>\n<ul>\n<li>Olenko uudessa kodissa yksin\u00e4inen?<\/li>\n<li>Miten tutustun naapureihin?<\/li>\n<li>P\u00e4rj\u00e4\u00e4nk\u00f6 uudessa kodissa?<\/li>\n<li>Saanko tarpeeksi apua?<\/li>\n<li>Miten rahani riitt\u00e4v\u00e4t?<\/li>\n<\/ul>\n<p>Kaikista asioista kannattaa jutella tukihenkil\u00f6n ja l\u00e4heisten ihmisten kanssa. Voitte yhdess\u00e4 mietti\u00e4, miten asiat j\u00e4rjestyv\u00e4t uudessa kodissa. Voit kysy\u00e4 my\u00f6s aiemmin muuttaneilta kavereilta heid\u00e4n kokemuksistaan.<\/p>\n<h2>Tutustu uuteen kotiin<\/h2>\n<p>Kun tied\u00e4t, minne muutat, voit alkaa tutustua uuteen kotiisi ja kodin l\u00e4hiymp\u00e4rist\u00f6\u00f6n. Tutustu uuteen kotiisi yhdess\u00e4 tukihenkil\u00f6si kanssa.<\/p>\n<p>Voitte selvitt\u00e4\u00e4 yhdess\u00e4 esimerkiksi<\/p>\n<ul>\n<li>miss\u00e4 uusi kotisi sijaitsee?<\/li>\n<li>millaisessa talossa kotisi on?<\/li>\n<li>millaisia palveluita ja ulkoilualueita kotisi l\u00e4helle on?<\/li>\n<li>ketk\u00e4 ovat uusia naapureitasi?<\/li>\n<li>kenelt\u00e4 ja mist\u00e4 saat tukea?<\/li>\n<\/ul>\n<p>Voit vierailla uudessa kodissa ja tavata uusia naapureita sek\u00e4 ohjaajia etuk\u00e4teen.<\/p>\n<p>Voit k\u00e4yd\u00e4 my\u00f6s tutustumassa kotisi l\u00e4hialueiseen ja palveluihin etuk\u00e4teen.<\/p>\n<p>Voit k\u00e4yd\u00e4 esimerkiksi kotisi l\u00e4hell\u00e4 olevassa<\/p>\n<ul>\n<li>kaupassa<\/li>\n<li>kirjastossa<\/li>\n<li>liikuntapaikoissa<\/li>\n<li>terveyskeskuksessa.<\/li>\n<\/ul>\n<p>Voit selvitt\u00e4\u00e4 etuk\u00e4teen, miten kuljet uudesta kodistasi esimerkiksi kouluun, ty\u00f6paikalle tai harrastuksiin.<\/p>\n<h2>Tutustu naapureihin ja ohjaajiin<\/h2>\n<p>Kun muutat uuteen kotiin, tutustut todenn\u00e4k\u00f6isesti uusiin ihmisiin. Voit saada esimerkiksi uusia naapureita, kavereita ja ohjaajia.<\/p>\n<p>Voit tutustua uusiin naapureihin ja ohjaajiin jo ennen muuttoa.<\/p>\n<p>Kun tutustut uusiin ihmisiin, voit kertoa heille millainen olet ja miten tykk\u00e4\u00e4t asua ja el\u00e4\u00e4.<\/p>\n<p>Voit kertoa esimerkiksi<\/p>\n<ul>\n<li>mit\u00e4 opiskelet tai teet ty\u00f6ksesi<\/li>\n<li>mit\u00e4 harrastat tai teet vapaa-ajalla<\/li>\n<li>ketk\u00e4 ovat sinulle t\u00e4rkeit\u00e4 ihmisi\u00e4<\/li>\n<li>millaisista asioista unelmoit.<\/li>\n<\/ul>\n<h2>Saat apua k\u00e4yt\u00e4nn\u00f6n asioihin<\/h2>\n<p>Muuttamiseen liittyy monenlaisia k\u00e4yt\u00e4nn\u00f6n asioita.<\/p>\n<p>N\u00e4it\u00e4 voivat olla esimerkiksi<\/p>\n<ul>\n<li>pakkaaminen<\/li>\n<li>huonekalujen hankkiminen<\/li>\n<li>uuden kodin sisustaminen<\/li>\n<li>vuokrasopimuksen tekeminen<\/li>\n<li>s\u00e4hk\u00f6sopimuksen tekeminen<\/li>\n<li>kotivakuutuksen hankkiminen.<\/li>\n<\/ul>\n<p>Saat asioiden hoitamiseen apua tukihenkil\u00f6lt\u00e4si.<\/p>\n<h2>Omaan kotiin -opas<\/h2>\n<p>Kun valmistaudut muuttoon, voit k\u00e4ytt\u00e4\u00e4 apuna Omaan kotiin -opasta.<\/p>\n<p>Oppaassa on tietoa asumisesta ja muuttamisesta. Oppaassa on my\u00f6s teht\u00e4vi\u00e4. Voit k\u00e4ytt\u00e4\u00e4 opasta yhdess\u00e4 tukihenkil\u00f6si kanssa.<\/p>\n<p>Oppaan on tehnyt Kehitysvammaisten palvelus\u00e4\u00e4ti\u00f6.<\/p>\n<p><a href=\"https:\/\/tukena.fi\/wp-content\/uploads\/2024\/05\/Omaan-kotiin-netti.pdf\" target=\"_blank\" rel=\"noopener\">Lataa Omaan kotiin -opas<\/a> (tukena.fi)<\/p>\n<p><strong>Teksti:<\/strong> Jenni Sipil\u00e4, 2025<br \/>\n<strong>Kuva:<\/strong> Kimmo R\u00e4is\u00e4nen<\/p>\n<p><strong>Lue my\u00f6s:<\/strong><\/p>\n<ul>\n<li><a href=\"https:\/\/verneri.net\/selko\/hyvinvointi\/vammaisten-oikeudet\/oikeus-omannakoiseen-asumiseen\/\">Oikeus omann\u00e4k\u00f6iseen asumiseen<\/a><\/li>\n<li><a href=\"https:\/\/verneri.net\/selko\/hyvinvointi\/asuminen\/monta-tapaa-asua\/\">Monta tapaa asua<\/a><\/li>\n<li><a href=\"https:\/\/verneri.net\/selko\/hyvinvointi\/apua-ja-tukea-arkeen\/valmennus\/\">Valmennus<\/a><\/li>\n<li><a href=\"https:\/\/verneri.net\/selko\/hyvinvointi\/apua-ja-tukea-arkeen\/asumisen-tuki\/\" rel=\"noopener\">Asumisen tuki<\/a><\/li>\n<\/ul>\n","protected":false},"excerpt":{"rendered":"<p>Muuttaminen on iso ja t\u00e4rke\u00e4 asia. Siksi se kannattaa suunnitella hyvin. T\u00e4ll\u00e4 sivulla on vinkkej\u00e4 muuton suunnitteluun. Pyyd\u00e4 suunnitteluun apua [&hellip;]<\/p>\n","protected":false},"author":2,"featured_media":14883,"parent":19,"menu_order":13,"comment_status":"closed","ping_status":"closed","template":"","meta":{"_acf_changed":false,"footnotes":""},"class_list":["post-14588","page","type-page","status-publish","has-post-thumbnail","hentry"],"acf":[],"_links":{"self":[{"href":"https:\/\/verneri.net\/selko\/wp-json\/wp\/v2\/pages\/14588","targetHints":{"allow":["GET"]}}],"collection":[{"href":"https:\/\/verneri.net\/selko\/wp-json\/wp\/v2\/pages"}],"about":[{"href":"https:\/\/verneri.net\/selko\/wp-json\/wp\/v2\/types\/page"}],"author":[{"embeddable":true,"href":"https:\/\/verneri.net\/selko\/wp-json\/wp\/v2\/users\/2"}],"replies":[{"embeddable":true,"href":"https:\/\/verneri.net\/selko\/wp-json\/wp\/v2\/comments?post=14588"}],"version-history":[{"count":0,"href":"https:\/\/verneri.net\/selko\/wp-json\/wp\/v2\/pages\/14588\/revisions"}],"up":[{"embeddable":true,"href":"https:\/\/verneri.net\/selko\/wp-json\/wp\/v2\/pages\/19"}],"wp:featuredmedia":[{"embeddable":true,"href":"https:\/\/verneri.net\/selko\/wp-json\/wp\/v2\/media\/14883"}],"wp:attachment":[{"href":"https:\/\/verneri.net\/selko\/wp-json\/wp\/v2\/media?parent=14588"}],"curies":[{"name":"wp","href":"https:\/\/api.w.org\/{rel}","templated":true}]}}