{"id":14589,"date":"2025-03-16T08:31:14","date_gmt":"2025-03-16T06:31:14","guid":{"rendered":"http:\/\/localhost\/verneri\/selko-dev\/hyvinvointi\/asuminen\/nain-mina-asun\/mahdollisuus-paattaa-itse\/"},"modified":"2025-08-08T15:19:32","modified_gmt":"2025-08-08T12:19:32","slug":"mahdollisuus-paattaa-itse","status":"publish","type":"page","link":"https:\/\/verneri.net\/selko\/hyvinvointi\/asuminen\/nain-mina-asun\/mahdollisuus-paattaa-itse\/","title":{"rendered":"Mahdollisuus p\u00e4\u00e4tt\u00e4\u00e4 itse"},"content":{"rendered":"<p>Nimeni on Roosa. Olen 27-vuotias. Olen asunut omassa kodissa kaksi vuotta.<\/p>\n<p>T\u00e4rkeint\u00e4 minulle kodissa on oma rauha ja mahdollisuus p\u00e4\u00e4tt\u00e4\u00e4 itse asioistani.<\/p>\n<p>Lis\u00e4ksi minulle on t\u00e4rke\u00e4\u00e4, ett\u00e4 l\u00e4hell\u00e4 asuu kavereita ja tuttuja, ettei omassa kodissa tarvitse olla aina yksin.<\/p>\n<h2>Asumisharjoittelussa ryhm\u00e4kodissa<\/h2>\n<p>Asuin ennen vanhempieni ja sisarusteni kanssa. Minusta on kuitenkin t\u00e4rke\u00e4\u00e4 muuttaa pois lapsuuden kodista ja itsen\u00e4isty\u00e4.<\/p>\n<p>Kun muutin pois kotoani, kokeilin asumista kahdessa eri paikassa.<\/p>\n<p>Ensimm\u00e4inen asumisharjoittelu oli ryhm\u00e4kodissa. En viihtynyt siell\u00e4. Minun oli turha asua ryhm\u00e4kodissa, koska osaan hoitaa asioitani itsekin.<\/p>\n<p>Minulla ei ollut edes omaa asuntoa vaan pelkk\u00e4 huone. Muut tilat jaettiin asukkaiden kesken.<\/p>\n<p>Minua my\u00f6s kiusattiin ryhm\u00e4kodissa. Minulle naurettiin ja jos olin vessassa, toiset tulivat koputtamaan oveen, ett\u00e4 tule sielt\u00e4 pois. En saanut olla rauhassa edes vessassa.<\/p>\n<h2>Tyls\u00e4\u00e4 ja yksin\u00e4ist\u00e4<\/h2>\n<p>Muutin ryhm\u00e4kodista seuraavaan asuntoon, mutta asunnossa oli tyls\u00e4\u00e4 ja yksin\u00e4ist\u00e4. Ei ollut yht\u00e4\u00e4n kavereita.<\/p>\n<p>Naapurissa asui tuntemattomia ihmisi\u00e4. En viitsinyt menn\u00e4 koputtamaan heid\u00e4n oviaan, koska en tuntenut heit\u00e4.<\/p>\n<p>En my\u00f6sk\u00e4\u00e4n uskaltanut jutella heid\u00e4n kanssaan. Olen v\u00e4h\u00e4n ujo.<\/p>\n<h2>Sosiaality\u00f6ntekij\u00e4 kertoi tukiasunnosta<\/h2>\n<p>Nykyinen k\u00e4mpp\u00e4ni l\u00f6ytyi, kun sosiaality\u00f6ntekij\u00e4 kertoi uusista tukiasunnoista l\u00e4hell\u00e4 keskustaa.<\/p>\n<p>Sain tiet\u00e4\u00e4, ett\u00e4 siell\u00e4 olisi kavereita ja tutustumiseen saisi tukea. Sanoin, ett\u00e4 menn\u00e4\u00e4n sinne, muutan heti.<\/p>\n<p>Aluksi muuttaminen kyll\u00e4 j\u00e4nnitti.<\/p>\n<p>K\u00e4vimme tutustumassa muihin ennen muuttoa. Kun paikka tuli tutuksi, minusta olikin kiva muuttaa.<\/p>\n<h2>Tapaan naapureita asukastiloissa<\/h2>\n<p>Talossa, jossa nyt asun, asuu minulle t\u00e4rkeit\u00e4 kavereita. Osa heist\u00e4 on kehitysvammaisia ihmisi\u00e4 ja osa muita naapureita.<\/p>\n<p>Tapaan naapureita kerrostalon yhteisiss\u00e4 asukastiloissa.<\/p>\n<p>Olen saanut yhden naapurin koirastakin kaverin!<\/p>\n<p>Koirakaveri on minulle t\u00e4rke\u00e4. Siit\u00e4 tulee mieleen koirat, joita siskollani on.<\/p>\n<p>Talon alakerrassa on ryhm\u00e4koti. Siell\u00e4 on helppo k\u00e4yd\u00e4 moikkaamassa kavereita ja ohjaajia ty\u00f6p\u00e4iv\u00e4n j\u00e4lkeen.<\/p>\n<h2>Oman kodin rauha<\/h2>\n<p>T\u00e4rkeint\u00e4 kodissa on, ett\u00e4 voin itse p\u00e4\u00e4tt\u00e4\u00e4, milloin olen yksin ja milloin yhdess\u00e4 muiden kanssa.<\/p>\n<p>Tykk\u00e4\u00e4n ihmisist\u00e4, mutta jos on liikaa melua, se kuormittaa minua.<\/p>\n<p>Sen takia on kiva, kun on koti, jossa on oma rauha ja jossa voin olla yksin, kun haluan.<\/p>\n<h2>Tukea tarpeen mukaan<\/h2>\n<p>Saan asumiseen ja el\u00e4m\u00e4\u00e4n tukea.<\/p>\n<p>Tuki on minulle t\u00e4rke\u00e4\u00e4, koska minun on vaikea ymm\u00e4rt\u00e4\u00e4 hintoja kaupassa tai huolehtia omasta p\u00e4iv\u00e4rytmist\u00e4.<\/p>\n<p>My\u00f6s uusiin paikkoihin kulkeminen on minulle hankalaa. L\u00e4\u00e4k\u00e4riss\u00e4 taas en v\u00e4ltt\u00e4m\u00e4tt\u00e4 ymm\u00e4rr\u00e4 kaikkea.<\/p>\n<p>Minulla k\u00e4y tukiasumisen ohjaaja maanantaisin ja keskiviikkoisin. Ohjaaja tukee minua kotit\u00f6iss\u00e4, asioilla k\u00e4ymisess\u00e4 ja muissa toivomissani asioissa.<\/p>\n<p>Suunnittelen oman ohjaajani kanssa kuvallisen p\u00e4iv\u00e4ohjelman koko viikoksi. P\u00e4iv\u00e4ohjelman avulla tied\u00e4n, mit\u00e4 minun pit\u00e4\u00e4 tehd\u00e4.<\/p>\n<p>Kun oma ohjaajani on poissa, saan apua alakerran ryhm\u00e4kodista. Ryhm\u00e4kodin ohjaajilta voin hakea apua my\u00f6s y\u00f6aikaan, jos minulle tulee h\u00e4t\u00e4.<\/p>\n<p>Minulla k\u00e4y my\u00f6s henkil\u00f6kohtainen avustaja. H\u00e4nen kanssaan k\u00e4yn esimerkiksi ostoksilla ja k\u00e4velyll\u00e4.<\/p>\n<p>My\u00f6s omat vanhempani auttavat minua antamalla autokyytej\u00e4. \u00c4iti auttaa my\u00f6s raha-asioissa.<\/p>\n<h2>P\u00e4\u00e4t\u00e4n tekemisist\u00e4ni itse<\/h2>\n<p>Minulle on t\u00e4rke\u00e4\u00e4, ett\u00e4 saan p\u00e4\u00e4tt\u00e4\u00e4 tekemisist\u00e4ni itse.<\/p>\n<p>V\u00e4lill\u00e4 siivoan itse ja soitan \u00e4idille. Teen, mit\u00e4 milloinkin haluan tehd\u00e4.<\/p>\n<p>V\u00e4lill\u00e4 k\u00e4yn lenkill\u00e4, mutta se riippuu v\u00e4h\u00e4n s\u00e4\u00e4st\u00e4. Roskatkin vien tietysti, ettei ala haisemaan.<\/p>\n<p>On hyv\u00e4, kun voin tehd\u00e4 asiat omassa tahdissa ilman kiirett\u00e4.<\/p>\n<p>Minulla on ty\u00f6paikka vanhuspuolella. Saan siit\u00e4 palkkaa. Se on t\u00e4rke\u00e4\u00e4.<\/p>\n<p>Voin maksaa palkkarahoilla vuokrat ja s\u00e4hk\u00f6t ja omat ruoat. Lis\u00e4ksi voin ostaa jotain kivaa sill\u00e4, mit\u00e4 j\u00e4\u00e4 j\u00e4ljelle.<\/p>\n<p>Minulla on kaikki hyvin nyt. On oma k\u00e4mpp\u00e4 ja t\u00f6it\u00e4, ihan oikeita palkkat\u00f6it\u00e4.<\/p>\n<p>Mihink\u00e4\u00e4n en t\u00e4\u00e4lt\u00e4 l\u00e4hde.<\/p>\n<p><em>Tarina on julkaistu artikkelissa Oma koti, oma arki &#8211; Koti kehitysvammaisten nuorten aikuisten kokemana. <\/em><em>Tarinan kertojan nimi on muutettu.<\/em><\/p>\n<p><strong>L\u00e4hde: <\/strong>Rieppo, Susanna ja Miettinen, Sonja 2024: Oma koti, oma arki \u2013 Koti kehitysvammaisten nuorten aikuisten kokemana. Teoksessa Koti el\u00e4m\u00e4nkulussa. Toimitus Katja Maununaho, Jenni Kulmala ja Outi Jolanki. Jyv\u00e4skyl\u00e4n yliopisto.<\/p>\n","protected":false},"excerpt":{"rendered":"<p>Nimeni on Roosa. Olen 27-vuotias. Olen asunut omassa kodissa kaksi vuotta. T\u00e4rkeint\u00e4 minulle kodissa on oma rauha ja mahdollisuus p\u00e4\u00e4tt\u00e4\u00e4 [&hellip;]<\/p>\n","protected":false},"author":2,"featured_media":14659,"parent":128,"menu_order":11,"comment_status":"closed","ping_status":"closed","template":"","meta":{"_acf_changed":false,"footnotes":""},"class_list":["post-14589","page","type-page","status-publish","has-post-thumbnail","hentry"],"acf":[],"_links":{"self":[{"href":"https:\/\/verneri.net\/selko\/wp-json\/wp\/v2\/pages\/14589","targetHints":{"allow":["GET"]}}],"collection":[{"href":"https:\/\/verneri.net\/selko\/wp-json\/wp\/v2\/pages"}],"about":[{"href":"https:\/\/verneri.net\/selko\/wp-json\/wp\/v2\/types\/page"}],"author":[{"embeddable":true,"href":"https:\/\/verneri.net\/selko\/wp-json\/wp\/v2\/users\/2"}],"replies":[{"embeddable":true,"href":"https:\/\/verneri.net\/selko\/wp-json\/wp\/v2\/comments?post=14589"}],"version-history":[{"count":0,"href":"https:\/\/verneri.net\/selko\/wp-json\/wp\/v2\/pages\/14589\/revisions"}],"up":[{"embeddable":true,"href":"https:\/\/verneri.net\/selko\/wp-json\/wp\/v2\/pages\/128"}],"wp:featuredmedia":[{"embeddable":true,"href":"https:\/\/verneri.net\/selko\/wp-json\/wp\/v2\/media\/14659"}],"wp:attachment":[{"href":"https:\/\/verneri.net\/selko\/wp-json\/wp\/v2\/media?parent=14589"}],"curies":[{"name":"wp","href":"https:\/\/api.w.org\/{rel}","templated":true}]}}