{"id":14590,"date":"2025-03-16T08:32:48","date_gmt":"2025-03-16T06:32:48","guid":{"rendered":"http:\/\/localhost\/verneri\/selko-dev\/hyvinvointi\/asuminen\/nain-mina-asun\/vihdoin-uusi-koti\/"},"modified":"2025-12-05T11:44:50","modified_gmt":"2025-12-05T09:44:50","slug":"vihdoin-uusi-koti","status":"publish","type":"page","link":"https:\/\/verneri.net\/selko\/hyvinvointi\/asuminen\/nain-mina-asun\/vihdoin-uusi-koti\/","title":{"rendered":"Vihdoin uusi koti"},"content":{"rendered":"<p>Pudasj\u00e4rvell\u00e4 odotettiin monta vuotta uuden ryhm\u00e4kodin rakentamista. Nyt asukkailla on riitt\u00e4v\u00e4sti tilaa ja lyhyt matka asioille.<\/p>\n<h2>Uusi koti on mukavampi<\/h2>\n<p>Pudasj\u00e4rvell\u00e4 aloitti tammikuussa toimintansa uusi ryhm\u00e4koti Korte.<\/p>\n<p>Sen piti valmistua alun perin jo monta vuotta sitten.<\/p>\n<p>Viiv\u00e4stymisen takia asukkaat joutuivat v\u00e4liaikaisiin tiloihin syrj\u00e4iseen ja vanhaan terveyskeskukseen.<\/p>\n<p>Taimi Manninen kertoo, ett\u00e4 odottaminen tuntui ik\u00e4v\u00e4lt\u00e4.<\/p>\n<p>&#8221;Uusi koti on paljon mukavampi. Nyt minulla on oma terassi, josta n\u00e4kee suoraan torille&#8221;, Taimi sanoo.<\/p>\n<h2>Parasta on saunavuoro<\/h2>\n<p>Uudessa ryhm\u00e4kodissa asuu 15 henke\u00e4. Kaikilla on oma yksi\u00f6 tai kaksio. Lis\u00e4ksi on paljon yhteisi\u00e4 tiloja.<\/p>\n<p>Monen asukkaan mielest\u00e4 parasta on hieno esteet\u00f6n sauna.<\/p>\n<p>&#8221;Perjantaina on saunavuoro. Lis\u00e4ksi oman asunnon suihkussa voi k\u00e4yd\u00e4 aina, kun itse haluaa&#8221;, Marjaana Alatalo kertoo.<\/p>\n<p>Anja Ilveksen mielest\u00e4 oli mukavaa p\u00e4\u00e4st\u00e4 muuttamaan uuteen kotiin.<\/p>\n<p>&#8221;Olen viihtynyt ihan hyvin. Kivoin paikka on oleskeluhuone. Siell\u00e4 vietet\u00e4\u00e4n aikaan yhdess\u00e4. V\u00e4lill\u00e4 menen omaan huoneeseen katsomaan rauhassa televisiota&#8221;, Anja sanoo.<\/p>\n<h2>Lyhyt matka kauppaan<\/h2>\n<p>Riikka Saraj\u00e4rvi pit\u00e4\u00e4 kovasti uudesta kaksiostaan Kortteessa.<\/p>\n<p>&#8221;Minulla on nyt paljon tilaa. My\u00f6s oma keitti\u00f6 on kiva. Aion tehd\u00e4 itse ruokaa. Olen jo etsinyt reseptej\u00e4&#8221;, Riikka sanoo.<\/p>\n<p>Yhdess\u00e4 edunvalvojansa kanssa Riikka p\u00e4\u00e4tti hankkia pesukoneen. Nyt h\u00e4n pesee itse omat pyykkins\u00e4.<\/p>\n<p>Uusi ryhm\u00e4koti Korte sijaitsee ihan Pudasj\u00e4rven keskustassa.<\/p>\n<p>Riikan mielest\u00e4 sijainti on oikein hyv\u00e4.<\/p>\n<p>&#8221;P\u00e4\u00e4sen k\u00e4vellen joka paikkaan. K\u00e4velen itse ty\u00f6toimintaan. Lis\u00e4ksi voin k\u00e4yd\u00e4 kaupassa aina, kun tulee jokin ostos mieleen&#8221;, Riikka sanoo.<\/p>\n<h2>Ihmisi\u00e4 ja el\u00e4m\u00e4\u00e4<\/h2>\n<p>Marja Lohvansuu on vastuuyksikk\u00f6p\u00e4\u00e4llikk\u00f6 uudessa ryhm\u00e4koti Kortteessa. H\u00e4nen mielest\u00e4\u00e4n on t\u00e4rke\u00e4\u00e4, ett\u00e4 tukea tarvitsevat ihmiset asuvat l\u00e4hell\u00e4 kaikkia palveluita.<\/p>\n<p>&#8221;Asukkaat ovat itse toivoneet, ett\u00e4 koti on keskeisell\u00e4 paikalla. He l\u00e4htev\u00e4t aiempaa useammin ulos, kun ikkunasta n\u00e4kyy ihmisi\u00e4 ja el\u00e4m\u00e4\u00e4&#8221;, Marja-johtaja sanoo.<\/p>\n<p>Uuden ryhm\u00e4kodin valmistuminen on ollut iso asia koko paikkakunnalla. Monen ihmisen arki muuttui helpommaksi ja paremmaksi.<\/p>\n<p><strong>Teksti:<\/strong> Mari Vehmanen, 2024<br \/>\n<strong>Kuvat:<\/strong> Laura Vesa<\/p>\n<p>Juttu on julkaistu Leija-lehden numerossa 3\/2024.<\/p>\n","protected":false},"excerpt":{"rendered":"<p>Pudasj\u00e4rvell\u00e4 odotettiin monta vuotta uuden ryhm\u00e4kodin rakentamista. Nyt asukkailla on riitt\u00e4v\u00e4sti tilaa ja lyhyt matka asioille. Uusi koti on mukavampi [&hellip;]<\/p>\n","protected":false},"author":2,"featured_media":14623,"parent":128,"menu_order":11,"comment_status":"closed","ping_status":"closed","template":"","meta":{"_acf_changed":false,"footnotes":""},"class_list":["post-14590","page","type-page","status-publish","has-post-thumbnail","hentry"],"acf":[],"_links":{"self":[{"href":"https:\/\/verneri.net\/selko\/wp-json\/wp\/v2\/pages\/14590","targetHints":{"allow":["GET"]}}],"collection":[{"href":"https:\/\/verneri.net\/selko\/wp-json\/wp\/v2\/pages"}],"about":[{"href":"https:\/\/verneri.net\/selko\/wp-json\/wp\/v2\/types\/page"}],"author":[{"embeddable":true,"href":"https:\/\/verneri.net\/selko\/wp-json\/wp\/v2\/users\/2"}],"replies":[{"embeddable":true,"href":"https:\/\/verneri.net\/selko\/wp-json\/wp\/v2\/comments?post=14590"}],"version-history":[{"count":0,"href":"https:\/\/verneri.net\/selko\/wp-json\/wp\/v2\/pages\/14590\/revisions"}],"up":[{"embeddable":true,"href":"https:\/\/verneri.net\/selko\/wp-json\/wp\/v2\/pages\/128"}],"wp:featuredmedia":[{"embeddable":true,"href":"https:\/\/verneri.net\/selko\/wp-json\/wp\/v2\/media\/14623"}],"wp:attachment":[{"href":"https:\/\/verneri.net\/selko\/wp-json\/wp\/v2\/media?parent=14590"}],"curies":[{"name":"wp","href":"https:\/\/api.w.org\/{rel}","templated":true}]}}