{"id":14661,"date":"2025-03-24T13:51:34","date_gmt":"2025-03-24T11:51:34","guid":{"rendered":"http:\/\/localhost\/verneri\/selko-dev\/?page_id=14661"},"modified":"2025-12-04T09:44:20","modified_gmt":"2025-12-04T07:44:20","slug":"vinkit-instaliveen","status":"publish","type":"page","link":"https:\/\/verneri.net\/selko\/hyvinvointi\/digipalvelut\/vinkit-instaliveen\/","title":{"rendered":"Vinkit Instaliveen"},"content":{"rendered":"<p>Instagram on sosiaalisen median palvelu, jossa voit julkaista ja katsella kuvia sek\u00e4 videoita. Instagramissa voit tehd\u00e4 my\u00f6s live-l\u00e4hetyksi\u00e4.<\/p>\n<p>Lue vinkit oman Instaliven suunnitteluun.<\/p>\n<h2>Miksi teet liven?<\/h2>\n<p>Kun suunnittelet live\u00e4, mieti ensin, miksi teet liven.<\/p>\n<p>Haluatko esimerkiksi jutella muiden kanssa tai vaikuttaa johonkin sinulle t\u00e4rke\u00e4\u00e4 asiaan?<\/p>\n<h2>Mik\u00e4 on liven aihe?<\/h2>\n<p>Mieti my\u00f6s, mik\u00e4 on livesi aihe.<\/p>\n<p>Mit\u00e4 haluat kertoa liven osallistujille? Mist\u00e4 haluat jutella muiden kanssa?<\/p>\n<p>Liven aihe voi olla vaikkapa harrastus tai joku asia, johon haluat vaikuttaa.<\/p>\n<h2>Kenelle teet liven?<\/h2>\n<p>Mieti etuk\u00e4teen, kenelle teet liven.<\/p>\n<p>Ketk\u00e4 seuraavat sinua Instassa? Keille haluat puhua livesi aiheesta? Keihin haluat vaikuttaa?<\/p>\n<p>Liveen voivat osallistua Instatilisi seuraajat. He voivat kirjoittaa kommentteja tai tulla kanssasi jaettuun liveen. Jaetussa livess\u00e4 osallistujien kasvot n\u00e4kyv\u00e4t ruudulla ja \u00e4\u00e4ni kuuluu yleis\u00f6lle.<\/p>\n<p>Voit p\u00e4\u00e4tt\u00e4\u00e4 itse, otatko muita jaettuun liveen.<\/p>\n<h2>Mik\u00e4 on liven sis\u00e4lt\u00f6?<\/h2>\n<p>P\u00e4\u00e4t\u00e4 etuk\u00e4teen, mit\u00e4 teet livess\u00e4.<\/p>\n<p>Voit kertoa livess\u00e4 esimerkiksi kuulumisia, kokemuksia tai mielipiteit\u00e4.<\/p>\n<p>Livess\u00e4 voi j\u00e4rjest\u00e4\u00e4 my\u00f6s vaikkapa kilpailuja tai vastailla muiden kysymyksiin.<\/p>\n<p>Mieti etuk\u00e4teen, millaisia asioita haluat kertoa livess\u00e4. Kerro vain sellaisia asioita, jotka voit kertoa ihan kaikille. Livess\u00e4 ei kannata kertoa salaisuuksia.<\/p>\n<p>Muista my\u00f6s hyv\u00e4t k\u00e4yt\u00f6stavat. Puhu yst\u00e4v\u00e4llisesti ja kunnioita muita. Ket\u00e4\u00e4n ei saa kiusata, haukkua tai loukata.<\/p>\n<h2>Miss\u00e4 teet liven?<\/h2>\n<p>Live\u00e4 on mukava seurata, kun kasvot n\u00e4kyv\u00e4t ja \u00e4\u00e4ni kuuluu hyvin.<\/p>\n<p>\u00c4\u00e4nesi kuuluu hyvin, kun olet riitt\u00e4v\u00e4n l\u00e4hell\u00e4 k\u00e4nnykk\u00e4\u00e4, eik\u00e4 taustalla ole melua.<\/p>\n<p>Kasvosi n\u00e4kyv\u00e4t hyvin, kun k\u00e4nnykk\u00e4 on sopivan l\u00e4hell\u00e4 kasvoja ja oikealla korkeudella.<\/p>\n<p>Muista my\u00f6s riitt\u00e4v\u00e4 valo! Sijoita k\u00e4nnykk\u00e4 niin, ett\u00e4 valo tulee k\u00e4nnyk\u00e4n takaa kasvoja kohti.<\/p>\n<h2>Kuinka kauan live kest\u00e4\u00e4?<\/h2>\n<p>Mieti etuk\u00e4teen, mink\u00e4 pituisen liven teet.<\/p>\n<p>Instassa voi pit\u00e4\u00e4 jopa 4 tunnin liven.<\/p>\n<p>Jos haluat julkaista liven tallenteen, pid\u00e4 alle tunnin pituinen live.<\/p>\n<h2>Kenen kanssa voit harjoitella?<\/h2>\n<p>Kun suunnittelet live\u00e4, pyyd\u00e4 ihmeess\u00e4 apua. Yhdess\u00e4 tekem\u00e4ll\u00e4 ja kokeilemalla oppii parhaiten.<\/p>\n<p>Live\u00e4 kannattaa my\u00f6s harjoitella etuk\u00e4teen. Voit valita l\u00e4hetyksen yleis\u00f6n ennen liven aloittamista. Kun haluat harjoitella, valitse yleis\u00f6ksi harjoitus.<\/p>\n<h2>Muista my\u00f6s n\u00e4m\u00e4<\/h2>\n<p>Arki digitt\u00e4\u00e4 -hankkeen Instalivess\u00e4 jaettiin vinkkej\u00e4 oman liven tekemiseen.<\/p>\n<p>T\u00e4llaisia vinkit olivat:<\/p>\n<ul>\n<li>Olen pit\u00e4nyt piirustusliven ja lenkkiliven. -Katja<\/li>\n<li>Me ollaan kavereiden kanssa vaihdettu livess\u00e4 kuulumisia. -Janica<\/li>\n<li>Livess\u00e4 kannattaa olla asiallinen, ei saa haukkua toista. -Suvi<\/li>\n<li>Ei kannata kertoa livess\u00e4, miss\u00e4 asuu. -Janica<\/li>\n<li>Ei saa kertoa pankkitunnuksia. -Katja<\/li>\n<li>Ei saa antaa salasanoja. -Karoliina<\/li>\n<li>Live saattaa katketa, jos taustalta kuuluu musiikkia, tekij\u00e4noikeuksien takia. -Karoliina<\/li>\n<li>Ei saa puhua tuhmia. -Teemu<\/li>\n<li>Lataa k\u00e4nnykk\u00e4 ennen live\u00e4. -Katja<\/li>\n<\/ul>\n<p><strong>Teksti:<\/strong> Jenni Sipil\u00e4, 2023<\/p>\n","protected":false},"excerpt":{"rendered":"<p>Instagram on sosiaalisen median palvelu, jossa voit julkaista ja katsella kuvia sek\u00e4 videoita. Instagramissa voit tehd\u00e4 my\u00f6s live-l\u00e4hetyksi\u00e4. Lue vinkit [&hellip;]<\/p>\n","protected":false},"author":2,"featured_media":17480,"parent":23,"menu_order":57,"comment_status":"closed","ping_status":"closed","template":"","meta":{"_acf_changed":false,"footnotes":""},"class_list":["post-14661","page","type-page","status-publish","has-post-thumbnail","hentry"],"acf":[],"_links":{"self":[{"href":"https:\/\/verneri.net\/selko\/wp-json\/wp\/v2\/pages\/14661","targetHints":{"allow":["GET"]}}],"collection":[{"href":"https:\/\/verneri.net\/selko\/wp-json\/wp\/v2\/pages"}],"about":[{"href":"https:\/\/verneri.net\/selko\/wp-json\/wp\/v2\/types\/page"}],"author":[{"embeddable":true,"href":"https:\/\/verneri.net\/selko\/wp-json\/wp\/v2\/users\/2"}],"replies":[{"embeddable":true,"href":"https:\/\/verneri.net\/selko\/wp-json\/wp\/v2\/comments?post=14661"}],"version-history":[{"count":0,"href":"https:\/\/verneri.net\/selko\/wp-json\/wp\/v2\/pages\/14661\/revisions"}],"up":[{"embeddable":true,"href":"https:\/\/verneri.net\/selko\/wp-json\/wp\/v2\/pages\/23"}],"wp:featuredmedia":[{"embeddable":true,"href":"https:\/\/verneri.net\/selko\/wp-json\/wp\/v2\/media\/17480"}],"wp:attachment":[{"href":"https:\/\/verneri.net\/selko\/wp-json\/wp\/v2\/media?parent=14661"}],"curies":[{"name":"wp","href":"https:\/\/api.w.org\/{rel}","templated":true}]}}